{"id":7427,"date":"2026-02-06T19:01:03","date_gmt":"2026-02-06T18:01:03","guid":{"rendered":"https:\/\/coppelis.com\/fr\/?page_id=7427"},"modified":"2026-02-06T19:14:23","modified_gmt":"2026-02-06T18:14:23","slug":"planification-tournees","status":"publish","type":"page","link":"https:\/\/coppelis.com\/fr\/planification-tournees\/","title":{"rendered":"Planification de tourn\u00e9es : optimisation terrain assist\u00e9e par l\u2019IA | Coppelis"},"content":{"rendered":"<p>[et_pb_section fb_built=\u00a0\u00bb1&Prime; _builder_version=\u00a0\u00bb4.27.4&Prime; _module_preset=\u00a0\u00bbdefault\u00a0\u00bb global_colors_info=\u00a0\u00bb{}\u00a0\u00bb][et_pb_row column_structure=\u00a0\u00bb1_2,1_2&Prime; _builder_version=\u00a0\u00bb4.27.4&Prime; _module_preset=\u00a0\u00bbdefault\u00a0\u00bb global_colors_info=\u00a0\u00bb{}\u00a0\u00bb][et_pb_column type=\u00a0\u00bb1_2&Prime; _builder_version=\u00a0\u00bb4.27.4&Prime; _module_preset=\u00a0\u00bbdefault\u00a0\u00bb global_colors_info=\u00a0\u00bb{}\u00a0\u00bb][et_pb_text _builder_version=\u00a0\u00bb4.27.4&Prime; _module_preset=\u00a0\u00bbdefault\u00a0\u00bb header_font=\u00a0\u00bb|700|||||||\u00a0\u00bb header_font_size=\u00a0\u00bb40px\u00a0\u00bb global_colors_info=\u00a0\u00bb{}\u00a0\u00bb]<\/p>\n<h1 data-start=\"300\" data-end=\"382\">Planification de tourn\u00e9es: optimisez les d\u00e9placements et la performance terrain par l&rsquo;IA<\/h1>\n<p data-start=\"384\" data-end=\"672\">[\/et_pb_text][et_pb_text _builder_version=\u00a0\u00bb4.27.4&Prime; _module_preset=\u00a0\u00bbdefault\u00a0\u00bb hover_enabled=\u00a0\u00bb0&Prime; global_colors_info=\u00a0\u00bb{}\u00a0\u00bb sticky_enabled=\u00a0\u00bb0&Prime;]<\/p>\n<p data-start=\"5809\" data-end=\"6036\">La <strong data-start=\"5812\" data-end=\"5841\">planification de tourn\u00e9es<\/strong> est un \u00e9l\u00e9ment cl\u00e9 de la performance des \u00e9quipes terrain et de la <strong><a href=\"https:\/\/coppelis.com\/fr\/intervention-terrain\/\">gestion des interventions terrain<\/a><\/strong>. Une organisation inefficace des d\u00e9placements entra\u00eene des pertes de temps, des co\u00fbts \u00e9lev\u00e9s et une d\u00e9gradation de la qualit\u00e9 de service.<\/p>\n<p data-start=\"6038\" data-end=\"6167\">Coppelis vous permet de passer \u00e0 une <strong data-start=\"6075\" data-end=\"6118\">planification intelligente des tourn\u00e9es<\/strong>, align\u00e9e sur les contraintes r\u00e9elles du terrain.<\/p>\n<p>[\/et_pb_text][\/et_pb_column][et_pb_column type=\u00a0\u00bb1_2&Prime; _builder_version=\u00a0\u00bb4.27.4&Prime; _module_preset=\u00a0\u00bbdefault\u00a0\u00bb global_colors_info=\u00a0\u00bb{}\u00a0\u00bb][et_pb_image src=\u00a0\u00bbhttps:\/\/coppelis.com\/fr\/wp-content\/uploads\/sites\/2\/2025\/03\/planning800.png\u00a0\u00bb title_text=\u00a0\u00bbplanning800&Prime; _builder_version=\u00a0\u00bb4.27.4&Prime; _module_preset=\u00a0\u00bbdefault\u00a0\u00bb global_colors_info=\u00a0\u00bb{}\u00a0\u00bb][\/et_pb_image][\/et_pb_column][\/et_pb_row][\/et_pb_section][et_pb_section fb_built=\u00a0\u00bb1&Prime; _builder_version=\u00a0\u00bb4.27.4&Prime; _module_preset=\u00a0\u00bbdefault\u00a0\u00bb background_color=\u00a0\u00bbrgba(204,215,255,0.19)\u00a0\u00bb global_colors_info=\u00a0\u00bb{}\u00a0\u00bb][et_pb_row _builder_version=\u00a0\u00bb4.27.4&Prime; _module_preset=\u00a0\u00bbdefault\u00a0\u00bb global_colors_info=\u00a0\u00bb{}\u00a0\u00bb][et_pb_column type=\u00a0\u00bb4_4&Prime; _builder_version=\u00a0\u00bb4.27.4&Prime; _module_preset=\u00a0\u00bbdefault\u00a0\u00bb global_colors_info=\u00a0\u00bb{}\u00a0\u00bb][et_pb_text _builder_version=\u00a0\u00bb4.27.4&Prime; _module_preset=\u00a0\u00bbdefault\u00a0\u00bb global_colors_info=\u00a0\u00bb{}\u00a0\u00bb]<\/p>\n<h2 data-start=\"6174\" data-end=\"6230\">Pourquoi la planification de tourn\u00e9es est strat\u00e9gique<\/h2>\n<p data-start=\"6232\" data-end=\"6352\">La planification de tourn\u00e9es consiste \u00e0 organiser les d\u00e9placements et interventions des techniciens de mani\u00e8re optimale.<\/p>\n<p data-start=\"6354\" data-end=\"6389\">Une planification efficace permet :<\/p>\n<ul data-start=\"6390\" data-end=\"6570\">\n<li data-start=\"6390\" data-end=\"6428\">\n<p data-start=\"6392\" data-end=\"6428\">de r\u00e9duire les kilom\u00e8tres parcourus,<\/p>\n<\/li>\n<li data-start=\"6429\" data-end=\"6482\">\n<p data-start=\"6431\" data-end=\"6482\">d\u2019augmenter le nombre d\u2019interventions quotidiennes,<\/p>\n<\/li>\n<li data-start=\"6483\" data-end=\"6517\">\n<p data-start=\"6485\" data-end=\"6517\">de respecter les d\u00e9lais clients,<\/p>\n<\/li>\n<li data-start=\"6518\" data-end=\"6570\">\n<p data-start=\"6520\" data-end=\"6570\">d\u2019am\u00e9liorer les conditions de travail des \u00e9quipes.<\/p>\n<\/li>\n<\/ul>\n<p>[\/et_pb_text][\/et_pb_column][\/et_pb_row][\/et_pb_section][et_pb_section fb_built=\u00a0\u00bb1&Prime; _builder_version=\u00a0\u00bb4.27.4&Prime; _module_preset=\u00a0\u00bbdefault\u00a0\u00bb global_colors_info=\u00a0\u00bb{}\u00a0\u00bb][et_pb_row _builder_version=\u00a0\u00bb4.27.4&Prime; _module_preset=\u00a0\u00bbdefault\u00a0\u00bb global_colors_info=\u00a0\u00bb{}\u00a0\u00bb][et_pb_column type=\u00a0\u00bb4_4&Prime; _builder_version=\u00a0\u00bb4.27.4&Prime; _module_preset=\u00a0\u00bbdefault\u00a0\u00bb global_colors_info=\u00a0\u00bb{}\u00a0\u00bb][et_pb_text _builder_version=\u00a0\u00bb4.27.4&Prime; _module_preset=\u00a0\u00bbdefault\u00a0\u00bb global_colors_info=\u00a0\u00bb{}\u00a0\u00bb]<\/p>\n<h2 data-start=\"6577\" data-end=\"6645\">Les difficult\u00e9s concr\u00e8tes de la planification de tourn\u00e9es terrain<\/h2>\n<h3 data-start=\"6647\" data-end=\"6688\">Des tourn\u00e9es construites manuellement<\/h3>\n<p data-start=\"6689\" data-end=\"6717\">Les plannings manuels sont :<\/p>\n<ul data-start=\"6718\" data-end=\"6768\">\n<li data-start=\"6718\" data-end=\"6733\">\n<p data-start=\"6720\" data-end=\"6733\">chronophages,<\/p>\n<\/li>\n<li data-start=\"6734\" data-end=\"6744\">\n<p data-start=\"6736\" data-end=\"6744\">rigides,<\/p>\n<\/li>\n<li data-start=\"6745\" data-end=\"6768\">\n<p data-start=\"6747\" data-end=\"6768\">difficiles \u00e0 ajuster.<\/p>\n<\/li>\n<\/ul>\n<h3 data-start=\"6770\" data-end=\"6799\">Des contraintes multiples<\/h3>\n<p data-start=\"6800\" data-end=\"6829\">Il faut g\u00e9rer simultan\u00e9ment :<\/p>\n<ul data-start=\"6830\" data-end=\"6907\">\n<li data-start=\"6830\" data-end=\"6842\">\n<p data-start=\"6832\" data-end=\"6842\">distances,<\/p>\n<\/li>\n<li data-start=\"6843\" data-end=\"6865\">\n<p data-start=\"6845\" data-end=\"6865\">zones g\u00e9ographiques,<\/p>\n<\/li>\n<li data-start=\"6866\" data-end=\"6880\">\n<p data-start=\"6868\" data-end=\"6880\">comp\u00e9tences,<\/p>\n<\/li>\n<li data-start=\"6881\" data-end=\"6907\">\n<p data-start=\"6883\" data-end=\"6907\">plages horaires clients.<\/p>\n<\/li>\n<\/ul>\n<h3 data-start=\"6909\" data-end=\"6936\">La gestion des urgences<\/h3>\n<p data-start=\"6937\" data-end=\"7017\">Une intervention urgente mal int\u00e9gr\u00e9e peut d\u00e9sorganiser l\u2019ensemble des tourn\u00e9es.<\/p>\n<p>[\/et_pb_text][\/et_pb_column][\/et_pb_row][\/et_pb_section][et_pb_section fb_built=\u00a0\u00bb1&Prime; _builder_version=\u00a0\u00bb4.27.4&Prime; _module_preset=\u00a0\u00bbdefault\u00a0\u00bb background_color=\u00a0\u00bbrgba(117,174,240,0.22)\u00a0\u00bb global_colors_info=\u00a0\u00bb{}\u00a0\u00bb][et_pb_row _builder_version=\u00a0\u00bb4.27.4&Prime; _module_preset=\u00a0\u00bbdefault\u00a0\u00bb global_colors_info=\u00a0\u00bb{}\u00a0\u00bb][et_pb_column type=\u00a0\u00bb4_4&Prime; _builder_version=\u00a0\u00bb4.27.4&Prime; _module_preset=\u00a0\u00bbdefault\u00a0\u00bb global_colors_info=\u00a0\u00bb{}\u00a0\u00bb][et_pb_text _builder_version=\u00a0\u00bb4.27.4&Prime; _module_preset=\u00a0\u00bbdefault\u00a0\u00bb global_colors_info=\u00a0\u00bb{}\u00a0\u00bb]<\/p>\n<h2 data-start=\"7024\" data-end=\"7093\">Optimisation des tourn\u00e9es : passer \u00e0 une organisation intelligente<\/h2>\n<h3 data-start=\"7095\" data-end=\"7123\">Optimisation des trajets<\/h3>\n<p data-start=\"7124\" data-end=\"7160\">L\u2019optimisation des tourn\u00e9es permet :<\/p>\n<ul data-start=\"7161\" data-end=\"7260\">\n<li data-start=\"7161\" data-end=\"7200\">\n<p data-start=\"7163\" data-end=\"7200\">de limiter les d\u00e9placements inutiles,<\/p>\n<\/li>\n<li data-start=\"7201\" data-end=\"7230\">\n<p data-start=\"7203\" data-end=\"7230\">de r\u00e9duire les temps morts,<\/p>\n<\/li>\n<li data-start=\"7231\" data-end=\"7260\">\n<p data-start=\"7233\" data-end=\"7260\">d\u2019am\u00e9liorer la ponctualit\u00e9.<\/p>\n<\/li>\n<\/ul>\n<h3 data-start=\"7262\" data-end=\"7306\">Affectation intelligente des techniciens<\/h3>\n<p data-start=\"7307\" data-end=\"7348\">Chaque intervention est attribu\u00e9e selon :<\/p>\n<ul data-start=\"7349\" data-end=\"7406\">\n<li data-start=\"7349\" data-end=\"7367\">\n<p data-start=\"7351\" data-end=\"7367\">la localisation,<\/p>\n<\/li>\n<li data-start=\"7368\" data-end=\"7387\">\n<p data-start=\"7370\" data-end=\"7387\">la disponibilit\u00e9,<\/p>\n<\/li>\n<li data-start=\"7388\" data-end=\"7406\">\n<p data-start=\"7390\" data-end=\"7406\">les comp\u00e9tences.<\/p>\n<\/li>\n<\/ul>\n<p>[\/et_pb_text][\/et_pb_column][\/et_pb_row][\/et_pb_section][et_pb_section fb_built=\u00a0\u00bb1&Prime; _builder_version=\u00a0\u00bb4.27.4&Prime; _module_preset=\u00a0\u00bbdefault\u00a0\u00bb global_colors_info=\u00a0\u00bb{}\u00a0\u00bb][et_pb_row _builder_version=\u00a0\u00bb4.27.4&Prime; _module_preset=\u00a0\u00bbdefault\u00a0\u00bb global_colors_info=\u00a0\u00bb{}\u00a0\u00bb][et_pb_column type=\u00a0\u00bb4_4&Prime; _builder_version=\u00a0\u00bb4.27.4&Prime; _module_preset=\u00a0\u00bbdefault\u00a0\u00bb global_colors_info=\u00a0\u00bb{}\u00a0\u00bb][et_pb_text _builder_version=\u00a0\u00bb4.27.4&Prime; _module_preset=\u00a0\u00bbdefault\u00a0\u00bb global_colors_info=\u00a0\u00bb{}\u00a0\u00bb]<\/p>\n<h2 data-start=\"7413\" data-end=\"7482\">Planification de tourn\u00e9es assist\u00e9e par l\u2019intelligence artificielle<\/h2>\n<p data-start=\"7484\" data-end=\"7674\">La <strong data-start=\"7487\" data-end=\"7534\">planification de tourn\u00e9es assist\u00e9e par l\u2019IA<\/strong> permet d\u2019aller plus loin que l\u2019optimisation \u201cstatique\u201d. Elle aide \u00e0 construire des tourn\u00e9es <strong data-start=\"7627\" data-end=\"7639\">robustes<\/strong>, capables d\u2019absorber les impr\u00e9vus.<\/p>\n<h3 data-start=\"7676\" data-end=\"7727\">Optimiser selon plusieurs contraintes \u00e0 la fois<\/h3>\n<p data-start=\"7728\" data-end=\"7792\">L\u2019IA peut proposer des tourn\u00e9es en tenant compte simultan\u00e9ment :<\/p>\n<ul data-start=\"7793\" data-end=\"7939\">\n<li data-start=\"7793\" data-end=\"7828\">\n<p data-start=\"7795\" data-end=\"7828\">des distances et temps de trajet,<\/p>\n<\/li>\n<li data-start=\"7829\" data-end=\"7864\">\n<p data-start=\"7831\" data-end=\"7864\">des contraintes horaires clients,<\/p>\n<\/li>\n<li data-start=\"7865\" data-end=\"7892\">\n<p data-start=\"7867\" data-end=\"7892\">des comp\u00e9tences requises,<\/p>\n<\/li>\n<li data-start=\"7893\" data-end=\"7909\">\n<p data-start=\"7895\" data-end=\"7909\">des priorit\u00e9s,<\/p>\n<\/li>\n<li data-start=\"7910\" data-end=\"7939\">\n<p data-start=\"7912\" data-end=\"7939\">de l\u2019\u00e9quilibrage de charge.<\/p>\n<\/li>\n<\/ul>\n<h3 data-start=\"7941\" data-end=\"7981\">Ajuster en temps r\u00e9el en cas d\u2019al\u00e9as<\/h3>\n<p data-start=\"7982\" data-end=\"8103\">Si une intervention prend plus de temps, si un technicien est indisponible ou si une urgence arrive, l\u2019IA peut sugg\u00e9rer :<\/p>\n<ul data-start=\"8104\" data-end=\"8212\">\n<li data-start=\"8104\" data-end=\"8136\">\n<p data-start=\"8106\" data-end=\"8136\">une replanification partielle,<\/p>\n<\/li>\n<li data-start=\"8137\" data-end=\"8170\">\n<p data-start=\"8139\" data-end=\"8170\">un r\u00e9\u00e9quilibrage de la tourn\u00e9e,<\/p>\n<\/li>\n<li data-start=\"8171\" data-end=\"8212\">\n<p data-start=\"8173\" data-end=\"8212\">une alternative qui limite les retards.<\/p>\n<\/li>\n<\/ul>\n<h3 data-start=\"8214\" data-end=\"8246\">Aider les managers \u00e0 d\u00e9cider<\/h3>\n<p data-start=\"8247\" data-end=\"8261\">L\u2019IA apporte :<\/p>\n<ul data-start=\"8262\" data-end=\"8430\">\n<li data-start=\"8262\" data-end=\"8297\">\n<p data-start=\"8264\" data-end=\"8297\">des recommandations actionnables,<\/p>\n<\/li>\n<li data-start=\"8298\" data-end=\"8378\">\n<p data-start=\"8300\" data-end=\"8378\">des simulations de sc\u00e9narios (impact d\u2019une urgence, changement d\u2019affectation),<\/p>\n<\/li>\n<li data-start=\"8379\" data-end=\"8430\">\n<p data-start=\"8381\" data-end=\"8430\">une vision plus pr\u00e9dictive de la journ\u00e9e terrain.<\/p>\n<\/li>\n<\/ul>\n<p>[\/et_pb_text][\/et_pb_column][\/et_pb_row][\/et_pb_section][et_pb_section fb_built=\u00a0\u00bb1&Prime; _builder_version=\u00a0\u00bb4.27.4&Prime; _module_preset=\u00a0\u00bbdefault\u00a0\u00bb background_color=\u00a0\u00bbrgba(117,174,240,0.17)\u00a0\u00bb global_colors_info=\u00a0\u00bb{}\u00a0\u00bb][et_pb_row _builder_version=\u00a0\u00bb4.27.4&Prime; _module_preset=\u00a0\u00bbdefault\u00a0\u00bb global_colors_info=\u00a0\u00bb{}\u00a0\u00bb][et_pb_column type=\u00a0\u00bb4_4&Prime; _builder_version=\u00a0\u00bb4.27.4&Prime; _module_preset=\u00a0\u00bbdefault\u00a0\u00bb global_colors_info=\u00a0\u00bb{}\u00a0\u00bb][et_pb_text _builder_version=\u00a0\u00bb4.27.4&Prime; _module_preset=\u00a0\u00bbdefault\u00a0\u00bb hover_enabled=\u00a0\u00bb0&Prime; global_colors_info=\u00a0\u00bb{}\u00a0\u00bb sticky_enabled=\u00a0\u00bb0&Prime;]<\/p>\n<h2 data-start=\"8437\" data-end=\"8498\">Comment Coppelis optimise la planification de vos tourn\u00e9es<\/h2>\n<h3 data-start=\"8500\" data-end=\"8531\">Automatisation intelligente<\/h3>\n<ul data-start=\"8532\" data-end=\"8630\">\n<li data-start=\"8532\" data-end=\"8558\">\n<p data-start=\"8534\" data-end=\"8558\">g\u00e9n\u00e9ration des tourn\u00e9es,<\/p>\n<\/li>\n<li data-start=\"8559\" data-end=\"8600\">\n<p data-start=\"8561\" data-end=\"8600\">prise en compte des contraintes m\u00e9tier,<\/p>\n<\/li>\n<li data-start=\"8601\" data-end=\"8630\">\n<p data-start=\"8603\" data-end=\"8630\">gain de temps significatif.<\/p>\n<\/li>\n<\/ul>\n<h3 data-start=\"8632\" data-end=\"8660\">Ajustement en temps r\u00e9el<\/h3>\n<ul data-start=\"8661\" data-end=\"8764\">\n<li data-start=\"8661\" data-end=\"8688\">\n<p data-start=\"8663\" data-end=\"8688\">int\u00e9gration des urgences,<\/p>\n<\/li>\n<li data-start=\"8689\" data-end=\"8728\">\n<p data-start=\"8691\" data-end=\"8728\">replanification sans d\u00e9sorganisation,<\/p>\n<\/li>\n<li data-start=\"8729\" data-end=\"8764\">\n<p data-start=\"8731\" data-end=\"8764\">visibilit\u00e9 imm\u00e9diate des impacts.<\/p>\n<\/li>\n<\/ul>\n<h3 data-start=\"8766\" data-end=\"8787\">Pilotage et suivi<\/h3>\n<ul data-start=\"8788\" data-end=\"8878\">\n<li data-start=\"8788\" data-end=\"8815\">\n<p data-start=\"8790\" data-end=\"8815\">vue globale des tourn\u00e9es,<\/p>\n<\/li>\n<li data-start=\"8816\" data-end=\"8840\">\n<p data-start=\"8818\" data-end=\"8840\">suivi de l\u2019avancement des <strong><a href=\"https:\/\/coppelis.com\/fr\/intervention-terrain\/\">interventions terrain,<\/a><\/strong><\/p>\n<\/li>\n<li data-start=\"8841\" data-end=\"8878\">\n<p data-start=\"8843\" data-end=\"8878\">indicateurs de performance fiables.<\/p>\n<\/li>\n<\/ul>\n<hr data-start=\"8880\" data-end=\"8883\" \/>\n<h2 data-start=\"8885\" data-end=\"8931\">Cas d\u2019usage de la planification de tourn\u00e9es<\/h2>\n<ul data-start=\"8933\" data-end=\"9043\">\n<li data-start=\"8933\" data-end=\"8963\">\n<p data-start=\"8935\" data-end=\"8963\">Tourn\u00e9es multi-techniciens<\/p>\n<\/li>\n<li data-start=\"8964\" data-end=\"8996\">\n<p data-start=\"8966\" data-end=\"8996\">Zones g\u00e9ographiques \u00e9tendues<\/p>\n<\/li>\n<li data-start=\"8997\" data-end=\"9016\">\n<p data-start=\"8999\" data-end=\"9016\">Pics d\u2019activit\u00e9<\/p>\n<\/li>\n<li data-start=\"9017\" data-end=\"9043\">\n<p data-start=\"9019\" data-end=\"9043\">Interventions urgentes<\/p>\n<\/li>\n<\/ul>\n<p>[\/et_pb_text][\/et_pb_column][\/et_pb_row][\/et_pb_section][et_pb_section fb_built=\u00a0\u00bb1&Prime; _builder_version=\u00a0\u00bb4.27.4&Prime; _module_preset=\u00a0\u00bbdefault\u00a0\u00bb global_colors_info=\u00a0\u00bb{}\u00a0\u00bb][et_pb_row _builder_version=\u00a0\u00bb4.27.4&Prime; _module_preset=\u00a0\u00bbdefault\u00a0\u00bb global_colors_info=\u00a0\u00bb{}\u00a0\u00bb][et_pb_column type=\u00a0\u00bb4_4&Prime; _builder_version=\u00a0\u00bb4.27.4&Prime; _module_preset=\u00a0\u00bbdefault\u00a0\u00bb global_colors_info=\u00a0\u00bb{}\u00a0\u00bb][et_pb_text _builder_version=\u00a0\u00bb4.27.4&Prime; _module_preset=\u00a0\u00bbdefault\u00a0\u00bb global_colors_info=\u00a0\u00bb{}\u00a0\u00bb]<\/p>\n<h2 data-start=\"9050\" data-end=\"9120\">Pourquoi un logiciel de planification de tourn\u00e9es est indispensable<\/h2>\n<p data-start=\"9122\" data-end=\"9175\">Un <strong data-start=\"9125\" data-end=\"9166\">logiciel de planification de tourn\u00e9es<\/strong> permet :<\/p>\n<ul data-start=\"9176\" data-end=\"9336\">\n<li data-start=\"9176\" data-end=\"9202\">\n<p data-start=\"9178\" data-end=\"9202\">une organisation fiable,<\/p>\n<\/li>\n<li data-start=\"9203\" data-end=\"9232\">\n<p data-start=\"9205\" data-end=\"9232\">une meilleure coordination,<\/p>\n<\/li>\n<li data-start=\"9233\" data-end=\"9280\">\n<p data-start=\"9235\" data-end=\"9280\">des d\u00e9cisions bas\u00e9es sur des donn\u00e9es r\u00e9elles,<\/p>\n<\/li>\n<li data-start=\"9281\" data-end=\"9336\">\n<p data-start=\"9283\" data-end=\"9336\">une optimisation durable, au-del\u00e0 des outils manuels.<\/p>\n<\/li>\n<\/ul>\n<hr data-start=\"9338\" data-end=\"9341\" \/>\n<h2 data-start=\"9343\" data-end=\"9370\">Les b\u00e9n\u00e9fices mesurables<\/h2>\n<ul data-start=\"9372\" data-end=\"9568\">\n<li data-start=\"9372\" data-end=\"9413\">\n<p data-start=\"9374\" data-end=\"9413\">R\u00e9duction des kilom\u00e8tres parcourus<\/p>\n<\/li>\n<li data-start=\"9414\" data-end=\"9451\">\n<p data-start=\"9416\" data-end=\"9451\">Gain de temps pour les \u00e9quipes<\/p>\n<\/li>\n<li data-start=\"9452\" data-end=\"9493\">\n<p data-start=\"9454\" data-end=\"9493\">Diminution des co\u00fbts op\u00e9rationnels<\/p>\n<\/li>\n<li data-start=\"9494\" data-end=\"9531\">\n<p data-start=\"9496\" data-end=\"9531\">Plus d\u2019interventions r\u00e9alis\u00e9es<\/p>\n<\/li>\n<li data-start=\"9532\" data-end=\"9568\">\n<p data-start=\"9534\" data-end=\"9568\">Satisfaction client renforc\u00e9e<\/p>\n<\/li>\n<\/ul>\n<p>[\/et_pb_text][\/et_pb_column][\/et_pb_row][\/et_pb_section][et_pb_section fb_built=\u00a0\u00bb1&Prime; _builder_version=\u00a0\u00bb4.27.4&Prime; _module_preset=\u00a0\u00bbdefault\u00a0\u00bb global_colors_info=\u00a0\u00bb{}\u00a0\u00bb][et_pb_row _builder_version=\u00a0\u00bb4.27.4&Prime; _module_preset=\u00a0\u00bbdefault\u00a0\u00bb global_colors_info=\u00a0\u00bb{}\u00a0\u00bb][et_pb_column type=\u00a0\u00bb4_4&Prime; _builder_version=\u00a0\u00bb4.27.4&Prime; _module_preset=\u00a0\u00bbdefault\u00a0\u00bb global_colors_info=\u00a0\u00bb{}\u00a0\u00bb][et_pb_text _builder_version=\u00a0\u00bb4.27.4&Prime; _module_preset=\u00a0\u00bbdefault\u00a0\u00bb hover_enabled=\u00a0\u00bb0&Prime; global_colors_info=\u00a0\u00bb{}\u00a0\u00bb sticky_enabled=\u00a0\u00bb0&Prime;]<\/p>\n<h2 data-start=\"9575\" data-end=\"9609\">FAQ \u2013 Planification de tourn\u00e9es<\/h2>\n<p data-start=\"9611\" data-end=\"9787\"><strong data-start=\"9611\" data-end=\"9659\">Qu\u2019est-ce que la planification de tourn\u00e9es ?<\/strong><br data-start=\"9659\" data-end=\"9662\" \/>La planification de tourn\u00e9es organise les d\u00e9placements des \u00e9quipes terrain pour optimiser temps, co\u00fbts et qualit\u00e9 de service. Elle permet le pilotage des interventions terrain.<\/p>\n<p data-start=\"9789\" data-end=\"9963\"><strong data-start=\"9789\" data-end=\"9841\">Comment optimiser les tourn\u00e9es des techniciens ?<\/strong><br data-start=\"9841\" data-end=\"9844\" \/>Avec une solution d\u00e9di\u00e9e capable de planifier automatiquement et d\u2019ajuster en temps r\u00e9el selon les contraintes terrain.<\/p>\n<p data-start=\"9965\" data-end=\"10160\"><strong data-start=\"9965\" data-end=\"10024\">L\u2019IA est-elle utile pour la planification de tourn\u00e9es ?<\/strong><br data-start=\"10024\" data-end=\"10027\" \/>Oui, si elle aide concr\u00e8tement : optimisation multi-contraintes, replanification en cas d\u2019impr\u00e9vu, recommandations pour les managers.<\/p>\n<p data-start=\"10162\" data-end=\"10292\"><strong data-start=\"10162\" data-end=\"10205\">Pourquoi Excel n\u2019est-il pas suffisant ?<\/strong><br data-start=\"10205\" data-end=\"10208\" \/>Excel ne permet ni l\u2019optimisation intelligente ni la gestion dynamique des impr\u00e9vus.<\/p>\n<p>[\/et_pb_text][\/et_pb_column][\/et_pb_row][\/et_pb_section][et_pb_section fb_built=\u00a0\u00bb1&Prime; _builder_version=\u00a0\u00bb4.16&Prime; _module_preset=\u00a0\u00bbdefault\u00a0\u00bb background_color=\u00a0\u00bb#29475F\u00a0\u00bb custom_margin=\u00a0\u00bb24px|||||\u00a0\u00bb custom_padding=\u00a0\u00bb0px||0px|||\u00a0\u00bb locked=\u00a0\u00bboff\u00a0\u00bb global_colors_info=\u00a0\u00bb{}\u00a0\u00bb][et_pb_row column_structure=\u00a0\u00bb2_3,1_3&Prime; _builder_version=\u00a0\u00bb4.16&Prime; _module_preset=\u00a0\u00bbdefault\u00a0\u00bb global_colors_info=\u00a0\u00bb{}\u00a0\u00bb][et_pb_column type=\u00a0\u00bb2_3&Prime; _builder_version=\u00a0\u00bb4.16&Prime; _module_preset=\u00a0\u00bbdefault\u00a0\u00bb global_colors_info=\u00a0\u00bb{}\u00a0\u00bb][et_pb_text _builder_version=\u00a0\u00bb4.27.4&Prime; _module_preset=\u00a0\u00bbdefault\u00a0\u00bb background_layout=\u00a0\u00bbdark\u00a0\u00bb min_height=\u00a0\u00bb37.6px\u00a0\u00bb custom_margin=\u00a0\u00bb|-103px||||\u00a0\u00bb custom_padding=\u00a0\u00bb3px|8px|0px|||\u00a0\u00bb locked=\u00a0\u00bboff\u00a0\u00bb global_colors_info=\u00a0\u00bb{}\u00a0\u00bb]<\/p>\n<h2>Optimisez d\u00e8s maintenant votre planification de tourn\u00e9es<\/h2>\n<p data-start=\"5563\" data-end=\"5654\">D\u00e9couvrez comment Coppelis am\u00e9liore durablement l\u2019organisation de vos \u00e9quipes terrain.<\/p>\n<p>[\/et_pb_text][\/et_pb_column][et_pb_column type=\u00a0\u00bb1_3&Prime; _builder_version=\u00a0\u00bb4.16&Prime; _module_preset=\u00a0\u00bbdefault\u00a0\u00bb global_colors_info=\u00a0\u00bb{}\u00a0\u00bb][et_pb_cta button_url=\u00a0\u00bbhttps:\/\/coppelis.com\/contactus\/\u00a0\u00bb button_text=\u00a0\u00bbContactez-nous !\u00a0\u00bb _builder_version=\u00a0\u00bb4.16&Prime; background_color=\u00a0\u00bbrgba(0,0,0,0)\u00a0\u00bb custom_padding=\u00a0\u00bb0px|||||\u00a0\u00bb locked=\u00a0\u00bboff\u00a0\u00bb global_colors_info=\u00a0\u00bb{}\u00a0\u00bb button_text_size__hover_enabled=\u00a0\u00bboff\u00a0\u00bb button_one_text_size__hover_enabled=\u00a0\u00bboff\u00a0\u00bb button_two_text_size__hover_enabled=\u00a0\u00bboff\u00a0\u00bb button_text_color__hover_enabled=\u00a0\u00bboff\u00a0\u00bb button_one_text_color__hover_enabled=\u00a0\u00bboff\u00a0\u00bb button_two_text_color__hover_enabled=\u00a0\u00bboff\u00a0\u00bb button_border_width__hover_enabled=\u00a0\u00bboff\u00a0\u00bb button_one_border_width__hover_enabled=\u00a0\u00bboff\u00a0\u00bb button_two_border_width__hover_enabled=\u00a0\u00bboff\u00a0\u00bb button_border_color__hover_enabled=\u00a0\u00bboff\u00a0\u00bb button_one_border_color__hover_enabled=\u00a0\u00bboff\u00a0\u00bb button_two_border_color__hover_enabled=\u00a0\u00bboff\u00a0\u00bb button_border_radius__hover_enabled=\u00a0\u00bboff\u00a0\u00bb button_one_border_radius__hover_enabled=\u00a0\u00bboff\u00a0\u00bb button_two_border_radius__hover_enabled=\u00a0\u00bboff\u00a0\u00bb button_letter_spacing__hover_enabled=\u00a0\u00bboff\u00a0\u00bb button_one_letter_spacing__hover_enabled=\u00a0\u00bboff\u00a0\u00bb button_two_letter_spacing__hover_enabled=\u00a0\u00bboff\u00a0\u00bb button_bg_color__hover_enabled=\u00a0\u00bboff\u00a0\u00bb button_one_bg_color__hover_enabled=\u00a0\u00bboff\u00a0\u00bb button_two_bg_color__hover_enabled=\u00a0\u00bboff\u00a0\u00bb][\/et_pb_cta][\/et_pb_column][\/et_pb_row][\/et_pb_section]<\/p>\n","protected":false},"excerpt":{"rendered":"<p>Am\u00e9liorez la planification de vos tourn\u00e9es terrain avec une optimisation intelligente assist\u00e9e par l\u2019IA. Moins de kilom\u00e8tres, plus d\u2019interventions.<\/p>\n","protected":false},"author":1,"featured_media":0,"parent":0,"menu_order":0,"comment_status":"closed","ping_status":"closed","template":"","meta":{"_et_pb_use_builder":"on","_et_pb_old_content":"","_et_gb_content_width":"","footnotes":""},"class_list":["post-7427","page","type-page","status-publish","hentry"],"_links":{"self":[{"href":"https:\/\/coppelis.com\/fr\/wp-json\/wp\/v2\/pages\/7427","targetHints":{"allow":["GET"]}}],"collection":[{"href":"https:\/\/coppelis.com\/fr\/wp-json\/wp\/v2\/pages"}],"about":[{"href":"https:\/\/coppelis.com\/fr\/wp-json\/wp\/v2\/types\/page"}],"author":[{"embeddable":true,"href":"https:\/\/coppelis.com\/fr\/wp-json\/wp\/v2\/users\/1"}],"replies":[{"embeddable":true,"href":"https:\/\/coppelis.com\/fr\/wp-json\/wp\/v2\/comments?post=7427"}],"version-history":[{"count":10,"href":"https:\/\/coppelis.com\/fr\/wp-json\/wp\/v2\/pages\/7427\/revisions"}],"predecessor-version":[{"id":7446,"href":"https:\/\/coppelis.com\/fr\/wp-json\/wp\/v2\/pages\/7427\/revisions\/7446"}],"wp:attachment":[{"href":"https:\/\/coppelis.com\/fr\/wp-json\/wp\/v2\/media?parent=7427"}],"curies":[{"name":"wp","href":"https:\/\/api.w.org\/{rel}","templated":true}]}}