{"id":7414,"date":"2026-02-06T19:01:20","date_gmt":"2026-02-06T18:01:20","guid":{"rendered":"https:\/\/coppelis.com\/fr\/?page_id=7414"},"modified":"2026-02-13T12:44:52","modified_gmt":"2026-02-13T11:44:52","slug":"intervention-terrain","status":"publish","type":"page","link":"https:\/\/coppelis.com\/fr\/intervention-terrain\/","title":{"rendered":"Intervention terrain : planification intelligente &#038; optimisation | Coppelis"},"content":{"rendered":"\n[et_pb_section fb_built=\u00a0\u00bb1&Prime; _builder_version=\u00a0\u00bb4.27.4&Prime; _module_preset=\u00a0\u00bbdefault\u00a0\u00bb global_colors_info=\u00a0\u00bb{}\u00a0\u00bb][et_pb_row column_structure=\u00a0\u00bb1_2,1_2&Prime; _builder_version=\u00a0\u00bb4.27.4&Prime; _module_preset=\u00a0\u00bbdefault\u00a0\u00bb global_colors_info=\u00a0\u00bb{}\u00a0\u00bb][et_pb_column type=\u00a0\u00bb1_2&Prime; _builder_version=\u00a0\u00bb4.27.4&Prime; _module_preset=\u00a0\u00bbdefault\u00a0\u00bb global_colors_info=\u00a0\u00bb{}\u00a0\u00bb][et_pb_text _builder_version=\u00a0\u00bb4.27.4&Prime; _module_preset=\u00a0\u00bbdefault\u00a0\u00bb header_font=\u00a0\u00bb|700|||||||\u00a0\u00bb header_font_size=\u00a0\u00bb40px\u00a0\u00bb global_colors_info=\u00a0\u00bb{}\u00a0\u00bb]<h1 data-start=\"300\" data-end=\"382\">Intervention terrain : optimisez la planification et le suivi de vos op\u00e9rations par l&rsquo;IA<\/h1>\n<p data-start=\"384\" data-end=\"672\"><\/p>[\/et_pb_text][et_pb_text _builder_version=\u00a0\u00bb4.27.4&Prime; _module_preset=\u00a0\u00bbdefault\u00a0\u00bb global_colors_info=\u00a0\u00bb{}\u00a0\u00bb]<p data-start=\"384\" data-end=\"672\">La gestion des <strong data-start=\"399\" data-end=\"424\">interventions terrain<\/strong> est un enjeu strat\u00e9gique pour les entreprises disposant d\u2019\u00e9quipes mobiles. Maintenance, d\u00e9pannage, services techniques ou op\u00e9rations sur site : sans organisation adapt\u00e9e, les retards, les surco\u00fbts et l\u2019insatisfaction client deviennent in\u00e9vitables.<\/p>\n<p data-start=\"674\" data-end=\"818\">Coppelis vous aide \u00e0 <strong data-start=\"695\" data-end=\"756\">planifier, piloter et optimiser vos interventions terrain<\/strong>, avec une approche concr\u00e8te, orient\u00e9e r\u00e9alit\u00e9 op\u00e9rationnelle.<\/p>[\/et_pb_text][\/et_pb_column][et_pb_column type=\u00a0\u00bb1_2&Prime; _builder_version=\u00a0\u00bb4.27.4&Prime; _module_preset=\u00a0\u00bbdefault\u00a0\u00bb global_colors_info=\u00a0\u00bb{}\u00a0\u00bb][et_pb_image src=\u00a0\u00bbhttps:\/\/coppelis.com\/fr\/wp-content\/uploads\/sites\/2\/2025\/03\/planning800.png\u00a0\u00bb title_text=\u00a0\u00bbplanning800&Prime; _builder_version=\u00a0\u00bb4.27.4&Prime; _module_preset=\u00a0\u00bbdefault\u00a0\u00bb global_colors_info=\u00a0\u00bb{}\u00a0\u00bb][\/et_pb_image][\/et_pb_column][\/et_pb_row][\/et_pb_section][et_pb_section fb_built=\u00a0\u00bb1&Prime; _builder_version=\u00a0\u00bb4.27.4&Prime; _module_preset=\u00a0\u00bbdefault\u00a0\u00bb background_color=\u00a0\u00bbrgba(204,215,255,0.19)\u00a0\u00bb global_colors_info=\u00a0\u00bb{}\u00a0\u00bb][et_pb_row _builder_version=\u00a0\u00bb4.27.4&Prime; _module_preset=\u00a0\u00bbdefault\u00a0\u00bb global_colors_info=\u00a0\u00bb{}\u00a0\u00bb][et_pb_column type=\u00a0\u00bb4_4&Prime; _builder_version=\u00a0\u00bb4.27.4&Prime; _module_preset=\u00a0\u00bbdefault\u00a0\u00bb global_colors_info=\u00a0\u00bb{}\u00a0\u00bb][et_pb_text _builder_version=\u00a0\u00bb4.27.4&Prime; _module_preset=\u00a0\u00bbdefault\u00a0\u00bb global_colors_info=\u00a0\u00bb{}\u00a0\u00bb]<h2 data-start=\"825\" data-end=\"875\">Comprendre les enjeux des interventions terrain<\/h2>\n<p data-start=\"877\" data-end=\"1060\">Une <strong data-start=\"881\" data-end=\"905\">intervention terrain<\/strong> correspond \u00e0 toute action r\u00e9alis\u00e9e par un technicien ou une \u00e9quipe mobile directement sur site : installation, maintenance, r\u00e9paration, contr\u00f4le ou audit.<\/p>\n<p data-start=\"1062\" data-end=\"1104\">Aujourd\u2019hui, les entreprises font face \u00e0 :<\/p>\n<ul data-start=\"1105\" data-end=\"1257\">\n<li data-start=\"1105\" data-end=\"1150\">\n<p data-start=\"1107\" data-end=\"1150\">une augmentation du volume d\u2019interventions,<\/p>\n<\/li>\n<li data-start=\"1151\" data-end=\"1187\">\n<p data-start=\"1153\" data-end=\"1187\">des d\u00e9lais de plus en plus courts,<\/p>\n<\/li>\n<li data-start=\"1188\" data-end=\"1217\">\n<p data-start=\"1190\" data-end=\"1217\">des clients plus exigeants,<\/p>\n<\/li>\n<li data-start=\"1218\" data-end=\"1257\">\n<p data-start=\"1220\" data-end=\"1257\">des \u00e9quipes terrain tr\u00e8s sollicit\u00e9es.<\/p>\n<\/li>\n<\/ul>\n<p data-start=\"1259\" data-end=\"1357\">Sans outil adapt\u00e9, la gestion des interventions terrain devient rapidement complexe et inefficace.<\/p>[\/et_pb_text][\/et_pb_column][\/et_pb_row][\/et_pb_section][et_pb_section fb_built=\u00a0\u00bb1&Prime; _builder_version=\u00a0\u00bb4.27.4&Prime; _module_preset=\u00a0\u00bbdefault\u00a0\u00bb global_colors_info=\u00a0\u00bb{}\u00a0\u00bb][et_pb_row _builder_version=\u00a0\u00bb4.27.4&Prime; _module_preset=\u00a0\u00bbdefault\u00a0\u00bb global_colors_info=\u00a0\u00bb{}\u00a0\u00bb][et_pb_column type=\u00a0\u00bb4_4&Prime; _builder_version=\u00a0\u00bb4.27.4&Prime; _module_preset=\u00a0\u00bbdefault\u00a0\u00bb global_colors_info=\u00a0\u00bb{}\u00a0\u00bb][et_pb_text _builder_version=\u00a0\u00bb4.27.4&Prime; _module_preset=\u00a0\u00bbdefault\u00a0\u00bb global_colors_info=\u00a0\u00bb{}\u00a0\u00bb]<h2 data-start=\"1364\" data-end=\"1425\">Les d\u00e9fis concrets de la gestion des interventions terrain<\/h2>\n<h3 data-start=\"1427\" data-end=\"1470\">Une planification difficile \u00e0 maintenir<\/h3>\n<p data-start=\"1471\" data-end=\"1615\">Les plannings \u00e9voluent en permanence : urgences, absences, retards, annulations. Une organisation rigide ne r\u00e9siste pas \u00e0 la r\u00e9alit\u00e9 du terrain.<\/p>\n<h3 data-start=\"1617\" data-end=\"1648\">Des tourn\u00e9es peu optimis\u00e9es<\/h3>\n<p data-start=\"1649\" data-end=\"1685\">Une mauvaise organisation entra\u00eene :<\/p>\n<ul data-start=\"1686\" data-end=\"1795\">\n<li data-start=\"1686\" data-end=\"1714\">\n<p data-start=\"1688\" data-end=\"1714\">des d\u00e9placements inutiles,<\/p>\n<\/li>\n<li data-start=\"1715\" data-end=\"1757\">\n<p data-start=\"1717\" data-end=\"1757\">une perte de temps pour les techniciens,<\/p>\n<\/li>\n<li data-start=\"1758\" data-end=\"1795\">\n<p data-start=\"1760\" data-end=\"1795\">une hausse des co\u00fbts op\u00e9rationnels.<\/p>\n<\/li>\n<\/ul>\n<h3 data-start=\"1797\" data-end=\"1842\">Un manque de visibilit\u00e9 pour les managers<\/h3>\n<p data-start=\"1843\" data-end=\"1891\">Sans suivi en temps r\u00e9el, il devient difficile :<\/p>\n<ul data-start=\"1892\" data-end=\"1990\">\n<li data-start=\"1892\" data-end=\"1920\">\n<p data-start=\"1894\" data-end=\"1920\">d\u2019anticiper les probl\u00e8mes,<\/p>\n<\/li>\n<li data-start=\"1921\" data-end=\"1944\">\n<p data-start=\"1923\" data-end=\"1944\">de r\u00e9agir rapidement,<\/p>\n<\/li>\n<li data-start=\"1945\" data-end=\"1990\">\n<p data-start=\"1947\" data-end=\"1990\">de piloter efficacement l\u2019activit\u00e9 terrain.<\/p>\n<\/li>\n<\/ul>[\/et_pb_text][\/et_pb_column][\/et_pb_row][\/et_pb_section][et_pb_section fb_built=\u00a0\u00bb1&Prime; _builder_version=\u00a0\u00bb4.27.4&Prime; _module_preset=\u00a0\u00bbdefault\u00a0\u00bb background_color=\u00a0\u00bbrgba(117,174,240,0.22)\u00a0\u00bb global_colors_info=\u00a0\u00bb{}\u00a0\u00bb][et_pb_row _builder_version=\u00a0\u00bb4.27.4&Prime; _module_preset=\u00a0\u00bbdefault\u00a0\u00bb global_colors_info=\u00a0\u00bb{}\u00a0\u00bb][et_pb_column type=\u00a0\u00bb4_4&Prime; _builder_version=\u00a0\u00bb4.27.4&Prime; _module_preset=\u00a0\u00bbdefault\u00a0\u00bb global_colors_info=\u00a0\u00bb{}\u00a0\u00bb][et_pb_text _builder_version=\u00a0\u00bb4.27.4&Prime; _module_preset=\u00a0\u00bbdefault\u00a0\u00bb global_colors_info=\u00a0\u00bb{}\u00a0\u00bb]<h2 data-start=\"1997\" data-end=\"2070\">Planification des interventions terrain : le levier cl\u00e9 de performance<\/h2>\n<p data-start=\"2072\" data-end=\"2164\">La <strong data-start=\"2075\" data-end=\"2118\">planification des interventions terrain<\/strong> est au c\u0153ur de la performance op\u00e9rationnelle.<\/p>\n<h3 data-start=\"2166\" data-end=\"2200\">Les limites des outils manuels<\/h3>\n<p data-start=\"2201\" data-end=\"2262\">Les solutions comme Excel montrent rapidement leurs limites :<\/p>\n<ul data-start=\"2263\" data-end=\"2358\">\n<li data-start=\"2263\" data-end=\"2282\">\n<p data-start=\"2265\" data-end=\"2282\">erreurs humaines,<\/p>\n<\/li>\n<li data-start=\"2283\" data-end=\"2306\">\n<p data-start=\"2285\" data-end=\"2306\">manque de r\u00e9activit\u00e9,<\/p>\n<\/li>\n<li data-start=\"2307\" data-end=\"2329\">\n<p data-start=\"2309\" data-end=\"2329\">donn\u00e9es peu fiables,<\/p>\n<\/li>\n<li data-start=\"2330\" data-end=\"2358\">\n<p data-start=\"2332\" data-end=\"2358\">absence de vision globale.<\/p>\n<\/li>\n<\/ul>\n<h3 data-start=\"2360\" data-end=\"2413\">Une planification adapt\u00e9e aux contraintes terrain<\/h3>\n<p data-start=\"2414\" data-end=\"2442\">Une solution d\u00e9di\u00e9e permet :<\/p>\n<ul data-start=\"2443\" data-end=\"2596\">\n<li data-start=\"2443\" data-end=\"2488\">\n<p data-start=\"2445\" data-end=\"2488\">d\u2019affecter le bon technicien au bon moment,<\/p>\n<\/li>\n<li data-start=\"2489\" data-end=\"2522\">\n<p data-start=\"2491\" data-end=\"2522\"><a href=\"https:\/\/coppelis.com\/fr\/planification-tournees\/\">de prioriser les interventions,<\/a><\/p>\n<\/li>\n<li data-start=\"2523\" data-end=\"2550\">\n<p data-start=\"2525\" data-end=\"2550\"><strong><a href=\"https:\/\/coppelis.com\/fr\/planification-tournees\/\">d\u2019optimiser les tourn\u00e9es,<\/a><\/strong><\/p>\n<\/li>\n<li data-start=\"2551\" data-end=\"2596\">\n<p data-start=\"2553\" data-end=\"2596\">de g\u00e9rer les impr\u00e9vus sans d\u00e9sorganisation.<\/p>\n<\/li>\n<\/ul>[\/et_pb_text][\/et_pb_column][\/et_pb_row][\/et_pb_section][et_pb_section fb_built=\u00a0\u00bb1&Prime; _builder_version=\u00a0\u00bb4.27.4&Prime; _module_preset=\u00a0\u00bbdefault\u00a0\u00bb global_colors_info=\u00a0\u00bb{}\u00a0\u00bb][et_pb_row _builder_version=\u00a0\u00bb4.27.4&Prime; _module_preset=\u00a0\u00bbdefault\u00a0\u00bb global_colors_info=\u00a0\u00bb{}\u00a0\u00bb][et_pb_column type=\u00a0\u00bb4_4&Prime; _builder_version=\u00a0\u00bb4.27.4&Prime; _module_preset=\u00a0\u00bbdefault\u00a0\u00bb global_colors_info=\u00a0\u00bb{}\u00a0\u00bb][et_pb_text _builder_version=\u00a0\u00bb4.27.4&Prime; _module_preset=\u00a0\u00bbdefault\u00a0\u00bb global_colors_info=\u00a0\u00bb{}\u00a0\u00bb]<h2 data-start=\"2603\" data-end=\"2668\">Intervention terrain augment\u00e9e par l\u2019intelligence artificielle<\/h2>\n<p data-start=\"2670\" data-end=\"2910\">L\u2019<strong data-start=\"2672\" data-end=\"2706\">intelligence artificielle (IA)<\/strong> appliqu\u00e9e aux interventions terrain aide \u00e0 prendre de meilleures d\u00e9cisions <strong data-start=\"2782\" data-end=\"2795\">plus vite<\/strong>, en s\u2019appuyant sur vos donn\u00e9es (historique d\u2019interventions, dur\u00e9es, types d\u2019incidents, zones, charge des \u00e9quipes).<\/p>\n<h3 data-start=\"2912\" data-end=\"2963\">Anticiper les retards et les points de friction<\/h3>\n<p data-start=\"2964\" data-end=\"2983\">L\u2019IA peut aider \u00e0 :<\/p>\n<ul data-start=\"2984\" data-end=\"3152\">\n<li data-start=\"2984\" data-end=\"3074\">\n<p data-start=\"2986\" data-end=\"3074\">rep\u00e9rer les interventions \u00e0 risque (dur\u00e9e atypique, zone complexe, mat\u00e9riel sp\u00e9cifique),<\/p>\n<\/li>\n<li data-start=\"3075\" data-end=\"3109\">\n<p data-start=\"3077\" data-end=\"3109\">anticiper les retards probables,<\/p>\n<\/li>\n<li data-start=\"3110\" data-end=\"3152\">\n<p data-start=\"3112\" data-end=\"3152\">alerter avant que le planning ne d\u00e9rape.<\/p>\n<\/li>\n<\/ul>\n<h3 data-start=\"3154\" data-end=\"3199\">Proposer des sc\u00e9narios de replanification<\/h3>\n<p data-start=\"3200\" data-end=\"3265\">En cas d\u2019impr\u00e9vu (urgence, absence, retard), l\u2019IA peut sugg\u00e9rer :<\/p>\n<ul data-start=\"3266\" data-end=\"3376\">\n<li data-start=\"3266\" data-end=\"3297\">\n<p data-start=\"3268\" data-end=\"3297\">des r\u00e9affectations possibles,<\/p>\n<\/li>\n<li data-start=\"3298\" data-end=\"3314\">\n<p data-start=\"3300\" data-end=\"3314\">des priorit\u00e9s,<\/p>\n<\/li>\n<li data-start=\"3298\" data-end=\"3314\"><strong><a href=\"https:\/\/coppelis.com\/fr\/planification-tournees\/\">des planifications intelligentes des tourn\u00e9es<\/a><\/strong><\/li>\n<li data-start=\"3315\" data-end=\"3376\">\n<p data-start=\"3317\" data-end=\"3376\">des alternatives de tourn\u00e9e qui minimisent l\u2019impact global.<\/p>\n<\/li>\n<\/ul>\n<h3 data-start=\"3378\" data-end=\"3420\">Am\u00e9lioration continue des performances<\/h3>\n<p data-start=\"3421\" data-end=\"3472\">En capitalisant sur les donn\u00e9es, l\u2019IA contribue \u00e0 :<\/p>\n<ul data-start=\"3473\" data-end=\"3612\">\n<li data-start=\"3473\" data-end=\"3525\">\n<p data-start=\"3475\" data-end=\"3525\">am\u00e9liorer l\u2019affectation technicien \/ intervention,<\/p>\n<\/li>\n<li data-start=\"3526\" data-end=\"3562\">\n<p data-start=\"3528\" data-end=\"3562\">r\u00e9duire les d\u00e9placements inutiles,<\/p>\n<\/li>\n<li data-start=\"3563\" data-end=\"3612\">\n<p data-start=\"3565\" data-end=\"3612\">stabiliser la qualit\u00e9 de service dans le temps.<\/p>\n<\/li>\n<\/ul>[\/et_pb_text][\/et_pb_column][\/et_pb_row][\/et_pb_section][et_pb_section fb_built=\u00a0\u00bb1&Prime; _builder_version=\u00a0\u00bb4.27.4&Prime; _module_preset=\u00a0\u00bbdefault\u00a0\u00bb background_color=\u00a0\u00bbrgba(117,174,240,0.17)\u00a0\u00bb global_colors_info=\u00a0\u00bb{}\u00a0\u00bb][et_pb_row _builder_version=\u00a0\u00bb4.27.4&Prime; _module_preset=\u00a0\u00bbdefault\u00a0\u00bb global_colors_info=\u00a0\u00bb{}\u00a0\u00bb][et_pb_column type=\u00a0\u00bb4_4&Prime; _builder_version=\u00a0\u00bb4.27.4&Prime; _module_preset=\u00a0\u00bbdefault\u00a0\u00bb global_colors_info=\u00a0\u00bb{}\u00a0\u00bb][et_pb_text _builder_version=\u00a0\u00bb4.27.4&Prime; _module_preset=\u00a0\u00bbdefault\u00a0\u00bb global_colors_info=\u00a0\u00bb{}\u00a0\u00bb]<h2 data-start=\"3619\" data-end=\"3673\">Comment Coppelis optimise vos interventions terrain<\/h2>\n<p data-start=\"3675\" data-end=\"3760\">Coppelis est con\u00e7u pour r\u00e9pondre aux contraintes op\u00e9rationnelles des \u00e9quipes terrain.<\/p>\n<h3 data-start=\"3762\" data-end=\"3798\">Centralisation des interventions<\/h3>\n<p data-start=\"3799\" data-end=\"3840\">Toutes les informations sont regroup\u00e9es :<\/p>\n<ul data-start=\"3841\" data-end=\"3891\">\n<li data-start=\"3841\" data-end=\"3852\">\n<p data-start=\"3843\" data-end=\"3852\">demandes,<\/p>\n<\/li>\n<li data-start=\"3853\" data-end=\"3865\">\n<p data-start=\"3855\" data-end=\"3865\">priorit\u00e9s,<\/p>\n<\/li>\n<li data-start=\"3866\" data-end=\"3876\">\n<p data-start=\"3868\" data-end=\"3876\">statuts,<\/p>\n<\/li>\n<li data-start=\"3877\" data-end=\"3891\">\n<p data-start=\"3879\" data-end=\"3891\">historiques.<\/p>\n<\/li>\n<\/ul>\n<h3 data-start=\"3893\" data-end=\"3920\">Planification dynamique<\/h3>\n<ul data-start=\"3921\" data-end=\"4013\">\n<li data-start=\"3921\" data-end=\"3948\">\n<p data-start=\"3923\" data-end=\"3948\">ajustement en temps r\u00e9el,<\/p>\n<\/li>\n<li data-start=\"3949\" data-end=\"3979\">\n<p data-start=\"3951\" data-end=\"3979\">gestion fluide des urgences,<\/p>\n<\/li>\n<li data-start=\"3980\" data-end=\"4013\">\n<p data-start=\"3982\" data-end=\"4013\">tourn\u00e9es optimis\u00e9es en continu.<\/p>\n<\/li>\n<\/ul>\n<h3 data-start=\"4015\" data-end=\"4036\">Suivi et pilotage<\/h3>\n<p data-start=\"4037\" data-end=\"4088\">Managers et \u00e9quipes disposent d\u2019une vision claire :<\/p>\n<ul data-start=\"4089\" data-end=\"4165\">\n<li data-start=\"4089\" data-end=\"4114\">\n<p data-start=\"4091\" data-end=\"4114\">interventions en cours,<\/p>\n<\/li>\n<li data-start=\"4115\" data-end=\"4135\">\n<p data-start=\"4117\" data-end=\"4135\">charge de travail,<\/p>\n<\/li>\n<li data-start=\"4136\" data-end=\"4165\">\n<p data-start=\"4138\" data-end=\"4165\">indicateurs de performance.<\/p>\n<\/li>\n<\/ul>\n<h2 data-start=\"4172\" data-end=\"4212\">Cas d\u2019usage des interventions terrain<\/h2>\n<ul data-start=\"4214\" data-end=\"4328\">\n<li data-start=\"4214\" data-end=\"4241\">\n<p data-start=\"4216\" data-end=\"4241\">Maintenance multi-sites<\/p>\n<\/li>\n<li data-start=\"4242\" data-end=\"4268\">\n<p data-start=\"4244\" data-end=\"4268\">Interventions urgentes<\/p>\n<\/li>\n<li data-start=\"4269\" data-end=\"4296\">\n<p data-start=\"4271\" data-end=\"4296\">\u00c9quipes terrain mobiles<\/p>\n<\/li>\n<li data-start=\"4297\" data-end=\"4328\">\n<p data-start=\"4299\" data-end=\"4328\">Pics d\u2019activit\u00e9 saisonniers<\/p>\n<\/li>\n<\/ul>[\/et_pb_text][\/et_pb_column][\/et_pb_row][\/et_pb_section][et_pb_section fb_built=\u00a0\u00bb1&Prime; _builder_version=\u00a0\u00bb4.27.4&Prime; _module_preset=\u00a0\u00bbdefault\u00a0\u00bb global_colors_info=\u00a0\u00bb{}\u00a0\u00bb][et_pb_row _builder_version=\u00a0\u00bb4.27.4&Prime; _module_preset=\u00a0\u00bbdefault\u00a0\u00bb global_colors_info=\u00a0\u00bb{}\u00a0\u00bb][et_pb_column type=\u00a0\u00bb4_4&Prime; _builder_version=\u00a0\u00bb4.27.4&Prime; _module_preset=\u00a0\u00bbdefault\u00a0\u00bb global_colors_info=\u00a0\u00bb{}\u00a0\u00bb][et_pb_text _builder_version=\u00a0\u00bb4.27.4&Prime; _module_preset=\u00a0\u00bbdefault\u00a0\u00bb global_colors_info=\u00a0\u00bb{}\u00a0\u00bb]<h2 data-start=\"4335\" data-end=\"4399\">Pourquoi un logiciel d\u2019intervention terrain est indispensable<\/h2>\n<p data-start=\"4401\" data-end=\"4448\">Un <strong data-start=\"4404\" data-end=\"4439\">logiciel d\u2019intervention terrain<\/strong> permet :<\/p>\n<ul data-start=\"4449\" data-end=\"4601\">\n<li data-start=\"4449\" data-end=\"4476\">\n<p data-start=\"4451\" data-end=\"4476\">une planification fiable,<\/p>\n<\/li>\n<li data-start=\"4477\" data-end=\"4518\">\n<p data-start=\"4479\" data-end=\"4518\">une meilleure coordination des \u00e9quipes,<\/p>\n<\/li>\n<li data-start=\"4519\" data-end=\"4555\">\n<p data-start=\"4521\" data-end=\"4555\">une r\u00e9duction mesurable des co\u00fbts,<\/p>\n<\/li>\n<li data-start=\"4556\" data-end=\"4601\">\n<p data-start=\"4558\" data-end=\"4601\">une am\u00e9lioration de la satisfaction client.<\/p>\n<\/li>\n<\/ul>\n<h2 data-start=\"4608\" data-end=\"4635\">Les b\u00e9n\u00e9fices mesurables<\/h2>\n<ul data-start=\"4637\" data-end=\"4839\">\n<li data-start=\"4637\" data-end=\"4673\">\n<p data-start=\"4639\" data-end=\"4673\">R\u00e9duction des temps de trajet<\/p>\n<\/li>\n<li data-start=\"4674\" data-end=\"4715\">\n<p data-start=\"4676\" data-end=\"4715\">Diminution des co\u00fbts op\u00e9rationnels<\/p>\n<\/li>\n<li data-start=\"4716\" data-end=\"4770\">\n<p data-start=\"4718\" data-end=\"4770\">Augmentation du nombre d\u2019interventions trait\u00e9es<\/p>\n<\/li>\n<li data-start=\"4771\" data-end=\"4807\">\n<p data-start=\"4773\" data-end=\"4807\">Satisfaction client am\u00e9lior\u00e9e<\/p>\n<\/li>\n<li data-start=\"4808\" data-end=\"4839\">\n<p data-start=\"4810\" data-end=\"4839\">Pilotage clair et fiable<\/p>\n<\/li>\n<\/ul>[\/et_pb_text][\/et_pb_column][\/et_pb_row][\/et_pb_section][et_pb_section fb_built=\u00a0\u00bb1&Prime; _builder_version=\u00a0\u00bb4.27.4&Prime; _module_preset=\u00a0\u00bbdefault\u00a0\u00bb global_colors_info=\u00a0\u00bb{}\u00a0\u00bb][et_pb_row _builder_version=\u00a0\u00bb4.27.4&Prime; _module_preset=\u00a0\u00bbdefault\u00a0\u00bb global_colors_info=\u00a0\u00bb{}\u00a0\u00bb][et_pb_column type=\u00a0\u00bb4_4&Prime; _builder_version=\u00a0\u00bb4.27.4&Prime; _module_preset=\u00a0\u00bbdefault\u00a0\u00bb global_colors_info=\u00a0\u00bb{}\u00a0\u00bb][et_pb_text _builder_version=\u00a0\u00bb4.27.4&Prime; _module_preset=\u00a0\u00bbdefault\u00a0\u00bb global_colors_info=\u00a0\u00bb{}\u00a0\u00bb]<h2 data-start=\"4846\" data-end=\"4875\">FAQ \u2013 Intervention terrain<\/h2>\n<p data-start=\"4877\" data-end=\"5022\"><strong data-start=\"4877\" data-end=\"4920\">Qu\u2019est-ce qu\u2019une intervention terrain ?<\/strong><br data-start=\"4920\" data-end=\"4923\" \/>Une intervention terrain est une action r\u00e9alis\u00e9e par une \u00e9quipe mobile directement sur site client.<\/p>\n<p data-start=\"5024\" data-end=\"5187\"><strong data-start=\"5024\" data-end=\"5084\">Comment am\u00e9liorer la gestion des interventions terrain ?<\/strong><br data-start=\"5084\" data-end=\"5087\" \/>En utilisant un outil d\u00e9di\u00e9 capable de planifier, d&rsquo;<strong><a href=\"https:\/\/coppelis.com\/fr\/planification-tournees\/\">optimiser les tourn\u00e9es terrain<\/a><\/strong>, de suivre et ajuster les interventions en temps r\u00e9el.<\/p>\n<p data-start=\"5189\" data-end=\"5381\"><strong data-start=\"5189\" data-end=\"5245\">L\u2019IA est-elle utile pour les interventions terrain ?<\/strong><br data-start=\"5245\" data-end=\"5248\" \/>Oui, si elle sert des usages concrets : anticipation des retards, suggestions de replanification, optimisation continue des tourn\u00e9es.<\/p>\n<p data-start=\"5383\" data-end=\"5496\"><strong data-start=\"5383\" data-end=\"5423\">Pourquoi Excel n\u2019est-il pas adapt\u00e9 ?<\/strong><br data-start=\"5423\" data-end=\"5426\" \/>Excel ne permet ni l\u2019optimisation dynamique ni le suivi en temps r\u00e9el.<\/p>[\/et_pb_text][\/et_pb_column][\/et_pb_row][\/et_pb_section][et_pb_section fb_built=\u00a0\u00bb1&Prime; _builder_version=\u00a0\u00bb4.16&Prime; _module_preset=\u00a0\u00bbdefault\u00a0\u00bb background_color=\u00a0\u00bb#29475F\u00a0\u00bb custom_margin=\u00a0\u00bb24px|||||\u00a0\u00bb custom_padding=\u00a0\u00bb0px||0px|||\u00a0\u00bb locked=\u00a0\u00bboff\u00a0\u00bb global_colors_info=\u00a0\u00bb{}\u00a0\u00bb][et_pb_row column_structure=\u00a0\u00bb2_3,1_3&Prime; _builder_version=\u00a0\u00bb4.16&Prime; _module_preset=\u00a0\u00bbdefault\u00a0\u00bb global_colors_info=\u00a0\u00bb{}\u00a0\u00bb][et_pb_column type=\u00a0\u00bb2_3&Prime; _builder_version=\u00a0\u00bb4.16&Prime; _module_preset=\u00a0\u00bbdefault\u00a0\u00bb global_colors_info=\u00a0\u00bb{}\u00a0\u00bb][et_pb_text _builder_version=\u00a0\u00bb4.27.4&Prime; _module_preset=\u00a0\u00bbdefault\u00a0\u00bb background_layout=\u00a0\u00bbdark\u00a0\u00bb min_height=\u00a0\u00bb37.6px\u00a0\u00bb custom_margin=\u00a0\u00bb|-103px||||\u00a0\u00bb custom_padding=\u00a0\u00bb3px|8px|0px|||\u00a0\u00bb locked=\u00a0\u00bboff\u00a0\u00bb global_colors_info=\u00a0\u00bb{}\u00a0\u00bb]<h2>Optimisez d\u00e8s maintenant vos interventions terrain<\/h2>\n<p data-start=\"5563\" data-end=\"5654\">Contactez-nous pour d\u00e9couvrir comment Coppelis peut transformer votre organisation terrain.<\/p>[\/et_pb_text][\/et_pb_column][et_pb_column type=\u00a0\u00bb1_3&Prime; _builder_version=\u00a0\u00bb4.16&Prime; _module_preset=\u00a0\u00bbdefault\u00a0\u00bb global_colors_info=\u00a0\u00bb{}\u00a0\u00bb][et_pb_cta button_url=\u00a0\u00bbhttps:\/\/coppelis.com\/contactus\/\u00a0\u00bb button_text=\u00a0\u00bbContactez-nous !\u00a0\u00bb _builder_version=\u00a0\u00bb4.16&Prime; background_color=\u00a0\u00bbrgba(0,0,0,0)\u00a0\u00bb custom_padding=\u00a0\u00bb0px|||||\u00a0\u00bb locked=\u00a0\u00bboff\u00a0\u00bb global_colors_info=\u00a0\u00bb{}\u00a0\u00bb button_text_size__hover_enabled=\u00a0\u00bboff\u00a0\u00bb button_one_text_size__hover_enabled=\u00a0\u00bboff\u00a0\u00bb button_two_text_size__hover_enabled=\u00a0\u00bboff\u00a0\u00bb button_text_color__hover_enabled=\u00a0\u00bboff\u00a0\u00bb button_one_text_color__hover_enabled=\u00a0\u00bboff\u00a0\u00bb button_two_text_color__hover_enabled=\u00a0\u00bboff\u00a0\u00bb button_border_width__hover_enabled=\u00a0\u00bboff\u00a0\u00bb button_one_border_width__hover_enabled=\u00a0\u00bboff\u00a0\u00bb button_two_border_width__hover_enabled=\u00a0\u00bboff\u00a0\u00bb button_border_color__hover_enabled=\u00a0\u00bboff\u00a0\u00bb button_one_border_color__hover_enabled=\u00a0\u00bboff\u00a0\u00bb button_two_border_color__hover_enabled=\u00a0\u00bboff\u00a0\u00bb button_border_radius__hover_enabled=\u00a0\u00bboff\u00a0\u00bb button_one_border_radius__hover_enabled=\u00a0\u00bboff\u00a0\u00bb button_two_border_radius__hover_enabled=\u00a0\u00bboff\u00a0\u00bb button_letter_spacing__hover_enabled=\u00a0\u00bboff\u00a0\u00bb button_one_letter_spacing__hover_enabled=\u00a0\u00bboff\u00a0\u00bb button_two_letter_spacing__hover_enabled=\u00a0\u00bboff\u00a0\u00bb button_bg_color__hover_enabled=\u00a0\u00bboff\u00a0\u00bb button_one_bg_color__hover_enabled=\u00a0\u00bboff\u00a0\u00bb button_two_bg_color__hover_enabled=\u00a0\u00bboff\u00a0\u00bb][\/et_pb_cta][\/et_pb_column][\/et_pb_row][\/et_pb_section]\n","protected":false},"excerpt":{"rendered":"<p>Optimisez vos interventions terrain gr\u00e2ce \u00e0 une planification intelligente et \u00e0 l\u2019IA. R\u00e9duisez les co\u00fbts, anticipez les impr\u00e9vus et gagnez en efficacit\u00e9.<\/p>\n","protected":false},"author":1,"featured_media":6966,"parent":0,"menu_order":0,"comment_status":"closed","ping_status":"closed","template":"","meta":{"_et_pb_use_builder":"on","_et_pb_old_content":"","_et_gb_content_width":"","footnotes":""},"class_list":["post-7414","page","type-page","status-publish","has-post-thumbnail","hentry"],"_links":{"self":[{"href":"https:\/\/coppelis.com\/fr\/wp-json\/wp\/v2\/pages\/7414","targetHints":{"allow":["GET"]}}],"collection":[{"href":"https:\/\/coppelis.com\/fr\/wp-json\/wp\/v2\/pages"}],"about":[{"href":"https:\/\/coppelis.com\/fr\/wp-json\/wp\/v2\/types\/page"}],"author":[{"embeddable":true,"href":"https:\/\/coppelis.com\/fr\/wp-json\/wp\/v2\/users\/1"}],"replies":[{"embeddable":true,"href":"https:\/\/coppelis.com\/fr\/wp-json\/wp\/v2\/comments?post=7414"}],"version-history":[{"count":21,"href":"https:\/\/coppelis.com\/fr\/wp-json\/wp\/v2\/pages\/7414\/revisions"}],"predecessor-version":[{"id":7455,"href":"https:\/\/coppelis.com\/fr\/wp-json\/wp\/v2\/pages\/7414\/revisions\/7455"}],"wp:featuredmedia":[{"embeddable":true,"href":"https:\/\/coppelis.com\/fr\/wp-json\/wp\/v2\/media\/6966"}],"wp:attachment":[{"href":"https:\/\/coppelis.com\/fr\/wp-json\/wp\/v2\/media?parent=7414"}],"curies":[{"name":"wp","href":"https:\/\/api.w.org\/{rel}","templated":true}]}}