{"id":7409,"date":"2025-09-19T15:08:37","date_gmt":"2025-09-19T13:08:37","guid":{"rendered":"https:\/\/coppelis.com\/fr\/?page_id=7409"},"modified":"2025-09-19T15:08:56","modified_gmt":"2025-09-19T13:08:56","slug":"mentions-legales","status":"publish","type":"page","link":"https:\/\/coppelis.com\/fr\/mentions-legales\/","title":{"rendered":"Mentions L\u00e9gales"},"content":{"rendered":"\n[et_pb_section fb_built=\u00a0\u00bb1&Prime; theme_builder_area=\u00a0\u00bbpost_content\u00a0\u00bb _builder_version=\u00a0\u00bb4.27.4&Prime; _module_preset=\u00a0\u00bbdefault\u00a0\u00bb][et_pb_row _builder_version=\u00a0\u00bb4.27.4&Prime; _module_preset=\u00a0\u00bbdefault\u00a0\u00bb theme_builder_area=\u00a0\u00bbpost_content\u00a0\u00bb][et_pb_column _builder_version=\u00a0\u00bb4.27.4&Prime; _module_preset=\u00a0\u00bbdefault\u00a0\u00bb type=\u00a0\u00bb4_4&Prime; theme_builder_area=\u00a0\u00bbpost_content\u00a0\u00bb][et_pb_text _builder_version=\u00a0\u00bb4.27.4&Prime; _module_preset=\u00a0\u00bbdefault\u00a0\u00bb theme_builder_area=\u00a0\u00bbpost_content\u00a0\u00bb hover_enabled=\u00a0\u00bb0&Prime; sticky_enabled=\u00a0\u00bb0&Prime;]<h1 class=\"font-display first:mt-xs mb-2 mt-4 font-semimedium text-lg leading-[1.5em] lg:text-xl\" id=\"mentions-lgales\">Mentions l\u00e9gales<\/h1>\n<p class=\"my-2 [&amp;+p]:mt-4 [&amp;_strong:has(+br)]:inline-block [&amp;_strong:has(+br)]:pb-2\">Conform\u00e9ment aux dispositions des articles 6-III et 19 de la Loi n\u00b02004-575 du 21 juin 2004 pour la Confiance dans l\u2019\u00e9conomie num\u00e9rique, dite L.C.E.N., il est port\u00e9 \u00e0 la connaissance des utilisateurs et visiteurs du site<span>\u00a0<\/span><strong>coppelis.com<\/strong><span>\u00a0<\/span>les pr\u00e9sentes mentions l\u00e9gales.<\/p>\n<h2 class=\"mb-2 mt-4 font-display font-semimedium text-base first:mt-0\">\u00c9diteur du site<\/h2>\n<p class=\"my-2 [&amp;+p]:mt-4 [&amp;_strong:has(+br)]:inline-block [&amp;_strong:has(+br)]:pb-2\">Le site<span>\u00a0<\/span><strong>coppelis.com<\/strong><span>\u00a0<\/span>est \u00e9dit\u00e9 par :<\/p>\n<ul class=\"marker:text-quiet list-disc\">\n<li class=\"py-0 my-0 prose-p:pt-0 prose-p:mb-2 prose-p:my-0 [&amp;&gt;p]:pt-0 [&amp;&gt;p]:mb-2 [&amp;&gt;p]:my-0\">\n<p class=\"my-2 [&amp;+p]:mt-4 [&amp;_strong:has(+br)]:inline-block [&amp;_strong:has(+br)]:pb-2\"><strong>Raison sociale \/ Nom de l\u2019entreprise<\/strong><span>\u00a0<\/span>: COPPELIS<\/p>\n<\/li>\n<li class=\"py-0 my-0 prose-p:pt-0 prose-p:mb-2 prose-p:my-0 [&amp;&gt;p]:pt-0 [&amp;&gt;p]:mb-2 [&amp;&gt;p]:my-0\">\n<p class=\"my-2 [&amp;+p]:mt-4 [&amp;_strong:has(+br)]:inline-block [&amp;_strong:has(+br)]:pb-2\"><strong>Forme juridique<\/strong><span>\u00a0<\/span>: SARL<\/p>\n<\/li>\n<li class=\"py-0 my-0 prose-p:pt-0 prose-p:mb-2 prose-p:my-0 [&amp;&gt;p]:pt-0 [&amp;&gt;p]:mb-2 [&amp;&gt;p]:my-0\">\n<p class=\"my-2 [&amp;+p]:mt-4 [&amp;_strong:has(+br)]:inline-block [&amp;_strong:has(+br)]:pb-2\"><strong>Si\u00e8ge social<\/strong><span>\u00a0<\/span>: 27, avenue de l&rsquo;Op\u00e9ra, 75001 Paris, France.<\/p>\n<\/li>\n<li class=\"py-0 my-0 prose-p:pt-0 prose-p:mb-2 prose-p:my-0 [&amp;&gt;p]:pt-0 [&amp;&gt;p]:mb-2 [&amp;&gt;p]:my-0\">\n<p class=\"my-2 [&amp;+p]:mt-4 [&amp;_strong:has(+br)]:inline-block [&amp;_strong:has(+br)]:pb-2\"><strong>R.C.S.<\/strong><span>\u00a0<\/span>: PAris 750132946<\/p>\n<\/li>\n<li class=\"py-0 my-0 prose-p:pt-0 prose-p:mb-2 prose-p:my-0 [&amp;&gt;p]:pt-0 [&amp;&gt;p]:mb-2 [&amp;&gt;p]:my-0\"><strong>Contact<\/strong><span>\u00a0<\/span>: contact@coppelis.com<\/li>\n<\/ul>\n<h2 class=\"mb-2 mt-4 font-display font-semimedium text-base first:mt-0\">H\u00e9bergement<\/h2>\n<p class=\"my-2 [&amp;+p]:mt-4 [&amp;_strong:has(+br)]:inline-block [&amp;_strong:has(+br)]:pb-2\">Le site est h\u00e9berg\u00e9 par :<\/p>\n<ul class=\"marker:text-quiet list-disc\">\n<li class=\"py-0 my-0 prose-p:pt-0 prose-p:mb-2 prose-p:my-0 [&amp;&gt;p]:pt-0 [&amp;&gt;p]:mb-2 [&amp;&gt;p]:my-0\">\n<p class=\"my-2 [&amp;+p]:mt-4 [&amp;_strong:has(+br)]:inline-block [&amp;_strong:has(+br)]:pb-2\"><strong>Nom de l\u2019h\u00e9bergeur<\/strong><span>\u00a0<\/span>: OVH SAS<\/p>\n<\/li>\n<li class=\"py-0 my-0 prose-p:pt-0 prose-p:mb-2 prose-p:my-0 [&amp;&gt;p]:pt-0 [&amp;&gt;p]:mb-2 [&amp;&gt;p]:my-0\">\n<p class=\"my-2 [&amp;+p]:mt-4 [&amp;_strong:has(+br)]:inline-block [&amp;_strong:has(+br)]:pb-2\"><strong>Adresse<\/strong><span>\u00a0<\/span>: <span>2 rue Kellermann &#8211; 59100 Roubaix &#8211; France<\/span><\/p>\n<\/li>\n<\/ul>\n<h2 class=\"mb-2 mt-4 font-display font-semimedium text-base first:mt-0\">Propri\u00e9t\u00e9 intellectuelle<\/h2>\n<p class=\"my-2 [&amp;+p]:mt-4 [&amp;_strong:has(+br)]:inline-block [&amp;_strong:has(+br)]:pb-2\">L\u2019ensemble du contenu pr\u00e9sent sur le site<span>\u00a0<\/span><strong>coppelis.com<\/strong>, incluant, de fa\u00e7on non limitative, les graphismes, images, textes, vid\u00e9os, animations, sons, logos, gifs et ic\u00f4nes ainsi que leur mise en forme sont la propri\u00e9t\u00e9 exclusive de la soci\u00e9t\u00e9 COPPELIS, \u00e0 l\u2019exception des marques, logos ou contenus appartenant \u00e0 d\u2019autres soci\u00e9t\u00e9s partenaires ou auteurs.<br \/>Toute reproduction, distribution, modification, adaptation, retransmission ou publication, m\u00eame partielle, de ces diff\u00e9rents \u00e9l\u00e9ments est strictement interdite sans l\u2019accord expr\u00e8s par \u00e9crit de COPPELIS.<\/p>\n<h2 class=\"mb-2 mt-4 font-display font-semimedium text-base first:mt-0\">Protection des donn\u00e9es personnelles<\/h2>\n<p class=\"my-2 [&amp;+p]:mt-4 [&amp;_strong:has(+br)]:inline-block [&amp;_strong:has(+br)]:pb-2\">Conform\u00e9ment au R\u00e8glement G\u00e9n\u00e9ral sur la Protection des Donn\u00e9es (RGPD \u2013 UE 2016\/679), COPPELIS s\u2019engage \u00e0 prot\u00e9ger la confidentialit\u00e9 des donn\u00e9es personnelles collect\u00e9es sur le site.<\/p>\n<ul class=\"marker:text-quiet list-disc\">\n<li class=\"py-0 my-0 prose-p:pt-0 prose-p:mb-2 prose-p:my-0 [&amp;&gt;p]:pt-0 [&amp;&gt;p]:mb-2 [&amp;&gt;p]:my-0\">\n<p class=\"my-2 [&amp;+p]:mt-4 [&amp;_strong:has(+br)]:inline-block [&amp;_strong:has(+br)]:pb-2\">Les informations collect\u00e9es via les formulaires sont utilis\u00e9es uniquement pour la gestion des demandes et relations clients.<\/p>\n<\/li>\n<li class=\"py-0 my-0 prose-p:pt-0 prose-p:mb-2 prose-p:my-0 [&amp;&gt;p]:pt-0 [&amp;&gt;p]:mb-2 [&amp;&gt;p]:my-0\">\n<p class=\"my-2 [&amp;+p]:mt-4 [&amp;_strong:has(+br)]:inline-block [&amp;_strong:has(+br)]:pb-2\">Les donn\u00e9es ne sont en aucun cas transmises \u00e0 des tiers sans consentement pr\u00e9alable.<\/p>\n<\/li>\n<li class=\"py-0 my-0 prose-p:pt-0 prose-p:mb-2 prose-p:my-0 [&amp;&gt;p]:pt-0 [&amp;&gt;p]:mb-2 [&amp;&gt;p]:my-0\">\n<p class=\"my-2 [&amp;+p]:mt-4 [&amp;_strong:has(+br)]:inline-block [&amp;_strong:has(+br)]:pb-2\">Vous disposez d\u2019un droit d\u2019acc\u00e8s, de rectification, de suppression et de portabilit\u00e9 de vos donn\u00e9es en nous contactant : [adresse e-mail de contact].<\/p>\n<\/li>\n<\/ul>\n<h2 class=\"mb-2 mt-4 font-display font-semimedium text-base first:mt-0\">Cookies<\/h2>\n<p class=\"my-2 [&amp;+p]:mt-4 [&amp;_strong:has(+br)]:inline-block [&amp;_strong:has(+br)]:pb-2\">Le site<span>\u00a0<\/span><strong>coppelis.com<\/strong><span>\u00a0<\/span>peut \u00eatre amen\u00e9 \u00e0 vous demander l\u2019acceptation des cookies \u00e0 des fins de statistiques et d\u2019affichage. Vous pouvez \u00e0 tout moment configurer votre navigateur pour refuser les cookies.<\/p>\n<h2 class=\"mb-2 mt-4 font-display font-semimedium text-base first:mt-0\">Limitation de responsabilit\u00e9<\/h2>\n<p class=\"my-2 [&amp;+p]:mt-4 [&amp;_strong:has(+br)]:inline-block [&amp;_strong:has(+br)]:pb-2\">L\u2019\u00e9diteur du site ne pourra \u00eatre tenu responsable :<\/p>\n<ul class=\"marker:text-quiet list-disc\">\n<li class=\"py-0 my-0 prose-p:pt-0 prose-p:mb-2 prose-p:my-0 [&amp;&gt;p]:pt-0 [&amp;&gt;p]:mb-2 [&amp;&gt;p]:my-0\">\n<p class=\"my-2 [&amp;+p]:mt-4 [&amp;_strong:has(+br)]:inline-block [&amp;_strong:has(+br)]:pb-2\">des dommages directs ou indirects caus\u00e9s au mat\u00e9riel de l\u2019utilisateur lors de l\u2019acc\u00e8s au site,<\/p>\n<\/li>\n<li class=\"py-0 my-0 prose-p:pt-0 prose-p:mb-2 prose-p:my-0 [&amp;&gt;p]:pt-0 [&amp;&gt;p]:mb-2 [&amp;&gt;p]:my-0\">\n<p class=\"my-2 [&amp;+p]:mt-4 [&amp;_strong:has(+br)]:inline-block [&amp;_strong:has(+br)]:pb-2\">de l\u2019utilisation qui pourrait \u00eatre faite des informations et contenus pr\u00e9sents sur<span>\u00a0<\/span><strong>coppelis.com<\/strong>,<\/p>\n<\/li>\n<li class=\"py-0 my-0 prose-p:pt-0 prose-p:mb-2 prose-p:my-0 [&amp;&gt;p]:pt-0 [&amp;&gt;p]:mb-2 [&amp;&gt;p]:my-0\">\n<p class=\"my-2 [&amp;+p]:mt-4 [&amp;_strong:has(+br)]:inline-block [&amp;_strong:has(+br)]:pb-2\">de la disponibilit\u00e9 technique du site.<\/p>\n<\/li>\n<\/ul>[\/et_pb_text][\/et_pb_column][\/et_pb_row][\/et_pb_section]\n","protected":false},"excerpt":{"rendered":"<p>Mentions l\u00e9gales Conform\u00e9ment aux dispositions des articles 6-III et 19 de la Loi n\u00b02004-575 du 21 juin 2004 pour la Confiance dans l\u2019\u00e9conomie num\u00e9rique, dite L.C.E.N., il est port\u00e9 \u00e0 la connaissance des utilisateurs et visiteurs du site\u00a0coppelis.com\u00a0les pr\u00e9sentes mentions l\u00e9gales. \u00c9diteur du site Le site\u00a0coppelis.com\u00a0est \u00e9dit\u00e9 par : Raison sociale \/ Nom de l\u2019entreprise\u00a0: [&hellip;]<\/p>\n","protected":false},"author":1,"featured_media":0,"parent":0,"menu_order":0,"comment_status":"closed","ping_status":"closed","template":"","meta":{"_et_pb_use_builder":"on","_et_pb_old_content":"","_et_gb_content_width":"","footnotes":""},"class_list":["post-7409","page","type-page","status-publish","hentry"],"_links":{"self":[{"href":"https:\/\/coppelis.com\/fr\/wp-json\/wp\/v2\/pages\/7409","targetHints":{"allow":["GET"]}}],"collection":[{"href":"https:\/\/coppelis.com\/fr\/wp-json\/wp\/v2\/pages"}],"about":[{"href":"https:\/\/coppelis.com\/fr\/wp-json\/wp\/v2\/types\/page"}],"author":[{"embeddable":true,"href":"https:\/\/coppelis.com\/fr\/wp-json\/wp\/v2\/users\/1"}],"replies":[{"embeddable":true,"href":"https:\/\/coppelis.com\/fr\/wp-json\/wp\/v2\/comments?post=7409"}],"version-history":[{"count":3,"href":"https:\/\/coppelis.com\/fr\/wp-json\/wp\/v2\/pages\/7409\/revisions"}],"predecessor-version":[{"id":7412,"href":"https:\/\/coppelis.com\/fr\/wp-json\/wp\/v2\/pages\/7409\/revisions\/7412"}],"wp:attachment":[{"href":"https:\/\/coppelis.com\/fr\/wp-json\/wp\/v2\/media?parent=7409"}],"curies":[{"name":"wp","href":"https:\/\/api.w.org\/{rel}","templated":true}]}}