{"id":7367,"date":"2025-06-25T15:04:17","date_gmt":"2025-06-25T13:04:17","guid":{"rendered":"https:\/\/coppelis.com\/fr\/?page_id=7367"},"modified":"2025-06-25T15:05:05","modified_gmt":"2025-06-25T13:05:05","slug":"rse","status":"publish","type":"page","link":"https:\/\/coppelis.com\/fr\/rse\/","title":{"rendered":"RSE"},"content":{"rendered":"\n[et_pb_section fb_built=\u00a0\u00bb1&Prime; theme_builder_area=\u00a0\u00bbpost_content\u00a0\u00bb _builder_version=\u00a0\u00bb4.27.4&Prime; _module_preset=\u00a0\u00bbdefault\u00a0\u00bb hover_enabled=\u00a0\u00bb0&Prime; sticky_enabled=\u00a0\u00bb0&Prime; background_color=\u00a0\u00bb#29475f\u00a0\u00bb][et_pb_row _builder_version=\u00a0\u00bb4.27.4&Prime; _module_preset=\u00a0\u00bbdefault\u00a0\u00bb theme_builder_area=\u00a0\u00bbpost_content\u00a0\u00bb column_structure=\u00a0\u00bb1_2,1_2&Prime;][et_pb_column _builder_version=\u00a0\u00bb4.27.4&Prime; _module_preset=\u00a0\u00bbdefault\u00a0\u00bb type=\u00a0\u00bb1_2&Prime; theme_builder_area=\u00a0\u00bbpost_content\u00a0\u00bb][et_pb_text _builder_version=\u00a0\u00bb4.27.4&Prime; _module_preset=\u00a0\u00bbdefault\u00a0\u00bb theme_builder_area=\u00a0\u00bbpost_content\u00a0\u00bb hover_enabled=\u00a0\u00bb0&Prime; sticky_enabled=\u00a0\u00bb0&Prime; background_layout=\u00a0\u00bbdark\u00a0\u00bb]<h1>Notre Engagement RSE<\/h1>[\/et_pb_text][et_pb_text _builder_version=\u00a0\u00bb4.27.4&Prime; _module_preset=\u00a0\u00bbdefault\u00a0\u00bb theme_builder_area=\u00a0\u00bbpost_content\u00a0\u00bb hover_enabled=\u00a0\u00bb0&Prime; sticky_enabled=\u00a0\u00bb0&Prime; background_layout=\u00a0\u00bbdark\u00a0\u00bb]<h3 style=\"text-align: left;\">Chez <strong data-start=\"495\" data-end=\"507\">Coppelis<\/strong>, nous croyons qu\u2019une entreprise performante est avant tout une entreprise responsable. Notre d\u00e9marche RSE (Responsabilit\u00e9 Soci\u00e9tale des Entreprises) s\u2019inscrit dans une volont\u00e9 forte de contribuer positivement \u00e0 la soci\u00e9t\u00e9 et \u00e0 l\u2019environnement.<\/h3>[\/et_pb_text][\/et_pb_column][et_pb_column _builder_version=\u00a0\u00bb4.27.4&Prime; _module_preset=\u00a0\u00bbdefault\u00a0\u00bb type=\u00a0\u00bb1_2&Prime; theme_builder_area=\u00a0\u00bbpost_content\u00a0\u00bb][et_pb_image src=\u00a0\u00bbhttps:\/\/coppelis.com\/fr\/wp-content\/uploads\/sites\/2\/2025\/06\/RSE500.png\u00a0\u00bb _builder_version=\u00a0\u00bb4.27.4&Prime; _module_preset=\u00a0\u00bbdefault\u00a0\u00bb theme_builder_area=\u00a0\u00bbpost_content\u00a0\u00bb alt=\u00a0\u00bbRSE\u00a0\u00bb title_text=\u00a0\u00bbRSE\u00a0\u00bb hover_enabled=\u00a0\u00bb0&Prime; sticky_enabled=\u00a0\u00bb0&Prime; border_radii=\u00a0\u00bbon|12px|12px|12px|12px\u00a0\u00bb][\/et_pb_image][\/et_pb_column][\/et_pb_row][\/et_pb_section][et_pb_section fb_built=\u00a0\u00bb1&Prime; theme_builder_area=\u00a0\u00bbpost_content\u00a0\u00bb _builder_version=\u00a0\u00bb4.27.4&Prime; _module_preset=\u00a0\u00bbdefault\u00a0\u00bb][et_pb_row _builder_version=\u00a0\u00bb4.27.4&Prime; _module_preset=\u00a0\u00bbdefault\u00a0\u00bb column_structure=\u00a0\u00bb1_3,1_3,1_3&Prime; theme_builder_area=\u00a0\u00bbpost_content\u00a0\u00bb hover_enabled=\u00a0\u00bb0&Prime; sticky_enabled=\u00a0\u00bb0&Prime;][et_pb_column _builder_version=\u00a0\u00bb4.27.4&Prime; _module_preset=\u00a0\u00bbdefault\u00a0\u00bb type=\u00a0\u00bb1_3&Prime; theme_builder_area=\u00a0\u00bbpost_content\u00a0\u00bb][et_pb_blurb title=\u00a0\u00bbEnvironnement\u00a0\u00bb image=\u00a0\u00bbhttps:\/\/coppelis.com\/fr\/wp-content\/uploads\/sites\/2\/2025\/06\/bike.jpg\u00a0\u00bb _builder_version=\u00a0\u00bb4.27.4&Prime; _module_preset=\u00a0\u00bbdefault\u00a0\u00bb theme_builder_area=\u00a0\u00bbpost_content\u00a0\u00bb hover_enabled=\u00a0\u00bb0&Prime; sticky_enabled=\u00a0\u00bb0&Prime; border_radii=\u00a0\u00bbon|16px|16px|16px|16px\u00a0\u00bb box_shadow_style=\u00a0\u00bbpreset1&Prime; custom_padding=\u00a0\u00bb12px|12px|12px|12px|true|true\u00a0\u00bb title_text=\u00a0\u00bbbike\u00a0\u00bb]<ul>\n<li data-start=\"803\" data-end=\"892\">\n<p data-start=\"805\" data-end=\"892\">R\u00e9duction de notre empreinte carbone (mobilit\u00e9 douce, consommation d\u2019\u00e9nergie optimis\u00e9e)<\/p>\n<\/li>\n<li data-start=\"893\" data-end=\"931\">\n<p data-start=\"895\" data-end=\"931\">Choix de partenaires \u00e9coresponsables<\/p>\n<\/li>\n<li data-start=\"932\" data-end=\"974\">\n<p data-start=\"934\" data-end=\"974\">D\u00e9mat\u00e9rialisation des processus internes<\/p>\n<\/li>\n<\/ul>[\/et_pb_blurb][\/et_pb_column][et_pb_column _builder_version=\u00a0\u00bb4.27.4&Prime; _module_preset=\u00a0\u00bbdefault\u00a0\u00bb type=\u00a0\u00bb1_3&Prime; theme_builder_area=\u00a0\u00bbpost_content\u00a0\u00bb][et_pb_blurb title=\u00a0\u00bbSocial\u00a0\u00bb image=\u00a0\u00bbhttps:\/\/coppelis.com\/fr\/wp-content\/uploads\/sites\/2\/2025\/06\/e23c0256-f779-4d74-b278-f13bf3e55b05.jpg\u00a0\u00bb _builder_version=\u00a0\u00bb4.27.4&Prime; _module_preset=\u00a0\u00bbdefault\u00a0\u00bb theme_builder_area=\u00a0\u00bbpost_content\u00a0\u00bb hover_enabled=\u00a0\u00bb0&Prime; sticky_enabled=\u00a0\u00bb0&Prime; border_radii=\u00a0\u00bbon|16px|16px|16px|16px\u00a0\u00bb box_shadow_style=\u00a0\u00bbpreset1&Prime; custom_padding=\u00a0\u00bb12px|12px|12px|12px|true|true\u00a0\u00bb title_text=\u00a0\u00bbe23c0256-f779-4d74-b278-f13bf3e55b05&Prime;]<ul>\n<li data-start=\"990\" data-end=\"1058\">\n<p data-start=\"992\" data-end=\"1058\">Bien-\u00eatre des collaborateurs au c\u0153ur de notre culture d\u2019entreprise<\/p>\n<\/li>\n<li data-start=\"1059\" data-end=\"1114\">\n<p data-start=\"1061\" data-end=\"1114\">Engagement pour l\u2019\u00e9galit\u00e9 des chances et la diversit\u00e9<\/p>\n<\/li>\n<li data-start=\"1115\" data-end=\"1170\">\n<p data-start=\"1117\" data-end=\"1170\">Formations continues et d\u00e9veloppement des comp\u00e9tences<\/p>\n<\/li>\n<\/ul>[\/et_pb_blurb][\/et_pb_column][et_pb_column _builder_version=\u00a0\u00bb4.27.4&Prime; _module_preset=\u00a0\u00bbdefault\u00a0\u00bb type=\u00a0\u00bb1_3&Prime; theme_builder_area=\u00a0\u00bbpost_content\u00a0\u00bb][et_pb_blurb title=\u00a0\u00bbGouvernance responsable\u00a0\u00bb image=\u00a0\u00bbhttps:\/\/coppelis.com\/fr\/wp-content\/uploads\/sites\/2\/2025\/06\/decide.jpg\u00a0\u00bb _builder_version=\u00a0\u00bb4.27.4&Prime; _module_preset=\u00a0\u00bbdefault\u00a0\u00bb theme_builder_area=\u00a0\u00bbpost_content\u00a0\u00bb hover_enabled=\u00a0\u00bb0&Prime; sticky_enabled=\u00a0\u00bb0&Prime; border_radii=\u00a0\u00bbon|16px|16px|16px|16px\u00a0\u00bb box_shadow_style=\u00a0\u00bbpreset1&Prime; custom_padding=\u00a0\u00bb12px|12px|12px|12px|true|true\u00a0\u00bb title_text=\u00a0\u00bbdecide\u00a0\u00bb]<ul>\n<li>Transparence dans nos processus de d\u00e9cision<\/li>\n<li>Conformit\u00e9 r\u00e9glementaire rigoureuse<\/li>\n<li>\u00c9thique des affaires<\/li>\n<\/ul>[\/et_pb_blurb][\/et_pb_column][\/et_pb_row][\/et_pb_section]\n","protected":false},"excerpt":{"rendered":"<p>Notre Engagement RSEChez Coppelis, nous croyons qu\u2019une entreprise performante est avant tout une entreprise responsable. Notre d\u00e9marche RSE (Responsabilit\u00e9 Soci\u00e9tale des Entreprises) s\u2019inscrit dans une volont\u00e9 forte de contribuer positivement \u00e0 la soci\u00e9t\u00e9 et \u00e0 l\u2019environnement. R\u00e9duction de notre empreinte carbone (mobilit\u00e9 douce, consommation d\u2019\u00e9nergie optimis\u00e9e) Choix de partenaires \u00e9coresponsables D\u00e9mat\u00e9rialisation des processus internes Bien-\u00eatre [&hellip;]<\/p>\n","protected":false},"author":1,"featured_media":7372,"parent":0,"menu_order":0,"comment_status":"closed","ping_status":"closed","template":"","meta":{"_et_pb_use_builder":"on","_et_pb_old_content":"","_et_gb_content_width":"","footnotes":""},"class_list":["post-7367","page","type-page","status-publish","has-post-thumbnail","hentry"],"_links":{"self":[{"href":"https:\/\/coppelis.com\/fr\/wp-json\/wp\/v2\/pages\/7367","targetHints":{"allow":["GET"]}}],"collection":[{"href":"https:\/\/coppelis.com\/fr\/wp-json\/wp\/v2\/pages"}],"about":[{"href":"https:\/\/coppelis.com\/fr\/wp-json\/wp\/v2\/types\/page"}],"author":[{"embeddable":true,"href":"https:\/\/coppelis.com\/fr\/wp-json\/wp\/v2\/users\/1"}],"replies":[{"embeddable":true,"href":"https:\/\/coppelis.com\/fr\/wp-json\/wp\/v2\/comments?post=7367"}],"version-history":[{"count":6,"href":"https:\/\/coppelis.com\/fr\/wp-json\/wp\/v2\/pages\/7367\/revisions"}],"predecessor-version":[{"id":7380,"href":"https:\/\/coppelis.com\/fr\/wp-json\/wp\/v2\/pages\/7367\/revisions\/7380"}],"wp:featuredmedia":[{"embeddable":true,"href":"https:\/\/coppelis.com\/fr\/wp-json\/wp\/v2\/media\/7372"}],"wp:attachment":[{"href":"https:\/\/coppelis.com\/fr\/wp-json\/wp\/v2\/media?parent=7367"}],"curies":[{"name":"wp","href":"https:\/\/api.w.org\/{rel}","templated":true}]}}