{"id":6724,"date":"2025-02-21T12:38:46","date_gmt":"2025-02-21T11:38:46","guid":{"rendered":"https:\/\/coppelis.com\/fr\/?page_id=6724"},"modified":"2025-03-26T17:35:01","modified_gmt":"2025-03-26T16:35:01","slug":"gestion-et-planification-automatisees","status":"publish","type":"page","link":"https:\/\/coppelis.com\/fr\/gestion-et-planification-automatisees\/","title":{"rendered":"Planification"},"content":{"rendered":"<p>[et_pb_section fb_built=\u00a0\u00bb1&Prime; _builder_version=\u00a0\u00bb4.14.6&Prime; _module_preset=\u00a0\u00bbdefault\u00a0\u00bb custom_padding=\u00a0\u00bb100px||100px|||\u00a0\u00bb hover_enabled=\u00a0\u00bb0&Prime; global_colors_info=\u00a0\u00bb{}\u00a0\u00bb background_enable_image=\u00a0\u00bboff\u00a0\u00bb sticky_enabled=\u00a0\u00bb0&Prime; min_height=\u00a0\u00bb727.6px\u00a0\u00bb][et_pb_row column_structure=\u00a0\u00bb3_5,2_5&Prime; _builder_version=\u00a0\u00bb4.14.6&Prime; _module_preset=\u00a0\u00bbdefault\u00a0\u00bb custom_padding=\u00a0\u00bb0px|||||\u00a0\u00bb global_colors_info=\u00a0\u00bb{}\u00a0\u00bb][et_pb_column type=\u00a0\u00bb3_5&Prime; _builder_version=\u00a0\u00bb4.14.6&Prime; _module_preset=\u00a0\u00bbdefault\u00a0\u00bb global_colors_info=\u00a0\u00bb{}\u00a0\u00bb][et_pb_image src=\u00a0\u00bbhttps:\/\/coppelis.com\/fr\/wp-content\/uploads\/sites\/2\/2025\/03\/planning800.png\u00a0\u00bb _builder_version=\u00a0\u00bb4.14.6&Prime; _module_preset=\u00a0\u00bbdefault\u00a0\u00bb title_text=\u00a0\u00bbplanning800&Prime; hover_enabled=\u00a0\u00bb0&Prime; sticky_enabled=\u00a0\u00bb0&Prime;][\/et_pb_image][\/et_pb_column][et_pb_column type=\u00a0\u00bb2_5&Prime; _builder_version=\u00a0\u00bb4.14.6&Prime; _module_preset=\u00a0\u00bbdefault\u00a0\u00bb global_colors_info=\u00a0\u00bb{}\u00a0\u00bb][et_pb_text _builder_version=\u00a0\u00bb4.14.6&Prime; _module_preset=\u00a0\u00bbdefault\u00a0\u00bb global_colors_info=\u00a0\u00bb{}\u00a0\u00bb]<\/p>\n<p><strong>PLANIFICATION<\/strong><\/p>\n<p>[\/et_pb_text][et_pb_text _builder_version=\u00a0\u00bb4.14.6&Prime; _module_preset=\u00a0\u00bbdefault\u00a0\u00bb global_colors_info=\u00a0\u00bb{}\u00a0\u00bb]<\/p>\n<h1><strong>G\u00e9rez vos interventions efficacement avec des outils automatis\u00e9s et mobiles <\/strong><b>gr\u00e2ce \u00e0 notre solution compl\u00e8te<\/b><\/h1>\n<p>[\/et_pb_text][et_pb_text _builder_version=\u00a0\u00bb4.14.6&Prime; _module_preset=\u00a0\u00bbdefault\u00a0\u00bb global_colors_info=\u00a0\u00bb{}\u00a0\u00bb]<\/p>\n<p>Planifiez vos t\u00e2ches en toute simplicit\u00e9. Attribuez les \u00e9quipes et suivez l\u2019avancement des interventions avec une interface claire. Acc\u00e9dez \u00e0 un calendrier d\u00e9taill\u00e9 pour une gestion optimis\u00e9e et un meilleur suivi de vos op\u00e9rations.<\/p>\n<p>[\/et_pb_text][et_pb_button button_url=\u00a0\u00bbhttps:\/\/coppelis.com\/fr\/coppelis-apps\/\u00a0\u00bb button_text=\u00a0\u00bbNotre Solution\u00a0\u00bb _builder_version=\u00a0\u00bb4.14.6&Prime; _module_preset=\u00a0\u00bbdefault\u00a0\u00bb custom_button=\u00a0\u00bbon\u00a0\u00bb button_text_size=\u00a0\u00bb15px\u00a0\u00bb button_text_color=\u00a0\u00bb#57aff7&Prime; global_colors_info=\u00a0\u00bb{}\u00a0\u00bb][\/et_pb_button][\/et_pb_column][\/et_pb_row][\/et_pb_section][et_pb_section fb_built=\u00a0\u00bb1&Prime; _builder_version=\u00a0\u00bb4.14.6&Prime; _module_preset=\u00a0\u00bbdefault\u00a0\u00bb global_colors_info=\u00a0\u00bb{}\u00a0\u00bb custom_margin=\u00a0\u00bb-92px|||||\u00a0\u00bb custom_padding=\u00a0\u00bb14px|||||\u00a0\u00bb][et_pb_row _builder_version=\u00a0\u00bb4.14.6&Prime; _module_preset=\u00a0\u00bbdefault\u00a0\u00bb global_colors_info=\u00a0\u00bb{}\u00a0\u00bb][et_pb_column type=\u00a0\u00bb4_4&Prime; _builder_version=\u00a0\u00bb4.14.6&Prime; _module_preset=\u00a0\u00bbdefault\u00a0\u00bb global_colors_info=\u00a0\u00bb{}\u00a0\u00bb][et_pb_text _builder_version=\u00a0\u00bb4.14.6&Prime; _module_preset=\u00a0\u00bbdefault\u00a0\u00bb global_colors_info=\u00a0\u00bb{}\u00a0\u00bb]<\/p>\n<p style=\"text-align: left;\">Simplifiez la gestion de vos op\u00e9rations quotidiennes gr\u00e2ce \u00e0 une solution compl\u00e8te et intuitive. De l\u2019automatisation de la planification \u00e0 la gestion mobile des interventions, notre fonctionnalit\u00e9 r\u00e9pond \u00e0 tous vos besoins.<\/p>\n<p style=\"text-align: left;\">Avec des outils puissants pour suivre l\u2019\u00e9tat d\u2019avancement, optimiser les ressources et g\u00e9rer les calendriers d\u00e9taill\u00e9s, vous gagnez en productivit\u00e9 tout en am\u00e9liorant la qualit\u00e9 de vos services.<\/p>\n<p>[\/et_pb_text][\/et_pb_column][\/et_pb_row][et_pb_row _builder_version=\u00a0\u00bb4.14.6&Prime; _module_preset=\u00a0\u00bbdefault\u00a0\u00bb global_colors_info=\u00a0\u00bb{}\u00a0\u00bb][et_pb_column type=\u00a0\u00bb4_4&Prime; _builder_version=\u00a0\u00bb4.14.6&Prime; _module_preset=\u00a0\u00bbdefault\u00a0\u00bb global_colors_info=\u00a0\u00bb{}\u00a0\u00bb][et_pb_text _builder_version=\u00a0\u00bb4.14.6&Prime; _module_preset=\u00a0\u00bbdefault\u00a0\u00bb global_colors_info=\u00a0\u00bb{}\u00a0\u00bb]<\/p>\n<h2 style=\"color: #57aff7;\"><strong>Automatisation pour une gestion optimis\u00e9e<\/strong><\/h2>\n<p>R\u00e9duisez les t\u00e2ches manuelles et gagnez du temps gr\u00e2ce \u00e0 des processus automatis\u00e9s. Am\u00e9liorez la pr\u00e9cision des interventions en minimisant les erreurs humaines. Optimisez votre efficacit\u00e9 avec une ex\u00e9cution fluide et rapide.<\/p>\n<h2 style=\"color: #57aff7;\"><strong>Gestion des ressources en temps r\u00e9el<\/strong><\/h2>\n<p>Affectez vos \u00e9quipes et vos \u00e9quipements de mani\u00e8re optimale pour chaque mission. Suivez leur disponibilit\u00e9 et ajustez la r\u00e9partition en fonction des priorit\u00e9s. Assurez une utilisation efficace des ressources pour \u00e9viter les pertes de temps.<\/p>\n<h2 style=\"color: #57aff7;\"><strong>Un suivi pr\u00e9cis des \u00e9tats d\u2019avancement<\/strong><\/h2>\n<p>Visualisez en un coup d&rsquo;\u0153il la progression des interventions en cours. Recevez des mises \u00e0 jour en temps r\u00e9el pour une meilleure coordination. Am\u00e9liorez la r\u00e9activit\u00e9 face aux impr\u00e9vus et respectez vos d\u00e9lais.<\/p>\n<h2 style=\"color: #57aff7;\"><strong>Une mise \u00e0 jour mobile pour plus d\u2019agilit\u00e9<\/strong><\/h2>\n<p>Acc\u00e9dez aux informations essentielles depuis votre smartphone ou tablette. Modifiez les interventions en d\u00e9placement et communiquez instantan\u00e9ment avec vos \u00e9quipes. Assurez une gestion flexible et r\u00e9active sur le terrain.<\/p>\n<h2 style=\"color: #57aff7;\"><strong>Calcul des dur\u00e9es et d\u00e9lais pour une meilleure planification<\/strong><\/h2>\n<p>\u00c9valuez pr\u00e9cis\u00e9ment les temps n\u00e9cessaires \u00e0 chaque intervention. Anticipez les contraintes et ajustez les plannings pour \u00e9viter les retards. Am\u00e9liorez la satisfaction client avec des d\u00e9lais ma\u00eetris\u00e9s et respect\u00e9s.<\/p>\n<h2 style=\"color: #57aff7;\"><strong>Rapports d\u2019intervention d\u00e9taill\u00e9s et accessibles<\/strong><\/h2>\n<p>Documentez chaque mission avec des informations claires et structur\u00e9es. Facilitez l\u2019analyse des performances et l\u2019optimisation des futures interventions. Partagez facilement les rapports pour une meilleure tra\u00e7abilit\u00e9.<\/p>\n<h2 style=\"color: #57aff7;\"><strong>Un calendrier intelligent pour une organisation fluide<\/strong><\/h2>\n<p>Planifiez vos interventions en toute simplicit\u00e9 gr\u00e2ce \u00e0 une vue d\u2019ensemble claire. \u00c9vitez les conflits d\u2019horaires et assurez une r\u00e9partition \u00e9quilibr\u00e9e des t\u00e2ches. Adaptez votre planning en temps r\u00e9el en fonction des urgences.<\/p>\n<h2 style=\"color: #57aff7;\"><strong>Auto-compl\u00e9tude des donn\u00e9es pour une saisie rapide<\/strong><\/h2>\n<p>Remplissez automatiquement les champs gr\u00e2ce aux suggestions intelligentes. R\u00e9duisez les erreurs et gagnez du temps sur l\u2019enregistrement des informations. Assurez une homog\u00e9n\u00e9it\u00e9 et une fiabilit\u00e9 des donn\u00e9es collect\u00e9es.<\/p>\n<h2 style=\"color: #57aff7;\"><strong>Suivi cartographique pour une gestion optimale<\/strong><\/h2>\n<p>Localisez en temps r\u00e9el vos \u00e9quipes et les interventions en cours. Optimisez les trajets pour r\u00e9duire les d\u00e9lais et am\u00e9liorer la r\u00e9activit\u00e9. Assurez une meilleure gestion des interventions gr\u00e2ce \u00e0 une vue g\u00e9olocalis\u00e9e.<\/p>\n<p>[\/et_pb_text][\/et_pb_column][\/et_pb_row][\/et_pb_section][et_pb_section fb_built=\u00a0\u00bb1&Prime; _builder_version=\u00a0\u00bb4.14.6&Prime; _module_preset=\u00a0\u00bbdefault\u00a0\u00bb custom_margin=\u00a0\u00bb-12px|||||\u00a0\u00bb custom_padding=\u00a0\u00bb0px|||||\u00a0\u00bb locked=\u00a0\u00bboff\u00a0\u00bb global_colors_info=\u00a0\u00bb{}\u00a0\u00bb][et_pb_row _builder_version=\u00a0\u00bb4.14.6&Prime; _module_preset=\u00a0\u00bbdefault\u00a0\u00bb global_colors_info=\u00a0\u00bb{}\u00a0\u00bb][et_pb_column type=\u00a0\u00bb4_4&Prime; _builder_version=\u00a0\u00bb4.14.6&Prime; _module_preset=\u00a0\u00bbdefault\u00a0\u00bb global_colors_info=\u00a0\u00bb{}\u00a0\u00bb][et_pb_text _builder_version=\u00a0\u00bb4.14.6&Prime; _module_preset=\u00a0\u00bbdefault\u00a0\u00bb global_colors_info=\u00a0\u00bb{}\u00a0\u00bb]<\/p>\n<h2 style=\"text-align: center; font-size: 35px;\"><strong>Autres Fonctionnalit\u00e9s<\/strong><\/h2>\n<p>[\/et_pb_text][\/et_pb_column][\/et_pb_row][et_pb_row column_structure=\u00a0\u00bb1_3,1_3,1_3&Prime; _builder_version=\u00a0\u00bb4.14.6&Prime; _module_preset=\u00a0\u00bbdefault\u00a0\u00bb global_colors_info=\u00a0\u00bb{}\u00a0\u00bb][et_pb_column type=\u00a0\u00bb1_3&Prime; _builder_version=\u00a0\u00bb4.14.6&Prime; _module_preset=\u00a0\u00bbdefault\u00a0\u00bb global_colors_info=\u00a0\u00bb{}\u00a0\u00bb][et_pb_image src=\u00a0\u00bbhttps:\/\/coppelis.com\/fr\/wp-content\/uploads\/sites\/2\/2025\/03\/9.png\u00a0\u00bb title_text=\u00a0\u00bb9&Prime; _builder_version=\u00a0\u00bb4.14.6&Prime; _module_preset=\u00a0\u00bbdefault\u00a0\u00bb custom_padding=\u00a0\u00bb|60px||60px||\u00a0\u00bb global_colors_info=\u00a0\u00bb{}\u00a0\u00bb][\/et_pb_image][et_pb_button button_url=\u00a0\u00bbhttps:\/\/coppelis.com\/fr\/tableaux-de-bord-interactifs-pour-le-reporting\/\u00a0\u00bb url_new_window=\u00a0\u00bbon\u00a0\u00bb button_text=\u00a0\u00bbReporting\u00a0\u00bb button_alignment=\u00a0\u00bbcenter\u00a0\u00bb _builder_version=\u00a0\u00bb4.14.6&Prime; _module_preset=\u00a0\u00bbdefault\u00a0\u00bb custom_button=\u00a0\u00bbon\u00a0\u00bb button_text_size=\u00a0\u00bb14px\u00a0\u00bb custom_padding=\u00a0\u00bb|10px||||\u00a0\u00bb locked=\u00a0\u00bboff\u00a0\u00bb global_colors_info=\u00a0\u00bb{}\u00a0\u00bb][\/et_pb_button][\/et_pb_column][et_pb_column type=\u00a0\u00bb1_3&Prime; _builder_version=\u00a0\u00bb4.14.6&Prime; _module_preset=\u00a0\u00bbdefault\u00a0\u00bb global_colors_info=\u00a0\u00bb{}\u00a0\u00bb][et_pb_image src=\u00a0\u00bbhttps:\/\/coppelis.com\/fr\/wp-content\/uploads\/sites\/2\/2025\/03\/7.png\u00a0\u00bb title_text=\u00a0\u00bb7&Prime; _builder_version=\u00a0\u00bb4.14.6&Prime; _module_preset=\u00a0\u00bbdefault\u00a0\u00bb custom_padding=\u00a0\u00bb|60px||60px||\u00a0\u00bb global_colors_info=\u00a0\u00bb{}\u00a0\u00bb][\/et_pb_image][et_pb_button button_url=\u00a0\u00bbhttps:\/\/coppelis.com\/fr\/audits-techniques\/\u00a0\u00bb url_new_window=\u00a0\u00bbon\u00a0\u00bb button_text=\u00a0\u00bbAuditing\u00a0\u00bb button_alignment=\u00a0\u00bbcenter\u00a0\u00bb _builder_version=\u00a0\u00bb4.14.6&Prime; _module_preset=\u00a0\u00bbdefault\u00a0\u00bb custom_button=\u00a0\u00bbon\u00a0\u00bb button_text_size=\u00a0\u00bb14px\u00a0\u00bb custom_padding=\u00a0\u00bb|10px||||\u00a0\u00bb locked=\u00a0\u00bboff\u00a0\u00bb global_colors_info=\u00a0\u00bb{}\u00a0\u00bb][\/et_pb_button][\/et_pb_column][et_pb_column type=\u00a0\u00bb1_3&Prime; _builder_version=\u00a0\u00bb4.14.6&Prime; _module_preset=\u00a0\u00bbdefault\u00a0\u00bb global_colors_info=\u00a0\u00bb{}\u00a0\u00bb][et_pb_image src=\u00a0\u00bbhttps:\/\/coppelis.com\/fr\/wp-content\/uploads\/sites\/2\/2025\/03\/8.png\u00a0\u00bb title_text=\u00a0\u00bb8&Prime; _builder_version=\u00a0\u00bb4.14.6&Prime; _module_preset=\u00a0\u00bbdefault\u00a0\u00bb custom_padding=\u00a0\u00bb|60px||60px||\u00a0\u00bb global_colors_info=\u00a0\u00bb{}\u00a0\u00bb][\/et_pb_image][et_pb_button button_url=\u00a0\u00bbhttps:\/\/coppelis.com\/fr\/localisation-des-sites-et-equipements\/\u00a0\u00bb url_new_window=\u00a0\u00bbon\u00a0\u00bb button_text=\u00a0\u00bbCartographie\u00a0\u00bb button_alignment=\u00a0\u00bbcenter\u00a0\u00bb _builder_version=\u00a0\u00bb4.14.6&Prime; _module_preset=\u00a0\u00bbdefault\u00a0\u00bb custom_button=\u00a0\u00bbon\u00a0\u00bb button_text_size=\u00a0\u00bb14px\u00a0\u00bb custom_padding=\u00a0\u00bb|10px||||\u00a0\u00bb locked=\u00a0\u00bboff\u00a0\u00bb global_colors_info=\u00a0\u00bb{}\u00a0\u00bb][\/et_pb_button][\/et_pb_column][\/et_pb_row][\/et_pb_section][et_pb_section fb_built=\u00a0\u00bb1&Prime; _builder_version=\u00a0\u00bb4.14.6&Prime; _module_preset=\u00a0\u00bbdefault\u00a0\u00bb background_color=\u00a0\u00bb#29475F\u00a0\u00bb custom_margin=\u00a0\u00bb24px|||||\u00a0\u00bb custom_padding=\u00a0\u00bb0px||0px|||\u00a0\u00bb locked=\u00a0\u00bboff\u00a0\u00bb global_colors_info=\u00a0\u00bb{}\u00a0\u00bb][et_pb_row column_structure=\u00a0\u00bb2_3,1_3&Prime; _builder_version=\u00a0\u00bb4.14.6&Prime; _module_preset=\u00a0\u00bbdefault\u00a0\u00bb global_colors_info=\u00a0\u00bb{}\u00a0\u00bb][et_pb_column type=\u00a0\u00bb2_3&Prime; _builder_version=\u00a0\u00bb4.14.6&Prime; _module_preset=\u00a0\u00bbdefault\u00a0\u00bb global_colors_info=\u00a0\u00bb{}\u00a0\u00bb][et_pb_text _builder_version=\u00a0\u00bb4.14.6&Prime; _module_preset=\u00a0\u00bbdefault\u00a0\u00bb min_height=\u00a0\u00bb37.6px\u00a0\u00bb custom_margin=\u00a0\u00bb|-103px||||\u00a0\u00bb custom_padding=\u00a0\u00bb3px|8px|0px|||\u00a0\u00bb locked=\u00a0\u00bboff\u00a0\u00bb global_colors_info=\u00a0\u00bb{}\u00a0\u00bb]<\/p>\n<p><span style=\"color: #ffffff;\">Avec <strong>COPPELIS<\/strong>, ma\u00eetrisez chaque aspect de vos interventions. Offrez \u00e0 vos \u00e9quipes les outils pour r\u00e9ussir et \u00e0 vos clients un service irr\u00e9prochable. <\/span><\/p>\n<p><span style=\"color: #ffffff;\">D\u00e9couvrez comment elle peut transformer votre organisation d\u00e8s aujourd\u2019hui !<\/span><\/p>\n<p>[\/et_pb_text][\/et_pb_column][et_pb_column type=\u00a0\u00bb1_3&Prime; _builder_version=\u00a0\u00bb4.14.6&Prime; _module_preset=\u00a0\u00bbdefault\u00a0\u00bb global_colors_info=\u00a0\u00bb{}\u00a0\u00bb][et_pb_cta button_url=\u00a0\u00bbhttps:\/\/coppelis.com\/fr\/contact\/\u00a0\u00bb button_text=\u00a0\u00bbContactez-nous !\u00a0\u00bb _builder_version=\u00a0\u00bb4.14.6&Prime; background_color=\u00a0\u00bbrgba(0,0,0,0)\u00a0\u00bb custom_padding=\u00a0\u00bb0px|||||\u00a0\u00bb locked=\u00a0\u00bboff\u00a0\u00bb global_colors_info=\u00a0\u00bb{}\u00a0\u00bb button_text_size__hover_enabled=\u00a0\u00bboff\u00a0\u00bb button_one_text_size__hover_enabled=\u00a0\u00bboff\u00a0\u00bb button_two_text_size__hover_enabled=\u00a0\u00bboff\u00a0\u00bb button_text_color__hover_enabled=\u00a0\u00bboff\u00a0\u00bb button_one_text_color__hover_enabled=\u00a0\u00bboff\u00a0\u00bb button_two_text_color__hover_enabled=\u00a0\u00bboff\u00a0\u00bb button_border_width__hover_enabled=\u00a0\u00bboff\u00a0\u00bb button_one_border_width__hover_enabled=\u00a0\u00bboff\u00a0\u00bb button_two_border_width__hover_enabled=\u00a0\u00bboff\u00a0\u00bb button_border_color__hover_enabled=\u00a0\u00bboff\u00a0\u00bb button_one_border_color__hover_enabled=\u00a0\u00bboff\u00a0\u00bb button_two_border_color__hover_enabled=\u00a0\u00bboff\u00a0\u00bb button_border_radius__hover_enabled=\u00a0\u00bboff\u00a0\u00bb button_one_border_radius__hover_enabled=\u00a0\u00bboff\u00a0\u00bb button_two_border_radius__hover_enabled=\u00a0\u00bboff\u00a0\u00bb button_letter_spacing__hover_enabled=\u00a0\u00bboff\u00a0\u00bb button_one_letter_spacing__hover_enabled=\u00a0\u00bboff\u00a0\u00bb button_two_letter_spacing__hover_enabled=\u00a0\u00bboff\u00a0\u00bb button_bg_color__hover_enabled=\u00a0\u00bboff\u00a0\u00bb button_one_bg_color__hover_enabled=\u00a0\u00bboff\u00a0\u00bb button_two_bg_color__hover_enabled=\u00a0\u00bboff\u00a0\u00bb][\/et_pb_cta][\/et_pb_column][\/et_pb_row][\/et_pb_section]<\/p>\n","protected":false},"excerpt":{"rendered":"<p>PLANIFICATIONG\u00e9rez vos interventions efficacement avec des outils automatis\u00e9s et mobiles gr\u00e2ce \u00e0 notre solution compl\u00e8tePlanifiez vos t\u00e2ches en toute simplicit\u00e9. Attribuez les \u00e9quipes et suivez l\u2019avancement des interventions avec une interface claire. Acc\u00e9dez \u00e0 un calendrier d\u00e9taill\u00e9 pour une gestion optimis\u00e9e et un meilleur suivi de vos op\u00e9rations.Simplifiez la gestion de vos op\u00e9rations quotidiennes gr\u00e2ce [&hellip;]<\/p>\n","protected":false},"author":13,"featured_media":0,"parent":0,"menu_order":0,"comment_status":"closed","ping_status":"closed","template":"","meta":{"_et_pb_use_builder":"on","_et_pb_old_content":"","_et_gb_content_width":"","footnotes":""},"class_list":["post-6724","page","type-page","status-publish","hentry"],"_links":{"self":[{"href":"https:\/\/coppelis.com\/fr\/wp-json\/wp\/v2\/pages\/6724","targetHints":{"allow":["GET"]}}],"collection":[{"href":"https:\/\/coppelis.com\/fr\/wp-json\/wp\/v2\/pages"}],"about":[{"href":"https:\/\/coppelis.com\/fr\/wp-json\/wp\/v2\/types\/page"}],"author":[{"embeddable":true,"href":"https:\/\/coppelis.com\/fr\/wp-json\/wp\/v2\/users\/13"}],"replies":[{"embeddable":true,"href":"https:\/\/coppelis.com\/fr\/wp-json\/wp\/v2\/comments?post=6724"}],"version-history":[{"count":19,"href":"https:\/\/coppelis.com\/fr\/wp-json\/wp\/v2\/pages\/6724\/revisions"}],"predecessor-version":[{"id":6972,"href":"https:\/\/coppelis.com\/fr\/wp-json\/wp\/v2\/pages\/6724\/revisions\/6972"}],"wp:attachment":[{"href":"https:\/\/coppelis.com\/fr\/wp-json\/wp\/v2\/media?parent=6724"}],"curies":[{"name":"wp","href":"https:\/\/api.w.org\/{rel}","templated":true}]}}