{"id":6534,"date":"2024-09-18T20:20:30","date_gmt":"2024-09-18T18:20:30","guid":{"rendered":"https:\/\/coppelis.com\/fr\/?page_id=6534"},"modified":"2024-09-18T20:20:31","modified_gmt":"2024-09-18T18:20:31","slug":"bureau-d-etude","status":"publish","type":"page","link":"https:\/\/coppelis.com\/fr\/bureau-d-etude\/","title":{"rendered":"Bureau d&rsquo;\u00c9tude : Ma\u00eetrisez Vos Projets de A \u00e0 Z"},"content":{"rendered":"\n[et_pb_section fb_built=\u00a0\u00bb1&Prime; _builder_version=\u00a0\u00bb4.14.6&Prime; _module_preset=\u00a0\u00bbdefault\u00a0\u00bb background_image=\u00a0\u00bbhttps:\/\/coppelis.com\/fr\/wp-content\/uploads\/sites\/2\/2024\/09\/Maitre-dOuvrage-1.png\u00a0\u00bb custom_padding=\u00a0\u00bb||240px|||\u00a0\u00bb global_colors_info=\u00a0\u00bb{}\u00a0\u00bb][\/et_pb_section][et_pb_section fb_built=\u00a0\u00bb1&Prime; _builder_version=\u00a0\u00bb4.14.6&Prime; _module_preset=\u00a0\u00bbdefault\u00a0\u00bb custom_padding=\u00a0\u00bb32px||0px|||\u00a0\u00bb global_colors_info=\u00a0\u00bb{}\u00a0\u00bb][et_pb_row _builder_version=\u00a0\u00bb4.14.6&Prime; _module_preset=\u00a0\u00bbdefault\u00a0\u00bb global_colors_info=\u00a0\u00bb{}\u00a0\u00bb][et_pb_column type=\u00a0\u00bb4_4&Prime; _builder_version=\u00a0\u00bb4.14.6&Prime; _module_preset=\u00a0\u00bbdefault\u00a0\u00bb global_colors_info=\u00a0\u00bb{}\u00a0\u00bb][et_pb_text _builder_version=\u00a0\u00bb4.14.6&Prime; _module_preset=\u00a0\u00bbdefault\u00a0\u00bb hover_enabled=\u00a0\u00bb0&Prime; global_colors_info=\u00a0\u00bb{}\u00a0\u00bb sticky_enabled=\u00a0\u00bb0&Prime;]<h1 style=\"text-align: center; font-size: 37px;\"><strong>Pr\u00e9paration, Suivi, et Gestion : Votre Solution Int\u00e9gr\u00e9e<\/strong><\/h1>\n<p><strong><\/strong><\/p>\n<p style=\"text-align: center;\">En tant que bureau d&rsquo;\u00e9tude, valider la faisabilit\u00e9 technique et financi\u00e8re de vos projets est primordial. Une gestion optimale d\u00e8s la phase d&rsquo;\u00e9tude s&rsquo;av\u00e8re donc essentielle.<\/p>\n<p style=\"text-align: center;\">Gr\u00e2ce \u00e0 notre plateforme innovante, centralisez toutes vos t\u00e2ches m\u00e9tiers pour assurer une prise en charge compl\u00e8te de chaque aspect du projet, de la pr\u00e9paration initiale au suivi sur le terrain.<\/p>\n<p style=\"text-align: center;\">Effectuez des relev\u00e9s terrains, suivez l&rsquo;avancement des travaux, contr\u00f4lez la conformit\u00e9 des livraisons et g\u00e9rez les r\u00e9serves pour garantir un projet sans accroc.<\/p>[\/et_pb_text][\/et_pb_column][\/et_pb_row][et_pb_row _builder_version=\u00a0\u00bb4.14.6&Prime; _module_preset=\u00a0\u00bbdefault\u00a0\u00bb global_colors_info=\u00a0\u00bb{}\u00a0\u00bb][et_pb_column type=\u00a0\u00bb4_4&Prime; _builder_version=\u00a0\u00bb4.14.6&Prime; _module_preset=\u00a0\u00bbdefault\u00a0\u00bb global_colors_info=\u00a0\u00bb{}\u00a0\u00bb][et_pb_button button_url=\u00a0\u00bbhttps:\/\/coppelis.com\/fr\/contact-devis\/\u00a0\u00bb button_text=\u00a0\u00bbDemandez une D\u00e9mo\u00a0\u00bb button_alignment=\u00a0\u00bbcenter\u00a0\u00bb _builder_version=\u00a0\u00bb4.14.6&Prime; _module_preset=\u00a0\u00bbdefault\u00a0\u00bb custom_button=\u00a0\u00bbon\u00a0\u00bb button_text_color=\u00a0\u00bb#FFFFFF\u00a0\u00bb button_bg_color=\u00a0\u00bb#FE4A00&Prime; hover_enabled=\u00a0\u00bb0&Prime; global_colors_info=\u00a0\u00bb{}\u00a0\u00bb sticky_enabled=\u00a0\u00bb0&Prime;][\/et_pb_button][\/et_pb_column][\/et_pb_row][\/et_pb_section][et_pb_section fb_built=\u00a0\u00bb1&Prime; _builder_version=\u00a0\u00bb4.14.6&Prime; _module_preset=\u00a0\u00bbdefault\u00a0\u00bb custom_padding=\u00a0\u00bb0px||0px|||\u00a0\u00bb global_colors_info=\u00a0\u00bb{}\u00a0\u00bb][et_pb_row column_structure=\u00a0\u00bb3_5,2_5&Prime; _builder_version=\u00a0\u00bb4.14.6&Prime; _module_preset=\u00a0\u00bbdefault\u00a0\u00bb global_colors_info=\u00a0\u00bb{}\u00a0\u00bb][et_pb_column type=\u00a0\u00bb3_5&Prime; _builder_version=\u00a0\u00bb4.14.6&Prime; _module_preset=\u00a0\u00bbdefault\u00a0\u00bb global_colors_info=\u00a0\u00bb{}\u00a0\u00bb][et_pb_text _builder_version=\u00a0\u00bb4.14.6&Prime; _module_preset=\u00a0\u00bbdefault\u00a0\u00bb custom_margin=\u00a0\u00bb|-29px||||\u00a0\u00bb global_colors_info=\u00a0\u00bb{}\u00a0\u00bb]<h2><strong><span style=\"font-size: 36px;\">D\u00e9couvrez Coppelis : <\/span><\/strong><\/h2>\n<h2><strong><span style=\"font-size: 36px;\">Votre Partenaire pour une Gestion<\/span><\/strong><\/h2>\n<h2><strong><span style=\"font-size: 36px;\"> Efficace des Projets<\/span><\/strong><\/h2>\n<p><span style=\"font-weight: 400;\"><\/span><\/p>\n<h3><b>Centralisation des Actes M\u00e9tiers<\/b><\/h3>\n<p><strong><\/strong><br \/>Avec Coppelis, b\u00e9n\u00e9ficiez d&rsquo;une solution unique pour g\u00e9rer l&rsquo;ensemble des processus li\u00e9s \u00e0 vos projets. Que ce soit pour l&rsquo;identification des r\u00e9seaux, la gestion des r\u00e9seaux sensibles, le contr\u00f4le des substances nocives ou le suivi des conformit\u00e9s, Coppelis vous permet de g\u00e9rer efficacement chaque aspect.<\/p>\n<p>De l\u2019identification des risques de chantier \u00e0 la gestion des r\u00e9serves, en passant par la coordination des rendez-vous et les comptes-rendus en mobilit\u00e9, notre plateforme garantit une gestion fluide et performante de vos projets.<\/p>[\/et_pb_text][\/et_pb_column][et_pb_column type=\u00a0\u00bb2_5&Prime; _builder_version=\u00a0\u00bb4.14.6&Prime; _module_preset=\u00a0\u00bbdefault\u00a0\u00bb global_colors_info=\u00a0\u00bb{}\u00a0\u00bb][et_pb_image src=\u00a0\u00bbhttps:\/\/coppelis.com\/fr\/wp-content\/uploads\/sites\/2\/2024\/07\/1-1.png\u00a0\u00bb title_text=\u00a0\u00bb1&Prime; align=\u00a0\u00bbcenter\u00a0\u00bb _builder_version=\u00a0\u00bb4.14.6&Prime; _module_preset=\u00a0\u00bbdefault\u00a0\u00bb module_alignment=\u00a0\u00bbright\u00a0\u00bb custom_margin=\u00a0\u00bb|||31px||\u00a0\u00bb custom_padding=\u00a0\u00bb|0px||0px||\u00a0\u00bb global_colors_info=\u00a0\u00bb{}\u00a0\u00bb][\/et_pb_image][\/et_pb_column][\/et_pb_row][\/et_pb_section][et_pb_section fb_built=\u00a0\u00bb1&Prime; _builder_version=\u00a0\u00bb4.14.6&Prime; _module_preset=\u00a0\u00bbdefault\u00a0\u00bb custom_padding=\u00a0\u00bb0px||0px|||\u00a0\u00bb global_colors_info=\u00a0\u00bb{}\u00a0\u00bb][et_pb_row column_structure=\u00a0\u00bb2_5,3_5&Prime; _builder_version=\u00a0\u00bb4.14.6&Prime; _module_preset=\u00a0\u00bbdefault\u00a0\u00bb global_colors_info=\u00a0\u00bb{}\u00a0\u00bb][et_pb_column type=\u00a0\u00bb2_5&Prime; _builder_version=\u00a0\u00bb4.14.6&Prime; _module_preset=\u00a0\u00bbdefault\u00a0\u00bb global_colors_info=\u00a0\u00bb{}\u00a0\u00bb][et_pb_image src=\u00a0\u00bbhttps:\/\/coppelis.com\/fr\/wp-content\/uploads\/sites\/2\/2024\/09\/Design-sans-titre-2.png\u00a0\u00bb title_text=\u00a0\u00bbDesign sans titre (2)\u00a0\u00bb _builder_version=\u00a0\u00bb4.14.6&Prime; _module_preset=\u00a0\u00bbdefault\u00a0\u00bb width=\u00a0\u00bb100%\u00a0\u00bb custom_margin=\u00a0\u00bb|1px||||\u00a0\u00bb custom_padding=\u00a0\u00bb|19px|2px|0px||\u00a0\u00bb global_colors_info=\u00a0\u00bb{}\u00a0\u00bb][\/et_pb_image][\/et_pb_column][et_pb_column type=\u00a0\u00bb3_5&Prime; _builder_version=\u00a0\u00bb4.14.6&Prime; _module_preset=\u00a0\u00bbdefault\u00a0\u00bb global_colors_info=\u00a0\u00bb{}\u00a0\u00bb][et_pb_text _builder_version=\u00a0\u00bb4.14.6&Prime; _module_preset=\u00a0\u00bbdefault\u00a0\u00bb custom_margin=\u00a0\u00bb|||-20px||\u00a0\u00bb global_colors_info=\u00a0\u00bb{}\u00a0\u00bb]<h2><strong><span style=\"font-size: 36px;\">Vos Enjeux : D\u00e9fis et Objectifs<\/span><\/strong><\/h2>\n<p><span style=\"font-weight: 400;\"><\/span><\/p>\n<p><span style=\"font-weight: 400;\"><\/span><\/p>\n<ul>\n<li><strong>Validation Technique et Financi\u00e8re<\/strong> : Assurez-vous que vos projets sont r\u00e9alisables tant sur le plan technique que financier d\u00e8s la phase d\u2019\u00e9tude.<\/li>\n<li><strong>S\u00e9curit\u00e9 Juridique<\/strong> : Renforcez la s\u00e9curit\u00e9 juridique de vos projets en vous assurant que toutes les normes et r\u00e9glementations sont respect\u00e9es.<\/li>\n<li><strong>Conformit\u00e9 R\u00e9glementaire<\/strong> : Garantissez le respect des normes de construction et environnementales, y compris la gestion des risques li\u00e9s \u00e0 l\u2019amiante et autres substances nocives.<\/li>\n<li><strong>Gestion des R\u00e9serves<\/strong> : Supervisez efficacement la lev\u00e9e des r\u00e9serves et assurez-vous que toutes les corrections n\u00e9cessaires sont effectu\u00e9es avant la r\u00e9ception des travaux.<\/li>\n<li><strong>Pilotage Global<\/strong> : Suivez en temps r\u00e9el l\u2019avancement de vos projets et pilotez efficacement leur r\u00e9alisation jusqu&rsquo;\u00e0 la livraison finale.<\/li>\n<\/ul>[\/et_pb_text][\/et_pb_column][\/et_pb_row][\/et_pb_section][et_pb_section fb_built=\u00a0\u00bb1&Prime; _builder_version=\u00a0\u00bb4.14.6&Prime; _module_preset=\u00a0\u00bbdefault\u00a0\u00bb custom_padding=\u00a0\u00bb0px||50px|||\u00a0\u00bb global_colors_info=\u00a0\u00bb{}\u00a0\u00bb][et_pb_row _builder_version=\u00a0\u00bb4.14.6&Prime; _module_preset=\u00a0\u00bbdefault\u00a0\u00bb global_colors_info=\u00a0\u00bb{}\u00a0\u00bb][et_pb_column type=\u00a0\u00bb4_4&Prime; _builder_version=\u00a0\u00bb4.14.6&Prime; _module_preset=\u00a0\u00bbdefault\u00a0\u00bb global_colors_info=\u00a0\u00bb{}\u00a0\u00bb][et_pb_text _builder_version=\u00a0\u00bb4.14.6&Prime; _module_preset=\u00a0\u00bbdefault\u00a0\u00bb global_colors_info=\u00a0\u00bb{}\u00a0\u00bb]<h2 style=\"text-align: center; font-size: 36px;\"><strong>Notre Approche : Un Accompagnement Global pour Vos Projets<\/strong><\/h2>\n<p><span style=\"font-weight: 400;\"><\/span><\/p>\n<p><span style=\"font-weight: 400;\"><\/span><\/p>\n<p style=\"text-align: center;\">La s\u00e9curit\u00e9, la conformit\u00e9 et le succ\u00e8s de vos projets sont notre priorit\u00e9. Coppelis vous accompagne tout au long du cycle de vie de votre projet, depuis l\u2019instruction compl\u00e8te des dossiers de risque, le contr\u00f4le de la conformit\u00e9, jusqu\u2019\u00e0 la gestion des r\u00e9serves et des chantiers en temps r\u00e9el.<\/p>\n<p style=\"text-align: center;\">Notre solution innovante est con\u00e7ue pour vous offrir une gestion proactive et s\u00e9curis\u00e9e de vos projets, en vous assurant de respecter les r\u00e9glementations en vigueur \u00e0 chaque \u00e9tape.<\/p>[\/et_pb_text][\/et_pb_column][\/et_pb_row][\/et_pb_section][et_pb_section fb_built=\u00a0\u00bb1&Prime; _builder_version=\u00a0\u00bb4.14.6&Prime; _module_preset=\u00a0\u00bbdefault\u00a0\u00bb background_color=\u00a0\u00bb#FE4A00&Prime; custom_padding=\u00a0\u00bb9px||0px|||\u00a0\u00bb global_colors_info=\u00a0\u00bb{}\u00a0\u00bb][et_pb_row column_structure=\u00a0\u00bb2_3,1_3&Prime; _builder_version=\u00a0\u00bb4.14.6&Prime; _module_preset=\u00a0\u00bbdefault\u00a0\u00bb global_colors_info=\u00a0\u00bb{}\u00a0\u00bb][et_pb_column type=\u00a0\u00bb2_3&Prime; _builder_version=\u00a0\u00bb4.14.6&Prime; _module_preset=\u00a0\u00bbdefault\u00a0\u00bb global_colors_info=\u00a0\u00bb{}\u00a0\u00bb][et_pb_text _builder_version=\u00a0\u00bb4.14.6&Prime; _module_preset=\u00a0\u00bbdefault\u00a0\u00bb custom_margin=\u00a0\u00bb|-50px||||\u00a0\u00bb global_colors_info=\u00a0\u00bb{}\u00a0\u00bb]<p><span style=\"color: #ffffff;\"><strong>D\u00e9couvrez d\u00e8s aujourd&rsquo;hui comment Coppelis peut transformer la gestion de vos projets en un processus efficace et conforme.<\/strong> Contactez-nous pour en savoir plus et b\u00e9n\u00e9ficiez d\u2019une solution adapt\u00e9e \u00e0 vos besoins sp\u00e9cifiques !<\/span><\/p>[\/et_pb_text][\/et_pb_column][et_pb_column type=\u00a0\u00bb1_3&Prime; _builder_version=\u00a0\u00bb4.14.6&Prime; _module_preset=\u00a0\u00bbdefault\u00a0\u00bb global_colors_info=\u00a0\u00bb{}\u00a0\u00bb][et_pb_cta button_url=\u00a0\u00bbhttps:\/\/coppelis.com\/fr\/contact\/\u00a0\u00bb button_text=\u00a0\u00bbContactez-nous !\u00a0\u00bb _builder_version=\u00a0\u00bb4.14.6&Prime; background_color=\u00a0\u00bbrgba(0,0,0,0)\u00a0\u00bb locked=\u00a0\u00bboff\u00a0\u00bb global_colors_info=\u00a0\u00bb{}\u00a0\u00bb button_text_size__hover_enabled=\u00a0\u00bboff\u00a0\u00bb button_one_text_size__hover_enabled=\u00a0\u00bboff\u00a0\u00bb button_two_text_size__hover_enabled=\u00a0\u00bboff\u00a0\u00bb button_text_color__hover_enabled=\u00a0\u00bboff\u00a0\u00bb button_one_text_color__hover_enabled=\u00a0\u00bboff\u00a0\u00bb button_two_text_color__hover_enabled=\u00a0\u00bboff\u00a0\u00bb button_border_width__hover_enabled=\u00a0\u00bboff\u00a0\u00bb button_one_border_width__hover_enabled=\u00a0\u00bboff\u00a0\u00bb button_two_border_width__hover_enabled=\u00a0\u00bboff\u00a0\u00bb button_border_color__hover_enabled=\u00a0\u00bboff\u00a0\u00bb button_one_border_color__hover_enabled=\u00a0\u00bboff\u00a0\u00bb button_two_border_color__hover_enabled=\u00a0\u00bboff\u00a0\u00bb button_border_radius__hover_enabled=\u00a0\u00bboff\u00a0\u00bb button_one_border_radius__hover_enabled=\u00a0\u00bboff\u00a0\u00bb button_two_border_radius__hover_enabled=\u00a0\u00bboff\u00a0\u00bb button_letter_spacing__hover_enabled=\u00a0\u00bboff\u00a0\u00bb button_one_letter_spacing__hover_enabled=\u00a0\u00bboff\u00a0\u00bb button_two_letter_spacing__hover_enabled=\u00a0\u00bboff\u00a0\u00bb button_bg_color__hover_enabled=\u00a0\u00bboff\u00a0\u00bb button_one_bg_color__hover_enabled=\u00a0\u00bboff\u00a0\u00bb button_two_bg_color__hover_enabled=\u00a0\u00bboff\u00a0\u00bb][\/et_pb_cta][\/et_pb_column][\/et_pb_row][\/et_pb_section]\n","protected":false},"excerpt":{"rendered":"<p>Pr\u00e9paration, Suivi, et Gestion : Votre Solution Int\u00e9gr\u00e9e En tant que bureau d&rsquo;\u00e9tude, valider la faisabilit\u00e9 technique et financi\u00e8re de vos projets est primordial. Une gestion optimale d\u00e8s la phase d&rsquo;\u00e9tude s&rsquo;av\u00e8re donc essentielle. Gr\u00e2ce \u00e0 notre plateforme innovante, centralisez toutes vos t\u00e2ches m\u00e9tiers pour assurer une prise en charge compl\u00e8te de chaque aspect du [&hellip;]<\/p>\n","protected":false},"author":13,"featured_media":0,"parent":0,"menu_order":0,"comment_status":"closed","ping_status":"closed","template":"","meta":{"_et_pb_use_builder":"on","_et_pb_old_content":"","_et_gb_content_width":"","footnotes":""},"class_list":["post-6534","page","type-page","status-publish","hentry"],"_links":{"self":[{"href":"https:\/\/coppelis.com\/fr\/wp-json\/wp\/v2\/pages\/6534","targetHints":{"allow":["GET"]}}],"collection":[{"href":"https:\/\/coppelis.com\/fr\/wp-json\/wp\/v2\/pages"}],"about":[{"href":"https:\/\/coppelis.com\/fr\/wp-json\/wp\/v2\/types\/page"}],"author":[{"embeddable":true,"href":"https:\/\/coppelis.com\/fr\/wp-json\/wp\/v2\/users\/13"}],"replies":[{"embeddable":true,"href":"https:\/\/coppelis.com\/fr\/wp-json\/wp\/v2\/comments?post=6534"}],"version-history":[{"count":3,"href":"https:\/\/coppelis.com\/fr\/wp-json\/wp\/v2\/pages\/6534\/revisions"}],"predecessor-version":[{"id":6587,"href":"https:\/\/coppelis.com\/fr\/wp-json\/wp\/v2\/pages\/6534\/revisions\/6587"}],"wp:attachment":[{"href":"https:\/\/coppelis.com\/fr\/wp-json\/wp\/v2\/media?parent=6534"}],"curies":[{"name":"wp","href":"https:\/\/api.w.org\/{rel}","templated":true}]}}