{"id":6527,"date":"2024-09-18T20:23:06","date_gmt":"2024-09-18T18:23:06","guid":{"rendered":"https:\/\/coppelis.com\/fr\/?page_id=6527"},"modified":"2024-09-18T20:23:08","modified_gmt":"2024-09-18T18:23:08","slug":"mitre-douvrage","status":"publish","type":"page","link":"https:\/\/coppelis.com\/fr\/mitre-douvrage\/","title":{"rendered":"Ma\u00eetre d&rsquo;Ouvrage : Ma\u00eetrisez la Gestion de Vos Biens avec S\u00e9r\u00e9nit\u00e9"},"content":{"rendered":"\n[et_pb_section fb_built=\u00a0\u00bb1&Prime; _builder_version=\u00a0\u00bb4.14.6&Prime; _module_preset=\u00a0\u00bbdefault\u00a0\u00bb use_background_color_gradient=\u00a0\u00bbon\u00a0\u00bb background_image=\u00a0\u00bbhttps:\/\/coppelis.com\/fr\/wp-content\/uploads\/sites\/2\/2024\/09\/Proprietaires-1.png\u00a0\u00bb custom_padding=\u00a0\u00bb||240px|||\u00a0\u00bb global_colors_info=\u00a0\u00bb{}\u00a0\u00bb][\/et_pb_section][et_pb_section fb_built=\u00a0\u00bb1&Prime; _builder_version=\u00a0\u00bb4.14.6&Prime; _module_preset=\u00a0\u00bbdefault\u00a0\u00bb custom_padding=\u00a0\u00bb32px||0px|||\u00a0\u00bb global_colors_info=\u00a0\u00bb{}\u00a0\u00bb][et_pb_row _builder_version=\u00a0\u00bb4.14.6&Prime; _module_preset=\u00a0\u00bbdefault\u00a0\u00bb global_colors_info=\u00a0\u00bb{}\u00a0\u00bb][et_pb_column type=\u00a0\u00bb4_4&Prime; _builder_version=\u00a0\u00bb4.14.6&Prime; _module_preset=\u00a0\u00bbdefault\u00a0\u00bb global_colors_info=\u00a0\u00bb{}\u00a0\u00bb][et_pb_text _builder_version=\u00a0\u00bb4.14.6&Prime; _module_preset=\u00a0\u00bbdefault\u00a0\u00bb hover_enabled=\u00a0\u00bb0&Prime; global_colors_info=\u00a0\u00bb{}\u00a0\u00bb sticky_enabled=\u00a0\u00bb0&Prime;]<h1 style=\"text-align: center; font-size: 37px;\"><strong>Solution pour les Ma\u00eetres d&rsquo;Ouvrage : Une Gestion Compl\u00e8te et Optimis\u00e9e<\/strong><\/h1>\n<p><strong><\/strong><\/p>\n<p style=\"text-align: center;\">En tant que ma\u00eetre d&rsquo;ouvrage, assurer la valorisation et l\u2019entretien optimal de vos biens immobiliers est essentiel. Notre plateforme innovante vous permet de centraliser toutes les op\u00e9rations, de l&rsquo;\u00e9valuation des besoins \u00e0 la maintenance et au suivi des travaux.<\/p>\n<p style=\"text-align: center;\">Suivez le respect des jalons, garantissez la conformit\u00e9, surveillez les performances, et calculez facilement le retour sur investissement (ROI) pour une gestion efficace et rentable de vos projets.<\/p>[\/et_pb_text][\/et_pb_column][\/et_pb_row][et_pb_row _builder_version=\u00a0\u00bb4.14.6&Prime; _module_preset=\u00a0\u00bbdefault\u00a0\u00bb global_colors_info=\u00a0\u00bb{}\u00a0\u00bb][et_pb_column type=\u00a0\u00bb4_4&Prime; _builder_version=\u00a0\u00bb4.14.6&Prime; _module_preset=\u00a0\u00bbdefault\u00a0\u00bb global_colors_info=\u00a0\u00bb{}\u00a0\u00bb][et_pb_button button_url=\u00a0\u00bbhttps:\/\/coppelis.com\/fr\/contact-devis\/\u00a0\u00bb button_text=\u00a0\u00bbDemandez une D\u00e9mo\u00a0\u00bb button_alignment=\u00a0\u00bbcenter\u00a0\u00bb _builder_version=\u00a0\u00bb4.14.6&Prime; _module_preset=\u00a0\u00bbdefault\u00a0\u00bb custom_button=\u00a0\u00bbon\u00a0\u00bb button_text_color=\u00a0\u00bb#FFFFFF\u00a0\u00bb button_bg_color=\u00a0\u00bb#FE4A00&Prime; hover_enabled=\u00a0\u00bb0&Prime; global_colors_info=\u00a0\u00bb{}\u00a0\u00bb sticky_enabled=\u00a0\u00bb0&Prime;][\/et_pb_button][\/et_pb_column][\/et_pb_row][\/et_pb_section][et_pb_section fb_built=\u00a0\u00bb1&Prime; _builder_version=\u00a0\u00bb4.14.6&Prime; _module_preset=\u00a0\u00bbdefault\u00a0\u00bb custom_padding=\u00a0\u00bb0px||0px|||\u00a0\u00bb global_colors_info=\u00a0\u00bb{}\u00a0\u00bb][et_pb_row column_structure=\u00a0\u00bb3_5,2_5&Prime; _builder_version=\u00a0\u00bb4.14.6&Prime; _module_preset=\u00a0\u00bbdefault\u00a0\u00bb global_colors_info=\u00a0\u00bb{}\u00a0\u00bb][et_pb_column type=\u00a0\u00bb3_5&Prime; _builder_version=\u00a0\u00bb4.14.6&Prime; _module_preset=\u00a0\u00bbdefault\u00a0\u00bb global_colors_info=\u00a0\u00bb{}\u00a0\u00bb][et_pb_text _builder_version=\u00a0\u00bb4.14.6&Prime; _module_preset=\u00a0\u00bbdefault\u00a0\u00bb custom_margin=\u00a0\u00bb|-29px||||\u00a0\u00bb global_colors_info=\u00a0\u00bb{}\u00a0\u00bb]<h2><strong><span style=\"font-size: 36px;\">D\u00e9couvrez Coppelis : <\/span><\/strong><\/h2>\n<h2><strong><span style=\"font-size: 36px;\">Votre Partenaire pour une Gestion<\/span><\/strong><\/h2>\n<h2><strong><span style=\"font-size: 36px;\"> Efficace des Propri\u00e9t\u00e9s<\/span><\/strong><\/h2>\n<p><span style=\"font-weight: 400;\"><\/span><\/p>\n<h3><b>Centralisation des Actes M\u00e9tiers<\/b><\/h3>\n<p><strong><\/strong><br \/>Avec Coppelis, b\u00e9n\u00e9ficiez d\u2019une solution unique pour g\u00e9rer tous les aspects de vos propri\u00e9t\u00e9s.<\/p>\n<p>De l\u2019identification des interventions n\u00e9cessaires \u00e0 la gestion des prises de rendez-vous, en passant par la r\u00e9alisation des comptes-rendus en temps r\u00e9el, notre plateforme facilite la coordination et l\u2019optimisation de vos op\u00e9rations immobili\u00e8res.<\/p>[\/et_pb_text][\/et_pb_column][et_pb_column type=\u00a0\u00bb2_5&Prime; _builder_version=\u00a0\u00bb4.14.6&Prime; _module_preset=\u00a0\u00bbdefault\u00a0\u00bb global_colors_info=\u00a0\u00bb{}\u00a0\u00bb][et_pb_image src=\u00a0\u00bbhttps:\/\/coppelis.com\/fr\/wp-content\/uploads\/sites\/2\/2024\/07\/1-1.png\u00a0\u00bb title_text=\u00a0\u00bb1&Prime; align=\u00a0\u00bbcenter\u00a0\u00bb _builder_version=\u00a0\u00bb4.14.6&Prime; _module_preset=\u00a0\u00bbdefault\u00a0\u00bb module_alignment=\u00a0\u00bbright\u00a0\u00bb custom_margin=\u00a0\u00bb|||22px||\u00a0\u00bb custom_padding=\u00a0\u00bb|0px||49px||\u00a0\u00bb global_colors_info=\u00a0\u00bb{}\u00a0\u00bb][\/et_pb_image][\/et_pb_column][\/et_pb_row][\/et_pb_section][et_pb_section fb_built=\u00a0\u00bb1&Prime; _builder_version=\u00a0\u00bb4.14.6&Prime; _module_preset=\u00a0\u00bbdefault\u00a0\u00bb custom_padding=\u00a0\u00bb0px||0px|||\u00a0\u00bb global_colors_info=\u00a0\u00bb{}\u00a0\u00bb][et_pb_row column_structure=\u00a0\u00bb2_5,3_5&Prime; _builder_version=\u00a0\u00bb4.14.6&Prime; _module_preset=\u00a0\u00bbdefault\u00a0\u00bb global_colors_info=\u00a0\u00bb{}\u00a0\u00bb][et_pb_column type=\u00a0\u00bb2_5&Prime; _builder_version=\u00a0\u00bb4.14.6&Prime; _module_preset=\u00a0\u00bbdefault\u00a0\u00bb global_colors_info=\u00a0\u00bb{}\u00a0\u00bb][et_pb_image src=\u00a0\u00bbhttps:\/\/coppelis.com\/fr\/wp-content\/uploads\/sites\/2\/2024\/09\/Design-sans-titre-4.png\u00a0\u00bb title_text=\u00a0\u00bbDesign sans titre (4)\u00a0\u00bb _builder_version=\u00a0\u00bb4.14.6&Prime; _module_preset=\u00a0\u00bbdefault\u00a0\u00bb width=\u00a0\u00bb100%\u00a0\u00bb custom_margin=\u00a0\u00bb|1px||||\u00a0\u00bb custom_padding=\u00a0\u00bb|31px|2px|0px||\u00a0\u00bb global_colors_info=\u00a0\u00bb{}\u00a0\u00bb][\/et_pb_image][\/et_pb_column][et_pb_column type=\u00a0\u00bb3_5&Prime; _builder_version=\u00a0\u00bb4.14.6&Prime; _module_preset=\u00a0\u00bbdefault\u00a0\u00bb global_colors_info=\u00a0\u00bb{}\u00a0\u00bb][et_pb_text _builder_version=\u00a0\u00bb4.14.6&Prime; _module_preset=\u00a0\u00bbdefault\u00a0\u00bb custom_margin=\u00a0\u00bb|||-20px||\u00a0\u00bb global_colors_info=\u00a0\u00bb{}\u00a0\u00bb]<h2><strong><span style=\"font-size: 36px;\">Vos Enjeux : D\u00e9fis et Objectifs<\/span><\/strong><\/h2>\n<p><span style=\"font-weight: 400;\"><\/span><\/p>\n<p><span style=\"font-weight: 400;\"><\/span><\/p>\n<ul>\n<li><strong>Entretien Pr\u00e9ventif et Curatif<\/strong> : Assurez un entretien r\u00e9gulier pour pr\u00e9server la valeur de vos biens et anticiper les \u00e9ventuels probl\u00e8mes.<\/li>\n<li><strong>Gestion des Interventions<\/strong> : Organisez efficacement les travaux de maintenance, r\u00e9novations ou r\u00e9parations sur vos propri\u00e9t\u00e9s.<\/li>\n<li><strong>Suivi en Temps R\u00e9el<\/strong> : Recevez des comptes-rendus d\u00e9taill\u00e9s des travaux en cours et suivez l\u2019avancement de chaque intervention.<\/li>\n<li><strong>Conformit\u00e9 R\u00e9glementaire<\/strong> : Garantissez que toutes les interventions respectent les normes de s\u00e9curit\u00e9 et de construction en vigueur.<\/li>\n<\/ul>[\/et_pb_text][\/et_pb_column][\/et_pb_row][\/et_pb_section][et_pb_section fb_built=\u00a0\u00bb1&Prime; _builder_version=\u00a0\u00bb4.14.6&Prime; _module_preset=\u00a0\u00bbdefault\u00a0\u00bb custom_padding=\u00a0\u00bb0px||50px|||\u00a0\u00bb global_colors_info=\u00a0\u00bb{}\u00a0\u00bb][et_pb_row _builder_version=\u00a0\u00bb4.14.6&Prime; _module_preset=\u00a0\u00bbdefault\u00a0\u00bb global_colors_info=\u00a0\u00bb{}\u00a0\u00bb][et_pb_column type=\u00a0\u00bb4_4&Prime; _builder_version=\u00a0\u00bb4.14.6&Prime; _module_preset=\u00a0\u00bbdefault\u00a0\u00bb global_colors_info=\u00a0\u00bb{}\u00a0\u00bb][et_pb_text _builder_version=\u00a0\u00bb4.14.6&Prime; _module_preset=\u00a0\u00bbdefault\u00a0\u00bb global_colors_info=\u00a0\u00bb{}\u00a0\u00bb]<h2 style=\"text-align: center; font-size: 36px;\"><strong>Notre Approche : Un Accompagnement pour la Gestion des Propri\u00e9t\u00e9s<\/strong><\/h2>\n<p><span style=\"font-weight: 400;\"><\/span><\/p>\n<p><span style=\"font-weight: 400;\"><\/span><\/p>\n<p style=\"text-align: center;\">La gestion efficace de vos biens immobiliers est notre priorit\u00e9. Coppelis vous accompagne \u00e0 chaque \u00e9tape, depuis la planification des interventions jusqu\u2019\u00e0 la gestion quotidienne des travaux. Notre solution innovante vous aide \u00e0 maintenir vos propri\u00e9t\u00e9s en bon \u00e9tat tout en assurant une gestion fluide et conforme aux r\u00e9glementations.<\/p>[\/et_pb_text][\/et_pb_column][\/et_pb_row][\/et_pb_section][et_pb_section fb_built=\u00a0\u00bb1&Prime; _builder_version=\u00a0\u00bb4.14.6&Prime; _module_preset=\u00a0\u00bbdefault\u00a0\u00bb background_color=\u00a0\u00bb#FE4A00&Prime; custom_padding=\u00a0\u00bb9px||0px|||\u00a0\u00bb global_colors_info=\u00a0\u00bb{}\u00a0\u00bb][et_pb_row column_structure=\u00a0\u00bb2_3,1_3&Prime; _builder_version=\u00a0\u00bb4.14.6&Prime; _module_preset=\u00a0\u00bbdefault\u00a0\u00bb global_colors_info=\u00a0\u00bb{}\u00a0\u00bb][et_pb_column type=\u00a0\u00bb2_3&Prime; _builder_version=\u00a0\u00bb4.14.6&Prime; _module_preset=\u00a0\u00bbdefault\u00a0\u00bb global_colors_info=\u00a0\u00bb{}\u00a0\u00bb][et_pb_text _builder_version=\u00a0\u00bb4.14.6&Prime; _module_preset=\u00a0\u00bbdefault\u00a0\u00bb custom_margin=\u00a0\u00bb|-50px||||\u00a0\u00bb global_colors_info=\u00a0\u00bb{}\u00a0\u00bb]<p><span style=\"color: #ffffff;\"><strong>D\u00e9couvrez d\u00e8s aujourd&rsquo;hui comment Coppelis peut am\u00e9liorer la gestion de vos propri\u00e9t\u00e9s et optimiser vos op\u00e9rations.<\/strong> Contactez-nous pour en savoir plus et b\u00e9n\u00e9ficiez d\u2019une solution sur-mesure adapt\u00e9e \u00e0 vos besoins sp\u00e9cifiques !<\/span><\/p>[\/et_pb_text][\/et_pb_column][et_pb_column type=\u00a0\u00bb1_3&Prime; _builder_version=\u00a0\u00bb4.14.6&Prime; _module_preset=\u00a0\u00bbdefault\u00a0\u00bb global_colors_info=\u00a0\u00bb{}\u00a0\u00bb][et_pb_cta button_url=\u00a0\u00bbhttps:\/\/coppelis.com\/fr\/contact\/\u00a0\u00bb button_text=\u00a0\u00bbContactez-nous !\u00a0\u00bb _builder_version=\u00a0\u00bb4.14.6&Prime; background_color=\u00a0\u00bbrgba(0,0,0,0)\u00a0\u00bb hover_enabled=\u00a0\u00bb0&Prime; locked=\u00a0\u00bboff\u00a0\u00bb global_colors_info=\u00a0\u00bb{}\u00a0\u00bb button_text_size__hover_enabled=\u00a0\u00bboff\u00a0\u00bb button_one_text_size__hover_enabled=\u00a0\u00bboff\u00a0\u00bb button_two_text_size__hover_enabled=\u00a0\u00bboff\u00a0\u00bb button_text_color__hover_enabled=\u00a0\u00bboff\u00a0\u00bb button_one_text_color__hover_enabled=\u00a0\u00bboff\u00a0\u00bb button_two_text_color__hover_enabled=\u00a0\u00bboff\u00a0\u00bb button_border_width__hover_enabled=\u00a0\u00bboff\u00a0\u00bb button_one_border_width__hover_enabled=\u00a0\u00bboff\u00a0\u00bb button_two_border_width__hover_enabled=\u00a0\u00bboff\u00a0\u00bb button_border_color__hover_enabled=\u00a0\u00bboff\u00a0\u00bb button_one_border_color__hover_enabled=\u00a0\u00bboff\u00a0\u00bb button_two_border_color__hover_enabled=\u00a0\u00bboff\u00a0\u00bb button_border_radius__hover_enabled=\u00a0\u00bboff\u00a0\u00bb button_one_border_radius__hover_enabled=\u00a0\u00bboff\u00a0\u00bb button_two_border_radius__hover_enabled=\u00a0\u00bboff\u00a0\u00bb button_letter_spacing__hover_enabled=\u00a0\u00bboff\u00a0\u00bb button_one_letter_spacing__hover_enabled=\u00a0\u00bboff\u00a0\u00bb button_two_letter_spacing__hover_enabled=\u00a0\u00bboff\u00a0\u00bb button_bg_color__hover_enabled=\u00a0\u00bboff\u00a0\u00bb button_one_bg_color__hover_enabled=\u00a0\u00bboff\u00a0\u00bb button_two_bg_color__hover_enabled=\u00a0\u00bboff\u00a0\u00bb sticky_enabled=\u00a0\u00bb0&Prime;][\/et_pb_cta][\/et_pb_column][\/et_pb_row][\/et_pb_section]\n","protected":false},"excerpt":{"rendered":"<p>Solution pour les Ma\u00eetres d&rsquo;Ouvrage : Une Gestion Compl\u00e8te et Optimis\u00e9e En tant que ma\u00eetre d&rsquo;ouvrage, assurer la valorisation et l\u2019entretien optimal de vos biens immobiliers est essentiel. Notre plateforme innovante vous permet de centraliser toutes les op\u00e9rations, de l&rsquo;\u00e9valuation des besoins \u00e0 la maintenance et au suivi des travaux. Suivez le respect des jalons, [&hellip;]<\/p>\n","protected":false},"author":13,"featured_media":0,"parent":0,"menu_order":0,"comment_status":"closed","ping_status":"closed","template":"","meta":{"_et_pb_use_builder":"on","_et_pb_old_content":"","_et_gb_content_width":"","footnotes":""},"class_list":["post-6527","page","type-page","status-publish","hentry"],"_links":{"self":[{"href":"https:\/\/coppelis.com\/fr\/wp-json\/wp\/v2\/pages\/6527","targetHints":{"allow":["GET"]}}],"collection":[{"href":"https:\/\/coppelis.com\/fr\/wp-json\/wp\/v2\/pages"}],"about":[{"href":"https:\/\/coppelis.com\/fr\/wp-json\/wp\/v2\/types\/page"}],"author":[{"embeddable":true,"href":"https:\/\/coppelis.com\/fr\/wp-json\/wp\/v2\/users\/13"}],"replies":[{"embeddable":true,"href":"https:\/\/coppelis.com\/fr\/wp-json\/wp\/v2\/comments?post=6527"}],"version-history":[{"count":5,"href":"https:\/\/coppelis.com\/fr\/wp-json\/wp\/v2\/pages\/6527\/revisions"}],"predecessor-version":[{"id":6590,"href":"https:\/\/coppelis.com\/fr\/wp-json\/wp\/v2\/pages\/6527\/revisions\/6590"}],"wp:attachment":[{"href":"https:\/\/coppelis.com\/fr\/wp-json\/wp\/v2\/media?parent=6527"}],"curies":[{"name":"wp","href":"https:\/\/api.w.org\/{rel}","templated":true}]}}