{"id":6380,"date":"2024-09-18T20:18:02","date_gmt":"2024-09-18T18:18:02","guid":{"rendered":"https:\/\/coppelis.com\/fr\/?page_id=6380"},"modified":"2025-03-25T16:04:00","modified_gmt":"2025-03-25T15:04:00","slug":"solution-digitale-pour-la-gestion-d-immobilier-et-du-btp-3","status":"publish","type":"page","link":"https:\/\/coppelis.com\/fr\/solution-digitale-pour-la-gestion-d-immobilier-et-du-btp-3\/","title":{"rendered":"Coppelis : Votre Solution pour des Villes Intelligentes et Efficaces"},"content":{"rendered":"<p>[et_pb_section fb_built=\u00a0\u00bb1&Prime; _builder_version=\u00a0\u00bb4.14.6&Prime; _module_preset=\u00a0\u00bbdefault\u00a0\u00bb background_image=\u00a0\u00bbhttps:\/\/coppelis.com\/fr\/wp-content\/uploads\/sites\/2\/2024\/09\/smart-cities.png\u00a0\u00bb min_height=\u00a0\u00bb355px\u00a0\u00bb custom_margin=\u00a0\u00bb||-135px|||\u00a0\u00bb custom_padding=\u00a0\u00bb27px||17px|||\u00a0\u00bb global_colors_info=\u00a0\u00bb{}\u00a0\u00bb][et_pb_row column_structure=\u00a0\u00bb3_5,2_5&Prime; _builder_version=\u00a0\u00bb4.14.6&Prime; _module_preset=\u00a0\u00bbdefault\u00a0\u00bb global_colors_info=\u00a0\u00bb{}\u00a0\u00bb][et_pb_column type=\u00a0\u00bb3_5&Prime; _builder_version=\u00a0\u00bb4.14.6&Prime; _module_preset=\u00a0\u00bbdefault\u00a0\u00bb global_colors_info=\u00a0\u00bb{}\u00a0\u00bb][\/et_pb_column][et_pb_column type=\u00a0\u00bb2_5&Prime; _builder_version=\u00a0\u00bb4.14.6&Prime; _module_preset=\u00a0\u00bbdefault\u00a0\u00bb global_colors_info=\u00a0\u00bb{}\u00a0\u00bb][et_pb_text _builder_version=\u00a0\u00bb4.14.6&Prime; _module_preset=\u00a0\u00bbdefault\u00a0\u00bb global_colors_info=\u00a0\u00bb{}\u00a0\u00bb]<\/p>\n<h1><span style=\"color: #ffffff;\"><b>Coppelis : Votre Solution pour des Villes Intelligentes et Efficaces<\/b><\/span><\/h1>\n<p>[\/et_pb_text][et_pb_text _builder_version=\u00a0\u00bb4.14.6&Prime; _module_preset=\u00a0\u00bbdefault\u00a0\u00bb global_colors_info=\u00a0\u00bb{}\u00a0\u00bb]<\/p>\n<p><span style=\"font-weight: 400; color: #ffffff;\">D\u00e9couvrez comment Coppelis peut transformer la gestion des infrastructures urbaines en optimisant la surveillance des actifs et l&rsquo;automatisation de la maintenance pour une ville plus intelligente et efficace.<\/span><\/p>\n<p>[\/et_pb_text][\/et_pb_column][\/et_pb_row][\/et_pb_section][et_pb_section fb_built=\u00a0\u00bb1&Prime; _builder_version=\u00a0\u00bb4.14.6&Prime; _module_preset=\u00a0\u00bbdefault\u00a0\u00bb custom_margin=\u00a0\u00bb125px|||||\u00a0\u00bb custom_padding=\u00a0\u00bb0px||7px|||\u00a0\u00bb global_colors_info=\u00a0\u00bb{}\u00a0\u00bb][et_pb_row _builder_version=\u00a0\u00bb4.14.6&Prime; _module_preset=\u00a0\u00bbdefault\u00a0\u00bb custom_padding=\u00a0\u00bb51px|||||\u00a0\u00bb global_colors_info=\u00a0\u00bb{}\u00a0\u00bb][et_pb_column type=\u00a0\u00bb4_4&Prime; _builder_version=\u00a0\u00bb4.14.6&Prime; _module_preset=\u00a0\u00bbdefault\u00a0\u00bb global_colors_info=\u00a0\u00bb{}\u00a0\u00bb][et_pb_text _builder_version=\u00a0\u00bb4.14.6&Prime; _module_preset=\u00a0\u00bbdefault\u00a0\u00bb global_colors_info=\u00a0\u00bb{}\u00a0\u00bb]<\/p>\n<h2 style=\"text-align: center;\"><b>Coppelis : R\u00e9volutionnant la Gestion des Smart Cities<\/b><\/h2>\n<p><b><\/b><\/p>\n<p style=\"text-align: center;\"><span style=\"font-weight: 400;\">Coppelis propose des solutions innovantes pour la gestion en temps r\u00e9el des installations urbaines. Nos outils permettent une surveillance efficace des actifs et une automatisation des t\u00e2ches de maintenance, garantissant ainsi un fonctionnement optimal des infrastructures de la ville.<\/span><\/p>\n<p>[\/et_pb_text][\/et_pb_column][\/et_pb_row][\/et_pb_section][et_pb_section fb_built=\u00a0\u00bb1&Prime; _builder_version=\u00a0\u00bb4.14.6&Prime; _module_preset=\u00a0\u00bbdefault\u00a0\u00bb global_colors_info=\u00a0\u00bb{}\u00a0\u00bb][et_pb_row column_structure=\u00a0\u00bb1_2,1_2&Prime; _builder_version=\u00a0\u00bb4.14.6&Prime; _module_preset=\u00a0\u00bbdefault\u00a0\u00bb custom_margin=\u00a0\u00bb-43px|auto||auto||\u00a0\u00bb global_colors_info=\u00a0\u00bb{}\u00a0\u00bb][et_pb_column type=\u00a0\u00bb1_2&Prime; _builder_version=\u00a0\u00bb4.14.6&Prime; _module_preset=\u00a0\u00bbdefault\u00a0\u00bb global_colors_info=\u00a0\u00bb{}\u00a0\u00bb][et_pb_text _builder_version=\u00a0\u00bb4.14.6&Prime; _module_preset=\u00a0\u00bbdefault\u00a0\u00bb custom_padding=\u00a0\u00bb47px|||||\u00a0\u00bb global_colors_info=\u00a0\u00bb{}\u00a0\u00bb]<\/p>\n<h2><b>Les D\u00e9fis Actuels des Smart Cities<\/b><\/h2>\n<p><b><\/b><\/p>\n<p><span style=\"font-weight: 400;\">La gestion des infrastructures urbaines pr\u00e9sente des d\u00e9fis complexes n\u00e9cessitant une surveillance constante et une maintenance proactive. <\/span><\/p>\n<p><span style=\"font-weight: 400;\">Les villes intelligentes doivent int\u00e9grer des technologies avanc\u00e9es pour am\u00e9liorer la qualit\u00e9 de vie de leurs habitants tout en optimisant l&rsquo;utilisation des ressources.<\/span><\/p>\n<p>[\/et_pb_text][\/et_pb_column][et_pb_column type=\u00a0\u00bb1_2&Prime; _builder_version=\u00a0\u00bb4.14.6&Prime; _module_preset=\u00a0\u00bbdefault\u00a0\u00bb global_colors_info=\u00a0\u00bb{}\u00a0\u00bb][et_pb_image src=\u00a0\u00bbhttps:\/\/coppelis.com\/fr\/wp-content\/uploads\/sites\/2\/2024\/06\/Smart-cities.png\u00a0\u00bb title_text=\u00a0\u00bbSmart cities\u00a0\u00bb _builder_version=\u00a0\u00bb4.14.6&Prime; _module_preset=\u00a0\u00bbdefault\u00a0\u00bb global_colors_info=\u00a0\u00bb{}\u00a0\u00bb][\/et_pb_image][\/et_pb_column][\/et_pb_row][\/et_pb_section][et_pb_section fb_built=\u00a0\u00bb1&Prime; _builder_version=\u00a0\u00bb4.14.6&Prime; _module_preset=\u00a0\u00bbdefault\u00a0\u00bb background_color=\u00a0\u00bb#29475f\u00a0\u00bb global_colors_info=\u00a0\u00bb{}\u00a0\u00bb][et_pb_row _builder_version=\u00a0\u00bb4.14.6&Prime; _module_preset=\u00a0\u00bbdefault\u00a0\u00bb global_colors_info=\u00a0\u00bb{}\u00a0\u00bb][et_pb_column type=\u00a0\u00bb4_4&Prime; _builder_version=\u00a0\u00bb4.14.6&Prime; _module_preset=\u00a0\u00bbdefault\u00a0\u00bb global_colors_info=\u00a0\u00bb{}\u00a0\u00bb][et_pb_text _builder_version=\u00a0\u00bb4.14.6&Prime; _module_preset=\u00a0\u00bbdefault\u00a0\u00bb global_colors_info=\u00a0\u00bb{}\u00a0\u00bb]<\/p>\n<h2><span style=\"color: #ffffff;\"><b>Engagement de Coppelis pour l&rsquo;Optimisation des Smart Cities<\/b><\/span><\/h2>\n<p><span style=\"color: #ffffff;\"><b><\/b><\/span><\/p>\n<p><span style=\"font-weight: 400; color: #ffffff;\">Coppelis s&rsquo;engage \u00e0 relever ces d\u00e9fis en proposant des solutions logicielles avanc\u00e9es.\u00a0<\/span><\/p>\n<p><span style=\"color: #ffffff;\"><b>Avec notre expertise, nous offrons :<\/b><\/span><\/p>\n<p><span style=\"color: #ffffff;\"><b><\/b><b>Gestion en temps r\u00e9el :<\/b><span style=\"font-weight: 400;\"> Surveillance constante des installations pour d\u00e9tecter et r\u00e9soudre les probl\u00e8mes rapidement.<\/span><\/span><\/p>\n<p><span style=\"color: #ffffff;\"><b><\/b><b>Surveillance des actifs :<\/b><span style=\"font-weight: 400;\"> Suivi d\u00e9taill\u00e9 des infrastructures pour garantir leur bon \u00e9tat et pr\u00e9venir les pannes.<\/span><\/span><\/p>\n<p><span style=\"color: #ffffff;\"><b><\/b><b>Automatisation de la maintenance :<\/b><span style=\"font-weight: 400;\"> Mise en place de processus automatis\u00e9s pour la maintenance proactive et r\u00e9active.<\/span><\/span><\/p>\n<p><span style=\"color: #ffffff;\"><b><\/b> <b>Gestion sans papier : <\/b><span style=\"font-weight: 400;\">Stockage des informations dans le cloud, accessible via smartphone ou tablette pour une gestion fluide et \u00e9cologique.<\/span><\/span><\/p>\n<p><span style=\"color: #ffffff;\"><b><\/b><b>Interventions optimis\u00e9es :<\/b><span style=\"font-weight: 400;\"> Planification et ex\u00e9cution efficaces des t\u00e2ches de maintenance pour un fonctionnement sans interruption.<\/span><\/span>[\/et_pb_text][\/et_pb_column][\/et_pb_row][\/et_pb_section][et_pb_section fb_built=\u00a0\u00bb1&Prime; _builder_version=\u00a0\u00bb4.14.6&Prime; _module_preset=\u00a0\u00bbdefault\u00a0\u00bb min_height=\u00a0\u00bb396.7px\u00a0\u00bb custom_padding=\u00a0\u00bb||||false|false\u00a0\u00bb locked=\u00a0\u00bboff\u00a0\u00bb global_colors_info=\u00a0\u00bb{}\u00a0\u00bb][et_pb_row column_structure=\u00a0\u00bb1_5,1_5,1_5,1_5,1_5&Prime; _builder_version=\u00a0\u00bb4.14.6&Prime; _module_preset=\u00a0\u00bbdefault\u00a0\u00bb custom_padding=\u00a0\u00bb10px||||false|false\u00a0\u00bb global_colors_info=\u00a0\u00bb{}\u00a0\u00bb][et_pb_column type=\u00a0\u00bb1_5&Prime; _builder_version=\u00a0\u00bb4.14.6&Prime; _module_preset=\u00a0\u00bbdefault\u00a0\u00bb global_colors_info=\u00a0\u00bb{}\u00a0\u00bb][et_pb_blurb title=\u00a0\u00bbInnovation \u00a0\u00bb use_icon=\u00a0\u00bbon\u00a0\u00bb font_icon=\u00a0\u00bb&#x52;||divi||400&Prime; icon_placement=\u00a0\u00bbleft\u00a0\u00bb _builder_version=\u00a0\u00bb4.14.6&Prime; _module_preset=\u00a0\u00bbdefault\u00a0\u00bb global_colors_info=\u00a0\u00bb{}\u00a0\u00bb]<\/p>\n<p><span>Int\u00e9gration de technologies avanc\u00e9es pour une gestion urbaine optimis\u00e9e.<\/span><\/p>\n<p>[\/et_pb_blurb][\/et_pb_column][et_pb_column type=\u00a0\u00bb1_5&Prime; _builder_version=\u00a0\u00bb4.14.6&Prime; _module_preset=\u00a0\u00bbdefault\u00a0\u00bb global_colors_info=\u00a0\u00bb{}\u00a0\u00bb][et_pb_blurb title=\u00a0\u00bbSurveillance  \u00a0\u00bb use_icon=\u00a0\u00bbon\u00a0\u00bb font_icon=\u00a0\u00bb&#x52;||divi||400&Prime; icon_placement=\u00a0\u00bbleft\u00a0\u00bb _builder_version=\u00a0\u00bb4.14.6&Prime; _module_preset=\u00a0\u00bbdefault\u00a0\u00bb global_colors_info=\u00a0\u00bb{}\u00a0\u00bb]<\/p>\n<p><span>Suivi en temps r\u00e9el pour une r\u00e9activit\u00e9 accrue.<\/span><\/p>\n<p>[\/et_pb_blurb][\/et_pb_column][et_pb_column type=\u00a0\u00bb1_5&Prime; _builder_version=\u00a0\u00bb4.14.6&Prime; _module_preset=\u00a0\u00bbdefault\u00a0\u00bb global_colors_info=\u00a0\u00bb{}\u00a0\u00bb][et_pb_blurb title=\u00a0\u00bbAutomatisation\u00a0\u00bb use_icon=\u00a0\u00bbon\u00a0\u00bb font_icon=\u00a0\u00bb&#x52;||divi||400&Prime; icon_placement=\u00a0\u00bbleft\u00a0\u00bb _builder_version=\u00a0\u00bb4.14.6&Prime; _module_preset=\u00a0\u00bbdefault\u00a0\u00bb global_colors_info=\u00a0\u00bb{}\u00a0\u00bb]<\/p>\n<p><span>Maintenance proactive et automatis\u00e9e pour r\u00e9duire les interruptions.<\/span><\/p>\n<p>[\/et_pb_blurb][\/et_pb_column][et_pb_column type=\u00a0\u00bb1_5&Prime; _builder_version=\u00a0\u00bb4.14.6&Prime; _module_preset=\u00a0\u00bbdefault\u00a0\u00bb global_colors_info=\u00a0\u00bb{}\u00a0\u00bb][et_pb_blurb title=\u00a0\u00bbAccessibilit\u00e9\u00a0\u00bb use_icon=\u00a0\u00bbon\u00a0\u00bb font_icon=\u00a0\u00bb&#x52;||divi||400&Prime; icon_placement=\u00a0\u00bbleft\u00a0\u00bb _builder_version=\u00a0\u00bb4.14.6&Prime; _module_preset=\u00a0\u00bbdefault\u00a0\u00bb global_colors_info=\u00a0\u00bb{}\u00a0\u00bb]<\/p>\n<p><span>Informations centralis\u00e9es et accessibles en tout temps pour une meilleure gestion.<\/span><\/p>\n<p>[\/et_pb_blurb][\/et_pb_column][et_pb_column type=\u00a0\u00bb1_5&Prime; _builder_version=\u00a0\u00bb4.14.6&Prime; _module_preset=\u00a0\u00bbdefault\u00a0\u00bb global_colors_info=\u00a0\u00bb{}\u00a0\u00bb][et_pb_blurb title=\u00a0\u00bbDurabilit\u00e9\u00a0\u00bb use_icon=\u00a0\u00bbon\u00a0\u00bb font_icon=\u00a0\u00bb&#x52;||divi||400&Prime; icon_placement=\u00a0\u00bbleft\u00a0\u00bb _builder_version=\u00a0\u00bb4.14.6&Prime; _module_preset=\u00a0\u00bbdefault\u00a0\u00bb global_colors_info=\u00a0\u00bb{}\u00a0\u00bb]<\/p>\n<p><span>Pratiques de gestion durable pour une ville plus verte et plus r\u00e9siliente.<\/span><\/p>\n<p>[\/et_pb_blurb][\/et_pb_column][\/et_pb_row][\/et_pb_section][et_pb_section fb_built=\u00a0\u00bb1&Prime; _builder_version=\u00a0\u00bb4.14.6&Prime; _module_preset=\u00a0\u00bbdefault\u00a0\u00bb background_color=\u00a0\u00bb#FE4A00&Prime; custom_padding=\u00a0\u00bb9px||0px|||\u00a0\u00bb global_colors_info=\u00a0\u00bb{}\u00a0\u00bb][et_pb_row column_structure=\u00a0\u00bb3_5,2_5&Prime; _builder_version=\u00a0\u00bb4.14.6&Prime; _module_preset=\u00a0\u00bbdefault\u00a0\u00bb global_colors_info=\u00a0\u00bb{}\u00a0\u00bb][et_pb_column type=\u00a0\u00bb3_5&Prime; _builder_version=\u00a0\u00bb4.14.6&Prime; _module_preset=\u00a0\u00bbdefault\u00a0\u00bb global_colors_info=\u00a0\u00bb{}\u00a0\u00bb][et_pb_text _builder_version=\u00a0\u00bb4.14.6&Prime; _module_preset=\u00a0\u00bbdefault\u00a0\u00bb global_colors_info=\u00a0\u00bb{}\u00a0\u00bb]<\/p>\n<p><span style=\"color: #ffffff;\">Pr\u00eat \u00e0 r\u00e9volutionner vos activit\u00e9s dans les smart cities ? Associez-vous \u00e0 nous et d\u00e9couvrez la puissance de nos solutions num\u00e9riques de pointe.<\/span><\/p>\n<p><span style=\"color: #ffffff;\">Contactez-nous d\u00e8s aujourd&rsquo;hui pour organiser une consultation et d\u00e9couvrir comment COPPELIS peut aider votre entreprise \u00e0 prosp\u00e9rer dans ce secteur dynamique des smart cities.<\/span><\/p>\n<p>[\/et_pb_text][\/et_pb_column][et_pb_column type=\u00a0\u00bb2_5&Prime; _builder_version=\u00a0\u00bb4.14.6&Prime; _module_preset=\u00a0\u00bbdefault\u00a0\u00bb global_colors_info=\u00a0\u00bb{}\u00a0\u00bb][et_pb_cta button_url=\u00a0\u00bbhttps:\/\/coppelis.com\/fr\/contact\/\u00a0\u00bb button_text=\u00a0\u00bbContactez-nous !\u00a0\u00bb _builder_version=\u00a0\u00bb4.14.6&Prime; background_color=\u00a0\u00bbrgba(0,0,0,0)\u00a0\u00bb locked=\u00a0\u00bboff\u00a0\u00bb global_colors_info=\u00a0\u00bb{}\u00a0\u00bb button_text_size__hover_enabled=\u00a0\u00bboff\u00a0\u00bb button_one_text_size__hover_enabled=\u00a0\u00bboff\u00a0\u00bb button_two_text_size__hover_enabled=\u00a0\u00bboff\u00a0\u00bb button_text_color__hover_enabled=\u00a0\u00bboff\u00a0\u00bb button_one_text_color__hover_enabled=\u00a0\u00bboff\u00a0\u00bb button_two_text_color__hover_enabled=\u00a0\u00bboff\u00a0\u00bb button_border_width__hover_enabled=\u00a0\u00bboff\u00a0\u00bb button_one_border_width__hover_enabled=\u00a0\u00bboff\u00a0\u00bb button_two_border_width__hover_enabled=\u00a0\u00bboff\u00a0\u00bb button_border_color__hover_enabled=\u00a0\u00bboff\u00a0\u00bb button_one_border_color__hover_enabled=\u00a0\u00bboff\u00a0\u00bb button_two_border_color__hover_enabled=\u00a0\u00bboff\u00a0\u00bb button_border_radius__hover_enabled=\u00a0\u00bboff\u00a0\u00bb button_one_border_radius__hover_enabled=\u00a0\u00bboff\u00a0\u00bb button_two_border_radius__hover_enabled=\u00a0\u00bboff\u00a0\u00bb button_letter_spacing__hover_enabled=\u00a0\u00bboff\u00a0\u00bb button_one_letter_spacing__hover_enabled=\u00a0\u00bboff\u00a0\u00bb button_two_letter_spacing__hover_enabled=\u00a0\u00bboff\u00a0\u00bb button_bg_color__hover_enabled=\u00a0\u00bboff\u00a0\u00bb button_one_bg_color__hover_enabled=\u00a0\u00bboff\u00a0\u00bb button_two_bg_color__hover_enabled=\u00a0\u00bboff\u00a0\u00bb][\/et_pb_cta][\/et_pb_column][\/et_pb_row][\/et_pb_section]<\/p>\n","protected":false},"excerpt":{"rendered":"<p>Coppelis : Votre Solution pour des Villes Intelligentes et EfficacesD\u00e9couvrez comment Coppelis peut transformer la gestion des infrastructures urbaines en optimisant la surveillance des actifs et l&rsquo;automatisation de la maintenance pour une ville plus intelligente et efficace.Coppelis : R\u00e9volutionnant la Gestion des Smart Cities Coppelis propose des solutions innovantes pour la gestion en temps r\u00e9el [&hellip;]<\/p>\n","protected":false},"author":13,"featured_media":0,"parent":0,"menu_order":0,"comment_status":"closed","ping_status":"closed","template":"","meta":{"_et_pb_use_builder":"on","_et_pb_old_content":"","_et_gb_content_width":"","footnotes":""},"class_list":["post-6380","page","type-page","status-publish","hentry"],"_links":{"self":[{"href":"https:\/\/coppelis.com\/fr\/wp-json\/wp\/v2\/pages\/6380","targetHints":{"allow":["GET"]}}],"collection":[{"href":"https:\/\/coppelis.com\/fr\/wp-json\/wp\/v2\/pages"}],"about":[{"href":"https:\/\/coppelis.com\/fr\/wp-json\/wp\/v2\/types\/page"}],"author":[{"embeddable":true,"href":"https:\/\/coppelis.com\/fr\/wp-json\/wp\/v2\/users\/13"}],"replies":[{"embeddable":true,"href":"https:\/\/coppelis.com\/fr\/wp-json\/wp\/v2\/comments?post=6380"}],"version-history":[{"count":10,"href":"https:\/\/coppelis.com\/fr\/wp-json\/wp\/v2\/pages\/6380\/revisions"}],"predecessor-version":[{"id":6965,"href":"https:\/\/coppelis.com\/fr\/wp-json\/wp\/v2\/pages\/6380\/revisions\/6965"}],"wp:attachment":[{"href":"https:\/\/coppelis.com\/fr\/wp-json\/wp\/v2\/media?parent=6380"}],"curies":[{"name":"wp","href":"https:\/\/api.w.org\/{rel}","templated":true}]}}