{"id":6370,"date":"2024-09-18T20:18:32","date_gmt":"2024-09-18T18:18:32","guid":{"rendered":"https:\/\/coppelis.com\/fr\/?page_id=6370"},"modified":"2025-03-25T16:02:54","modified_gmt":"2025-03-25T15:02:54","slug":"solution-digitale-pour-la-maintenance","status":"publish","type":"page","link":"https:\/\/coppelis.com\/fr\/solution-digitale-pour-la-maintenance\/","title":{"rendered":"Coppelis : Votre Solution pour une Maintenance Efficace et Pr\u00e9cise"},"content":{"rendered":"<p>[et_pb_section fb_built=\u00a0\u00bb1&Prime; _builder_version=\u00a0\u00bb4.14.6&Prime; _module_preset=\u00a0\u00bbdefault\u00a0\u00bb background_image=\u00a0\u00bbhttps:\/\/coppelis.com\/fr\/wp-content\/uploads\/sites\/2\/2024\/09\/maintenance.png\u00a0\u00bb min_height=\u00a0\u00bb146px\u00a0\u00bb custom_margin=\u00a0\u00bb||-142px|||\u00a0\u00bb custom_padding=\u00a0\u00bb27px||0px|||\u00a0\u00bb hover_enabled=\u00a0\u00bb0&Prime; global_colors_info=\u00a0\u00bb{}\u00a0\u00bb sticky_enabled=\u00a0\u00bb0&Prime;][et_pb_row column_structure=\u00a0\u00bb3_5,2_5&Prime; _builder_version=\u00a0\u00bb4.14.6&Prime; _module_preset=\u00a0\u00bbdefault\u00a0\u00bb custom_margin=\u00a0\u00bb|218px||auto||\u00a0\u00bb global_colors_info=\u00a0\u00bb{}\u00a0\u00bb][et_pb_column type=\u00a0\u00bb3_5&Prime; _builder_version=\u00a0\u00bb4.14.6&Prime; _module_preset=\u00a0\u00bbdefault\u00a0\u00bb global_colors_info=\u00a0\u00bb{}\u00a0\u00bb][\/et_pb_column][et_pb_column type=\u00a0\u00bb2_5&Prime; _builder_version=\u00a0\u00bb4.14.6&Prime; _module_preset=\u00a0\u00bbdefault\u00a0\u00bb global_colors_info=\u00a0\u00bb{}\u00a0\u00bb][et_pb_text _builder_version=\u00a0\u00bb4.14.6&Prime; _module_preset=\u00a0\u00bbdefault\u00a0\u00bb global_colors_info=\u00a0\u00bb{}\u00a0\u00bb]<\/p>\n<h1><strong><span style=\"color: #ffffff;\">COPPELIS : Votre Solution Digitale pour une Maintenance Efficace et Pr\u00e9cise<\/span><\/strong><\/h1>\n<p>[\/et_pb_text][et_pb_text _builder_version=\u00a0\u00bb4.14.6&Prime; _module_preset=\u00a0\u00bbdefault\u00a0\u00bb global_colors_info=\u00a0\u00bb{}\u00a0\u00bb]<\/p>\n<p><span style=\"font-weight: 400; color: #ffffff;\">D\u00e9couvrez comment Coppelis peut optimiser la planification et la gestion de la maintenance corrective et pr\u00e9ventive, en garantissant le bon fonctionnement des \u00e9quipements essentiels tels que la climatisation, le chauffage, les ascenseurs et la s\u00e9curit\u00e9 incendie.<\/span><\/p>\n<p>[\/et_pb_text][\/et_pb_column][\/et_pb_row][\/et_pb_section][et_pb_section fb_built=\u00a0\u00bb1&Prime; _builder_version=\u00a0\u00bb4.14.6&Prime; _module_preset=\u00a0\u00bbdefault\u00a0\u00bb custom_margin=\u00a0\u00bb143px|||||\u00a0\u00bb custom_padding=\u00a0\u00bb0px||7px|||\u00a0\u00bb global_colors_info=\u00a0\u00bb{}\u00a0\u00bb][et_pb_row _builder_version=\u00a0\u00bb4.14.6&Prime; _module_preset=\u00a0\u00bbdefault\u00a0\u00bb custom_padding=\u00a0\u00bb51px|||||\u00a0\u00bb global_colors_info=\u00a0\u00bb{}\u00a0\u00bb custom_margin=\u00a0\u00bb-15px|auto||auto||\u00a0\u00bb min_height=\u00a0\u00bb183.8px\u00a0\u00bb][et_pb_column type=\u00a0\u00bb4_4&Prime; _builder_version=\u00a0\u00bb4.14.6&Prime; _module_preset=\u00a0\u00bbdefault\u00a0\u00bb global_colors_info=\u00a0\u00bb{}\u00a0\u00bb][et_pb_text _builder_version=\u00a0\u00bb4.14.6&Prime; _module_preset=\u00a0\u00bbdefault\u00a0\u00bb global_colors_info=\u00a0\u00bb{}\u00a0\u00bb]<\/p>\n<h2 style=\"text-align: center;\"><strong>Coppelis : R\u00e9volutionnant la Gestion de la Maintenance<\/strong><\/h2>\n<p><strong><\/strong><\/p>\n<p style=\"text-align: center;\"><span style=\"font-weight: 400;\">Coppelis propose des solutions innovantes pour planifier et g\u00e9rer efficacement la maintenance corrective et pr\u00e9ventive. Nos outils permettent une coordination optimale des \u00e9quipes, assurant des interventions rapides et bien ex\u00e9cut\u00e9es pour maintenir les \u00e9quipements en parfait \u00e9tat de fonctionnement.<\/span><\/p>\n<p>[\/et_pb_text][\/et_pb_column][\/et_pb_row][\/et_pb_section][et_pb_section fb_built=\u00a0\u00bb1&Prime; _builder_version=\u00a0\u00bb4.14.6&Prime; _module_preset=\u00a0\u00bbdefault\u00a0\u00bb global_colors_info=\u00a0\u00bb{}\u00a0\u00bb][et_pb_row column_structure=\u00a0\u00bb1_2,1_2&Prime; _builder_version=\u00a0\u00bb4.14.6&Prime; _module_preset=\u00a0\u00bbdefault\u00a0\u00bb custom_margin=\u00a0\u00bb-43px|auto||auto||\u00a0\u00bb global_colors_info=\u00a0\u00bb{}\u00a0\u00bb][et_pb_column type=\u00a0\u00bb1_2&Prime; _builder_version=\u00a0\u00bb4.14.6&Prime; _module_preset=\u00a0\u00bbdefault\u00a0\u00bb global_colors_info=\u00a0\u00bb{}\u00a0\u00bb][et_pb_text _builder_version=\u00a0\u00bb4.14.6&Prime; _module_preset=\u00a0\u00bbdefault\u00a0\u00bb custom_padding=\u00a0\u00bb44px|||||\u00a0\u00bb global_colors_info=\u00a0\u00bb{}\u00a0\u00bb]<\/p>\n<h2><strong>Les D\u00e9fis Actuels de la Maintenance des \u00c9quipements<\/strong><\/h2>\n<p><span style=\"font-weight: 400;\"><\/span><\/p>\n<p><span style=\"font-weight: 400;\">La gestion quotidienne des \u00e9quipements tels que la climatisation, le chauffage, les ascenseurs et la s\u00e9curit\u00e9 incendie est essentielle pour garantir leur bon fonctionnement. <\/span><\/p>\n<p><span style=\"font-weight: 400;\">Les interventions doivent \u00eatre planifi\u00e9es et ex\u00e9cut\u00e9es de mani\u00e8re pr\u00e9cise pour \u00e9viter les pannes et assurer la s\u00e9curit\u00e9 des utilisateurs.<\/span><\/p>\n<p>[\/et_pb_text][\/et_pb_column][et_pb_column type=\u00a0\u00bb1_2&Prime; _builder_version=\u00a0\u00bb4.14.6&Prime; _module_preset=\u00a0\u00bbdefault\u00a0\u00bb global_colors_info=\u00a0\u00bb{}\u00a0\u00bb][et_pb_image src=\u00a0\u00bbhttps:\/\/coppelis.com\/fr\/wp-content\/uploads\/sites\/2\/2024\/06\/covers-COPPELIS-4.png\u00a0\u00bb alt=\u00a0\u00bbclimatisation, chauffage, ascenseurs et s\u00e9curit\u00e9 incendie\u00a0\u00bb title_text=\u00a0\u00bbclimatisation, chauffage, ascenseurs et s\u00e9curit\u00e9 incendie\u00a0\u00bb _builder_version=\u00a0\u00bb4.14.6&Prime; _module_preset=\u00a0\u00bbdefault\u00a0\u00bb global_colors_info=\u00a0\u00bb{}\u00a0\u00bb][\/et_pb_image][\/et_pb_column][\/et_pb_row][\/et_pb_section][et_pb_section fb_built=\u00a0\u00bb1&Prime; _builder_version=\u00a0\u00bb4.14.6&Prime; _module_preset=\u00a0\u00bbdefault\u00a0\u00bb background_color=\u00a0\u00bb#29475f\u00a0\u00bb global_colors_info=\u00a0\u00bb{}\u00a0\u00bb][et_pb_row _builder_version=\u00a0\u00bb4.14.6&Prime; _module_preset=\u00a0\u00bbdefault\u00a0\u00bb global_colors_info=\u00a0\u00bb{}\u00a0\u00bb][et_pb_column type=\u00a0\u00bb4_4&Prime; _builder_version=\u00a0\u00bb4.14.6&Prime; _module_preset=\u00a0\u00bbdefault\u00a0\u00bb global_colors_info=\u00a0\u00bb{}\u00a0\u00bb][et_pb_text _builder_version=\u00a0\u00bb4.14.6&Prime; _module_preset=\u00a0\u00bbdefault\u00a0\u00bb global_colors_info=\u00a0\u00bb{}\u00a0\u00bb]<\/p>\n<h2><span style=\"color: #ffffff;\"><strong>Engagement de Coppelis pour l&rsquo;Optimisation de la Maintenance<\/strong><\/span><\/h2>\n<p><span style=\"color: #ffffff;\"><strong><\/strong><\/span><\/p>\n<p><span style=\"font-weight: 400; color: #ffffff;\">Coppelis s&rsquo;engage \u00e0 relever ces d\u00e9fis en proposant des solutions logicielles avanc\u00e9es.\u00a0<\/span><\/p>\n<p><span style=\"color: #ffffff;\"><b>Avec notre expertise, nous offrons :<\/b><\/span><\/p>\n<p><span style=\"color: #ffffff;\"><b>Planification optimis\u00e9e :<\/b><span style=\"font-weight: 400;\"> Organisation efficace des t\u00e2ches de maintenance corrective et pr\u00e9ventive pour une meilleure gestion des ressources.<\/span><\/span><\/p>\n<p><span style=\"color: #ffffff;\"><b R\u00e9partition simplifi\u00e9e :<\/b><span style=\"font-weight: 400;\"> Attribution des interventions aux techniciens en fonction de leur disponibilit\u00e9 et comp\u00e9tence.<\/span><\/span><\/p>\n<p><span style=\"color: #ffffff;\"><b>Suivi en temps r\u00e9el :<\/b><span style=\"font-weight: 400;\"> Surveillance des op\u00e9rations de maintenance gr\u00e2ce \u00e0 des outils de suivi GPS, permettant une intervention rapide.<\/span><\/span><\/p>\n<p><span style=\"color: #ffffff;\"><b>Gestion sans papier :<\/b><span style=\"font-weight: 400;\"> Stockage des informations dans le cloud, accessible via smartphone ou tablette pour une gestion fluide et \u00e9cologique.<\/span><\/span><\/p>\n<p><span style=\"color: #ffffff;\"><b>Facturation instantan\u00e9e :<\/b><span style=\"font-weight: 400;\"> G\u00e9n\u00e9ration de factures sur place pour un processus de paiement rapide et transparent.<\/span><\/span>[\/et_pb_text][\/et_pb_column][\/et_pb_row][\/et_pb_section][et_pb_section fb_built=\u00a0\u00bb1&Prime; _builder_version=\u00a0\u00bb4.14.6&Prime; _module_preset=\u00a0\u00bbdefault\u00a0\u00bb min_height=\u00a0\u00bb396.7px\u00a0\u00bb custom_padding=\u00a0\u00bb||19px||false|false\u00a0\u00bb locked=\u00a0\u00bboff\u00a0\u00bb global_colors_info=\u00a0\u00bb{}\u00a0\u00bb][et_pb_row column_structure=\u00a0\u00bb1_5,1_5,1_5,1_5,1_5&Prime; _builder_version=\u00a0\u00bb4.14.6&Prime; _module_preset=\u00a0\u00bbdefault\u00a0\u00bb custom_padding=\u00a0\u00bb10px||||false|false\u00a0\u00bb global_colors_info=\u00a0\u00bb{}\u00a0\u00bb][et_pb_column type=\u00a0\u00bb1_5&Prime; _builder_version=\u00a0\u00bb4.14.6&Prime; _module_preset=\u00a0\u00bbdefault\u00a0\u00bb global_colors_info=\u00a0\u00bb{}\u00a0\u00bb][et_pb_blurb title=\u00a0\u00bbFiabilit\u00e9 \u00a0\u00bb use_icon=\u00a0\u00bbon\u00a0\u00bb font_icon=\u00a0\u00bb&#x52;||divi||400&Prime; icon_placement=\u00a0\u00bbleft\u00a0\u00bb _builder_version=\u00a0\u00bb4.14.6&Prime; _module_preset=\u00a0\u00bbdefault\u00a0\u00bb global_colors_info=\u00a0\u00bb{}\u00a0\u00bb]<\/p>\n<p><span>Am\u00e9lioration de la planification pour des interventions ponctuelles et efficaces.<\/span><\/p>\n<p>[\/et_pb_blurb][\/et_pb_column][et_pb_column type=\u00a0\u00bb1_5&Prime; _builder_version=\u00a0\u00bb4.14.6&Prime; _module_preset=\u00a0\u00bbdefault\u00a0\u00bb global_colors_info=\u00a0\u00bb{}\u00a0\u00bb][et_pb_blurb title=\u00a0\u00bbOptimisation\u00a0\u00bb use_icon=\u00a0\u00bbon\u00a0\u00bb font_icon=\u00a0\u00bb&#x52;||divi||400&Prime; icon_placement=\u00a0\u00bbleft\u00a0\u00bb _builder_version=\u00a0\u00bb4.14.6&Prime; _module_preset=\u00a0\u00bbdefault\u00a0\u00bb global_colors_info=\u00a0\u00bb{}\u00a0\u00bb]<\/p>\n<p><span>Utilisation optimale des ressources et des \u00e9quipements.<\/span><\/p>\n<p>[\/et_pb_blurb][\/et_pb_column][et_pb_column type=\u00a0\u00bb1_5&Prime; _builder_version=\u00a0\u00bb4.14.6&Prime; _module_preset=\u00a0\u00bbdefault\u00a0\u00bb global_colors_info=\u00a0\u00bb{}\u00a0\u00bb][et_pb_blurb title=\u00a0\u00bbS\u00e9curit\u00e9\u00a0\u00bb use_icon=\u00a0\u00bbon\u00a0\u00bb font_icon=\u00a0\u00bb&#x52;||divi||400&Prime; icon_placement=\u00a0\u00bbleft\u00a0\u00bb _builder_version=\u00a0\u00bb4.14.6&Prime; _module_preset=\u00a0\u00bbdefault\u00a0\u00bb global_colors_info=\u00a0\u00bb{}\u00a0\u00bb]<\/p>\n<p><span>Garantir la s\u00e9curit\u00e9 des utilisateurs par une maintenance pr\u00e9ventive et corrective rigoureuse.<\/span><\/p>\n<p>[\/et_pb_blurb][\/et_pb_column][et_pb_column type=\u00a0\u00bb1_5&Prime; _builder_version=\u00a0\u00bb4.14.6&Prime; _module_preset=\u00a0\u00bbdefault\u00a0\u00bb global_colors_info=\u00a0\u00bb{}\u00a0\u00bb][et_pb_blurb title=\u00a0\u00bbAccessibilit\u00e9 \u00a0\u00bb use_icon=\u00a0\u00bbon\u00a0\u00bb font_icon=\u00a0\u00bb&#x52;||divi||400&Prime; icon_placement=\u00a0\u00bbleft\u00a0\u00bb _builder_version=\u00a0\u00bb4.14.6&Prime; _module_preset=\u00a0\u00bbdefault\u00a0\u00bb global_colors_info=\u00a0\u00bb{}\u00a0\u00bb]<\/p>\n<p><span>Informations centralis\u00e9es et accessibles en tout temps pour une meilleure gestion.<\/span><\/p>\n<p>[\/et_pb_blurb][\/et_pb_column][et_pb_column type=\u00a0\u00bb1_5&Prime; _builder_version=\u00a0\u00bb4.14.6&Prime; _module_preset=\u00a0\u00bbdefault\u00a0\u00bb global_colors_info=\u00a0\u00bb{}\u00a0\u00bb][et_pb_blurb title=\u00a0\u00bbDurabilit\u00e9\u00a0\u00bb use_icon=\u00a0\u00bbon\u00a0\u00bb font_icon=\u00a0\u00bb&#x52;||divi||400&Prime; icon_placement=\u00a0\u00bbleft\u00a0\u00bb _builder_version=\u00a0\u00bb4.14.6&Prime; _module_preset=\u00a0\u00bbdefault\u00a0\u00bb global_colors_info=\u00a0\u00bb{}\u00a0\u00bb]<\/p>\n<p><span>Pratiques de maintenance durables pour prolonger la vie des \u00e9quipements.<\/span><\/p>\n<p>[\/et_pb_blurb][\/et_pb_column][\/et_pb_row][\/et_pb_section][et_pb_section fb_built=\u00a0\u00bb1&Prime; _builder_version=\u00a0\u00bb4.14.6&Prime; _module_preset=\u00a0\u00bbdefault\u00a0\u00bb background_color=\u00a0\u00bb#FE4A00&Prime; custom_padding=\u00a0\u00bb9px||0px|||\u00a0\u00bb global_colors_info=\u00a0\u00bb{}\u00a0\u00bb][et_pb_row column_structure=\u00a0\u00bb3_5,2_5&Prime; _builder_version=\u00a0\u00bb4.14.6&Prime; _module_preset=\u00a0\u00bbdefault\u00a0\u00bb global_colors_info=\u00a0\u00bb{}\u00a0\u00bb][et_pb_column type=\u00a0\u00bb3_5&Prime; _builder_version=\u00a0\u00bb4.14.6&Prime; _module_preset=\u00a0\u00bbdefault\u00a0\u00bb global_colors_info=\u00a0\u00bb{}\u00a0\u00bb][et_pb_text _builder_version=\u00a0\u00bb4.14.6&Prime; _module_preset=\u00a0\u00bbdefault\u00a0\u00bb background_layout=\u00a0\u00bbdark\u00a0\u00bb global_colors_info=\u00a0\u00bb{}\u00a0\u00bb]<\/p>\n<p>Pr\u00eat \u00e0 r\u00e9volutionner vos activit\u00e9s dans le secteur maintenance ? Associez-vous \u00e0 nous et d\u00e9couvrez la puissance de nos solutions num\u00e9riques de pointe.<\/p>\n<p>Contactez-nous d\u00e8s aujourd&rsquo;hui pour organiser une consultation et d\u00e9couvrir comment COPPELIS peut aider votre entreprise \u00e0 prosp\u00e9rer dans ce secteur dynamique de la maintenance.<\/p>\n<p>[\/et_pb_text][\/et_pb_column][et_pb_column type=\u00a0\u00bb2_5&Prime; _builder_version=\u00a0\u00bb4.14.6&Prime; _module_preset=\u00a0\u00bbdefault\u00a0\u00bb global_colors_info=\u00a0\u00bb{}\u00a0\u00bb][et_pb_cta button_url=\u00a0\u00bbhttps:\/\/coppelis.com\/fr\/contact\/\u00a0\u00bb button_text=\u00a0\u00bbContactez-nous !\u00a0\u00bb _builder_version=\u00a0\u00bb4.14.6&Prime; background_color=\u00a0\u00bbrgba(0,0,0,0)\u00a0\u00bb locked=\u00a0\u00bboff\u00a0\u00bb global_colors_info=\u00a0\u00bb{}\u00a0\u00bb button_text_size__hover_enabled=\u00a0\u00bboff\u00a0\u00bb button_one_text_size__hover_enabled=\u00a0\u00bboff\u00a0\u00bb button_two_text_size__hover_enabled=\u00a0\u00bboff\u00a0\u00bb button_text_color__hover_enabled=\u00a0\u00bboff\u00a0\u00bb button_one_text_color__hover_enabled=\u00a0\u00bboff\u00a0\u00bb button_two_text_color__hover_enabled=\u00a0\u00bboff\u00a0\u00bb button_border_width__hover_enabled=\u00a0\u00bboff\u00a0\u00bb button_one_border_width__hover_enabled=\u00a0\u00bboff\u00a0\u00bb button_two_border_width__hover_enabled=\u00a0\u00bboff\u00a0\u00bb button_border_color__hover_enabled=\u00a0\u00bboff\u00a0\u00bb button_one_border_color__hover_enabled=\u00a0\u00bboff\u00a0\u00bb button_two_border_color__hover_enabled=\u00a0\u00bboff\u00a0\u00bb button_border_radius__hover_enabled=\u00a0\u00bboff\u00a0\u00bb button_one_border_radius__hover_enabled=\u00a0\u00bboff\u00a0\u00bb button_two_border_radius__hover_enabled=\u00a0\u00bboff\u00a0\u00bb button_letter_spacing__hover_enabled=\u00a0\u00bboff\u00a0\u00bb button_one_letter_spacing__hover_enabled=\u00a0\u00bboff\u00a0\u00bb button_two_letter_spacing__hover_enabled=\u00a0\u00bboff\u00a0\u00bb button_bg_color__hover_enabled=\u00a0\u00bboff\u00a0\u00bb button_one_bg_color__hover_enabled=\u00a0\u00bboff\u00a0\u00bb button_two_bg_color__hover_enabled=\u00a0\u00bboff\u00a0\u00bb][\/et_pb_cta][\/et_pb_column][\/et_pb_row][\/et_pb_section]<\/p>\n","protected":false},"excerpt":{"rendered":"<p>COPPELIS : Votre Solution Digitale pour une Maintenance Efficace et Pr\u00e9ciseD\u00e9couvrez comment Coppelis peut optimiser la planification et la gestion de la maintenance corrective et pr\u00e9ventive, en garantissant le bon fonctionnement des \u00e9quipements essentiels tels que la climatisation, le chauffage, les ascenseurs et la s\u00e9curit\u00e9 incendie.Coppelis : R\u00e9volutionnant la Gestion de la Maintenance Coppelis propose [&hellip;]<\/p>\n","protected":false},"author":13,"featured_media":0,"parent":0,"menu_order":0,"comment_status":"closed","ping_status":"closed","template":"","meta":{"_et_pb_use_builder":"on","_et_pb_old_content":"","_et_gb_content_width":"","footnotes":""},"class_list":["post-6370","page","type-page","status-publish","hentry"],"_links":{"self":[{"href":"https:\/\/coppelis.com\/fr\/wp-json\/wp\/v2\/pages\/6370","targetHints":{"allow":["GET"]}}],"collection":[{"href":"https:\/\/coppelis.com\/fr\/wp-json\/wp\/v2\/pages"}],"about":[{"href":"https:\/\/coppelis.com\/fr\/wp-json\/wp\/v2\/types\/page"}],"author":[{"embeddable":true,"href":"https:\/\/coppelis.com\/fr\/wp-json\/wp\/v2\/users\/13"}],"replies":[{"embeddable":true,"href":"https:\/\/coppelis.com\/fr\/wp-json\/wp\/v2\/comments?post=6370"}],"version-history":[{"count":13,"href":"https:\/\/coppelis.com\/fr\/wp-json\/wp\/v2\/pages\/6370\/revisions"}],"predecessor-version":[{"id":6964,"href":"https:\/\/coppelis.com\/fr\/wp-json\/wp\/v2\/pages\/6370\/revisions\/6964"}],"wp:attachment":[{"href":"https:\/\/coppelis.com\/fr\/wp-json\/wp\/v2\/media?parent=6370"}],"curies":[{"name":"wp","href":"https:\/\/api.w.org\/{rel}","templated":true}]}}