{"id":5669,"date":"2021-04-10T19:41:58","date_gmt":"2021-04-10T17:41:58","guid":{"rendered":"https:\/\/coppelis.com\/fr\/?page_id=5669"},"modified":"2021-12-12T14:25:15","modified_gmt":"2021-12-12T13:25:15","slug":"devenirpartenaire","status":"publish","type":"page","link":"https:\/\/coppelis.com\/fr\/devenirpartenaire\/","title":{"rendered":"Devenir Partenaire"},"content":{"rendered":"\n[et_pb_section fb_built=\u00a0\u00bb1&Prime; fullwidth=\u00a0\u00bbon\u00a0\u00bb _builder_version=\u00a0\u00bb4.6.5&Prime; _module_preset=\u00a0\u00bbdefault\u00a0\u00bb background_color=\u00a0\u00bb#29475F\u00a0\u00bb hover_enabled=\u00a0\u00bb0&Prime; sticky_enabled=\u00a0\u00bb0&Prime;][et_pb_fullwidth_header title=\u00a0\u00bbCoppelis Programme Partenaires\u00a0\u00bb _builder_version=\u00a0\u00bb4.6.5&Prime; _module_preset=\u00a0\u00bbdefault\u00a0\u00bb hover_enabled=\u00a0\u00bb0&Prime; sticky_enabled=\u00a0\u00bb0&Prime; background_enable_color=\u00a0\u00bboff\u00a0\u00bb]<h3><\/h3>\n<h3><\/h3>\n<h3>Nous aidons nos partenaires \u00e0 accro\u00eetre leur potentiel en leur offrant la possibilit\u00e9 de fournir \u00e0 leurs clients des Solutions Digitales Innovantes.<\/h3>\n<h3>Professionnels de l&rsquo;informatique, conseillers, consultants et agences marketing. Tout le monde est le bienvenu pour rejoindre le programme de partenariat.<\/h3>\n<p>&nbsp;<\/p>\n<h3><strong>D\u00e9veloppez votre entreprise<\/strong>, devenez l&rsquo;un de nos partenaires et ouvrez la porte \u00e0 un nouveau monde d&rsquo;opportunit\u00e9s.<\/h3>\n[\/et_pb_fullwidth_header][\/et_pb_section][et_pb_section fb_built=\u00a0\u00bb1&Prime; _builder_version=\u00a0\u00bb4.6.5&Prime; _module_preset=\u00a0\u00bbdefault\u00a0\u00bb background_color=\u00a0\u00bbrgba(214,214,214,0.32)\u00a0\u00bb hover_enabled=\u00a0\u00bb0&Prime; sticky_enabled=\u00a0\u00bb0&Prime;][et_pb_row _builder_version=\u00a0\u00bb4.6.5&Prime; _module_preset=\u00a0\u00bbdefault\u00a0\u00bb column_structure=\u00a0\u00bb1_3,1_3,1_3&Prime;][et_pb_column _builder_version=\u00a0\u00bb4.6.5&Prime; _module_preset=\u00a0\u00bbdefault\u00a0\u00bb type=\u00a0\u00bb1_3&Prime;][et_pb_blurb title=\u00a0\u00bbConseil\u00a0\u00bb _builder_version=\u00a0\u00bb4.6.5&Prime; _module_preset=\u00a0\u00bbdefault\u00a0\u00bb use_icon=\u00a0\u00bbon\u00a0\u00bb font_icon=\u00a0\u00bb%%222%%\u00a0\u00bb icon_color=\u00a0\u00bb#fe4a00&Prime; icon_placement=\u00a0\u00bbleft\u00a0\u00bb hover_enabled=\u00a0\u00bb0&Prime; sticky_enabled=\u00a0\u00bb0&Prime;]<p>Les soci\u00e9t\u00e9s de conseil fournissent des services ind\u00e9pendants pour aider et accompagner les clients dans la transformation num\u00e9rique. Sur la base du diagnostic du probl\u00e8me, ils \u00e9mettent des recommandations et aident \u00e0 la mise en \u0153uvre des solutions Coppelis.<\/p>\n[\/et_pb_blurb][\/et_pb_column][et_pb_column _builder_version=\u00a0\u00bb4.6.5&Prime; _module_preset=\u00a0\u00bbdefault\u00a0\u00bb type=\u00a0\u00bb1_3&Prime;][et_pb_blurb title=\u00a0\u00bbRevendeur\u00a0\u00bb _builder_version=\u00a0\u00bb4.6.5&Prime; _module_preset=\u00a0\u00bbdefault\u00a0\u00bb use_icon=\u00a0\u00bbon\u00a0\u00bb font_icon=\u00a0\u00bb%%286%%\u00a0\u00bb icon_color=\u00a0\u00bb#fe4a00&Prime; icon_placement=\u00a0\u00bbleft\u00a0\u00bb hover_enabled=\u00a0\u00bb0&Prime; sticky_enabled=\u00a0\u00bb0&Prime;]<p>Les partenaires revendeurs revendent une ou plusieurs solutions de Coppelis. Ils fournissent un point de contact unique pour les clients. Ils sont impliqu\u00e9s pour permettre un d\u00e9ploiement rapide et efficace et une adoption s\u00e9curis\u00e9e des clients sur le long terme.<\/p>\n[\/et_pb_blurb][\/et_pb_column][et_pb_column _builder_version=\u00a0\u00bb4.6.5&Prime; _module_preset=\u00a0\u00bbdefault\u00a0\u00bb type=\u00a0\u00bb1_3&Prime;][et_pb_blurb title=\u00a0\u00bbInt\u00e9grateur\u00a0\u00bb _builder_version=\u00a0\u00bb4.6.5&Prime; _module_preset=\u00a0\u00bbdefault\u00a0\u00bb icon_placement=\u00a0\u00bbleft\u00a0\u00bb use_icon=\u00a0\u00bbon\u00a0\u00bb font_icon=\u00a0\u00bb%%282%%\u00a0\u00bb icon_color=\u00a0\u00bb#fe4a00&Prime; hover_enabled=\u00a0\u00bb0&Prime; sticky_enabled=\u00a0\u00bb0&Prime;]<p>Les partenaires int\u00e9grateurs fournissent des services de mise en \u0153uvre des solutions Coppelis. Ils accompagnent nos clients lors des phases de d\u00e9ploiement: conseil, configuration, r\u00e9ception, support fonctionnel et formation.<\/p>\n[\/et_pb_blurb][\/et_pb_column][\/et_pb_row][\/et_pb_section][et_pb_section fb_built=\u00a0\u00bb1&Prime; _builder_version=\u00a0\u00bb4.6.5&Prime; _module_preset=\u00a0\u00bbdefault\u00a0\u00bb][et_pb_row _builder_version=\u00a0\u00bb4.6.5&Prime; _module_preset=\u00a0\u00bbdefault\u00a0\u00bb][et_pb_column _builder_version=\u00a0\u00bb4.6.5&Prime; _module_preset=\u00a0\u00bbdefault\u00a0\u00bb type=\u00a0\u00bb4_4&Prime;][et_pb_text _builder_version=\u00a0\u00bb4.6.5&Prime; _module_preset=\u00a0\u00bbdefault\u00a0\u00bb hover_enabled=\u00a0\u00bb0&Prime; sticky_enabled=\u00a0\u00bb0&Prime;]<h1 style=\"text-align: center;\">Formulaire de demande<\/h1>\n[\/et_pb_text][\/et_pb_column][\/et_pb_row][et_pb_row _builder_version=\u00a0\u00bb4.6.5&Prime; _module_preset=\u00a0\u00bbdefault\u00a0\u00bb column_structure=\u00a0\u00bb1_2,1_2&Prime;][et_pb_column _builder_version=\u00a0\u00bb4.6.5&Prime; _module_preset=\u00a0\u00bbdefault\u00a0\u00bb type=\u00a0\u00bb1_2&Prime;][et_pb_image src=\u00a0\u00bbhttps:\/\/coppelis.com\/fr\/wp-content\/uploads\/sites\/2\/2021\/04\/ccp.jpg\u00a0\u00bb _builder_version=\u00a0\u00bb4.6.5&Prime; _module_preset=\u00a0\u00bbdefault\u00a0\u00bb hover_enabled=\u00a0\u00bb0&Prime; sticky_enabled=\u00a0\u00bb0&Prime;][\/et_pb_image][\/et_pb_column][et_pb_column _builder_version=\u00a0\u00bb4.6.5&Prime; _module_preset=\u00a0\u00bbdefault\u00a0\u00bb type=\u00a0\u00bb1_2&Prime;][et_pb_code _builder_version=\u00a0\u00bb4.6.5&Prime; _module_preset=\u00a0\u00bbdefault\u00a0\u00bb hover_enabled=\u00a0\u00bb0&Prime; sticky_enabled=\u00a0\u00bb0&Prime;]<div class=\"wpforms-container wpforms-container-full\" id=\"wpforms-5679\"><form id=\"wpforms-form-5679\" class=\"wpforms-validate wpforms-form\" data-formid=\"5679\" method=\"post\" enctype=\"multipart\/form-data\" action=\"\/fr\/wp-json\/wp\/v2\/pages\/5669\" data-token=\"e0d7d0c90479d23464ee82c53cf979c6\" data-token-time=\"1776817641\"><noscript class=\"wpforms-error-noscript\">Veuillez activer JavaScript dans votre navigateur pour remplir ce formulaire.<\/noscript><div class=\"wpforms-field-container\"><div id=\"wpforms-5679-field_5-container\" class=\"wpforms-field wpforms-field-checkbox\" data-field-id=\"5\"><label class=\"wpforms-field-label\">Type de partenariat <span class=\"wpforms-required-label\">*<\/span><\/label><ul id=\"wpforms-5679-field_5\" class=\"wpforms-field-required\"><li class=\"choice-1 depth-1\"><input type=\"checkbox\" id=\"wpforms-5679-field_5_1\" name=\"wpforms[fields][5][]\" value=\"Conseil\" required ><label class=\"wpforms-field-label-inline\" for=\"wpforms-5679-field_5_1\">Conseil<\/label><\/li><li class=\"choice-2 depth-1\"><input type=\"checkbox\" id=\"wpforms-5679-field_5_2\" name=\"wpforms[fields][5][]\" value=\"Revendeur\" required ><label class=\"wpforms-field-label-inline\" for=\"wpforms-5679-field_5_2\">Revendeur<\/label><\/li><li class=\"choice-3 depth-1\"><input type=\"checkbox\" id=\"wpforms-5679-field_5_3\" name=\"wpforms[fields][5][]\" value=\"Int\u00e9grateur\" required ><label class=\"wpforms-field-label-inline\" for=\"wpforms-5679-field_5_3\">Int\u00e9grateur<\/label><\/li><\/ul><\/div><div id=\"wpforms-5679-field_13-container\" class=\"wpforms-field wpforms-field-text\" data-field-id=\"13\"><label class=\"wpforms-field-label\" for=\"wpforms-5679-field_13\">Pays <span class=\"wpforms-required-label\">*<\/span><\/label><input type=\"text\" id=\"wpforms-5679-field_13\" class=\"wpforms-field-medium wpforms-field-required\" name=\"wpforms[fields][13]\" required><\/div><div id=\"wpforms-5679-field_0-container\" class=\"wpforms-field wpforms-field-name\" data-field-id=\"0\"><label class=\"wpforms-field-label\">Nom <span class=\"wpforms-required-label\">*<\/span><\/label><div class=\"wpforms-field-row wpforms-field-medium\"><div class=\"wpforms-field-row-block wpforms-first wpforms-one-half\"><input type=\"text\" id=\"wpforms-5679-field_0\" class=\"wpforms-field-name-first wpforms-field-required\" name=\"wpforms[fields][0][first]\" required><label for=\"wpforms-5679-field_0\" class=\"wpforms-field-sublabel after\">Pr\u00e9nom<\/label><\/div><div class=\"wpforms-field-row-block wpforms-one-half\"><input type=\"text\" id=\"wpforms-5679-field_0-last\" class=\"wpforms-field-name-last wpforms-field-required\" name=\"wpforms[fields][0][last]\" required><label for=\"wpforms-5679-field_0-last\" class=\"wpforms-field-sublabel after\">Nom<\/label><\/div><\/div><\/div><div id=\"wpforms-5679-field_9-container\" class=\"wpforms-field wpforms-field-text\" data-field-id=\"9\"><label class=\"wpforms-field-label\" for=\"wpforms-5679-field_9\">Entreprise <span class=\"wpforms-required-label\">*<\/span><\/label><input type=\"text\" id=\"wpforms-5679-field_9\" class=\"wpforms-field-medium wpforms-field-required\" name=\"wpforms[fields][9]\" required><\/div><div id=\"wpforms-5679-field_11-container\" class=\"wpforms-field wpforms-field-text\" data-field-id=\"11\"><label class=\"wpforms-field-label\" for=\"wpforms-5679-field_11\">Pays <span class=\"wpforms-required-label\">*<\/span><\/label><input type=\"text\" id=\"wpforms-5679-field_11\" class=\"wpforms-field-medium wpforms-field-required\" name=\"wpforms[fields][11]\" required><\/div><div id=\"wpforms-5679-field_12-container\" class=\"wpforms-field wpforms-field-text\" data-field-id=\"12\"><label class=\"wpforms-field-label\" for=\"wpforms-5679-field_12\">Site web <span class=\"wpforms-required-label\">*<\/span><\/label><input type=\"text\" id=\"wpforms-5679-field_12\" class=\"wpforms-field-medium wpforms-field-required\" name=\"wpforms[fields][12]\" required><\/div><div id=\"wpforms-5679-field_10-container\" class=\"wpforms-field wpforms-field-text\" data-field-id=\"10\"><label class=\"wpforms-field-label\" for=\"wpforms-5679-field_10\">Fonction <span class=\"wpforms-required-label\">*<\/span><\/label><input type=\"text\" id=\"wpforms-5679-field_10\" class=\"wpforms-field-medium wpforms-field-required\" name=\"wpforms[fields][10]\" required><\/div><div id=\"wpforms-5679-field_7-container\" class=\"wpforms-field wpforms-field-email\" data-field-id=\"7\"><label class=\"wpforms-field-label\" for=\"wpforms-5679-field_7\">Email professionnel <span class=\"wpforms-required-label\">*<\/span><\/label><input type=\"email\" id=\"wpforms-5679-field_7\" class=\"wpforms-field-medium wpforms-field-required\" name=\"wpforms[fields][7]\" spellcheck=\"false\" required><\/div><div id=\"wpforms-5679-field_3-container\" class=\"wpforms-field wpforms-field-text\" data-field-id=\"3\"><label class=\"wpforms-field-label\" for=\"wpforms-5679-field_3\">T\u00e9l\u00e9phone <span class=\"wpforms-required-label\">*<\/span><\/label><input type=\"text\" id=\"wpforms-5679-field_3\" class=\"wpforms-field-medium wpforms-field-required\" name=\"wpforms[fields][3]\" required><\/div><div id=\"wpforms-5679-field_2-container\" class=\"wpforms-field wpforms-field-textarea\" data-field-id=\"2\"><label class=\"wpforms-field-label\" for=\"wpforms-5679-field_2\">Description de l&#039;activit\u00e9  <span class=\"wpforms-required-label\">*<\/span><\/label><textarea id=\"wpforms-5679-field_2\" class=\"wpforms-field-medium wpforms-field-required\" name=\"wpforms[fields][2]\" required><\/textarea><\/div><\/div><!-- .wpforms-field-container --><div class=\"wpforms-field wpforms-field-hp\"><label for=\"wpforms-5679-field-hp\" class=\"wpforms-field-label\">Phone<\/label><input type=\"text\" name=\"wpforms[hp]\" id=\"wpforms-5679-field-hp\" class=\"wpforms-field-medium\"><\/div><div class=\"wpforms-recaptcha-container wpforms-is-recaptcha wpforms-is-recaptcha-type-v3\" ><input type=\"hidden\" name=\"wpforms[recaptcha]\" value=\"\"><\/div><div class=\"wpforms-submit-container\" ><input type=\"hidden\" name=\"wpforms[id]\" value=\"5679\"><input type=\"hidden\" name=\"page_title\" value=\"\"><input type=\"hidden\" name=\"page_url\" value=\"https:\/\/coppelis.com\/fr\/wp-json\/wp\/v2\/pages\/5669\"><input type=\"hidden\" name=\"url_referer\" value=\"\"><button type=\"submit\" name=\"wpforms[submit]\" id=\"wpforms-submit-5679\" class=\"wpforms-submit\" data-alt-text=\"Sending...\" data-submit-text=\"Envoyer\" aria-live=\"assertive\" value=\"wpforms-submit\">Envoyer<\/button><\/div><\/form><\/div>  <!-- .wpforms-container -->[\/et_pb_code][\/et_pb_column][\/et_pb_row][\/et_pb_section][et_pb_section fb_built=\u00a0\u00bb1&Prime; _builder_version=\u00a0\u00bb4.6.5&Prime; _module_preset=\u00a0\u00bbdefault\u00a0\u00bb][\/et_pb_section]\n","protected":false},"excerpt":{"rendered":"<p>Nous aidons nos partenaires \u00e0 accro\u00eetre leur potentiel en leur offrant la possibilit\u00e9 de fournir \u00e0 leurs clients des Solutions Digitales Innovantes. Professionnels de l&rsquo;informatique, conseillers, consultants et agences marketing. Tout le monde est le bienvenu pour rejoindre le programme de partenariat. &nbsp; D\u00e9veloppez votre entreprise, devenez l&rsquo;un de nos partenaires et ouvrez la porte [&hellip;]<\/p>\n","protected":false},"author":1,"featured_media":5676,"parent":0,"menu_order":0,"comment_status":"closed","ping_status":"closed","template":"","meta":{"_et_pb_use_builder":"on","_et_pb_old_content":"","_et_gb_content_width":"","footnotes":""},"class_list":["post-5669","page","type-page","status-publish","has-post-thumbnail","hentry"],"_links":{"self":[{"href":"https:\/\/coppelis.com\/fr\/wp-json\/wp\/v2\/pages\/5669","targetHints":{"allow":["GET"]}}],"collection":[{"href":"https:\/\/coppelis.com\/fr\/wp-json\/wp\/v2\/pages"}],"about":[{"href":"https:\/\/coppelis.com\/fr\/wp-json\/wp\/v2\/types\/page"}],"author":[{"embeddable":true,"href":"https:\/\/coppelis.com\/fr\/wp-json\/wp\/v2\/users\/1"}],"replies":[{"embeddable":true,"href":"https:\/\/coppelis.com\/fr\/wp-json\/wp\/v2\/comments?post=5669"}],"version-history":[{"count":7,"href":"https:\/\/coppelis.com\/fr\/wp-json\/wp\/v2\/pages\/5669\/revisions"}],"predecessor-version":[{"id":5717,"href":"https:\/\/coppelis.com\/fr\/wp-json\/wp\/v2\/pages\/5669\/revisions\/5717"}],"wp:featuredmedia":[{"embeddable":true,"href":"https:\/\/coppelis.com\/fr\/wp-json\/wp\/v2\/media\/5676"}],"wp:attachment":[{"href":"https:\/\/coppelis.com\/fr\/wp-json\/wp\/v2\/media?parent=5669"}],"curies":[{"name":"wp","href":"https:\/\/api.w.org\/{rel}","templated":true}]}}