{"id":5380,"date":"2018-09-14T22:40:43","date_gmt":"2018-09-14T20:40:43","guid":{"rendered":"http:\/\/coppelis.com\/fr\/?page_id=5380"},"modified":"2018-09-14T22:40:43","modified_gmt":"2018-09-14T20:40:43","slug":"essai-gratuit-audittab","status":"publish","type":"page","link":"https:\/\/coppelis.com\/fr\/essai-gratuit-audittab\/","title":{"rendered":"Demande d&rsquo;essai gratuit AuditTab"},"content":{"rendered":"<p>[et_pb_section bb_built=\u00a0\u00bb1&Prime; fullwidth=\u00a0\u00bboff\u00a0\u00bb specialty=\u00a0\u00bboff\u00a0\u00bb next_background_color=\u00a0\u00bb#000000&Prime; _builder_version=\u00a0\u00bb3.0.105&Prime;][et_pb_row _builder_version=\u00a0\u00bb3.0.105&Prime; custom_margin=\u00a0\u00bb||0px|\u00a0\u00bb custom_padding=\u00a0\u00bb||0px|\u00a0\u00bb][et_pb_column type=\u00a0\u00bb4_4&Prime;][et_pb_image _builder_version=\u00a0\u00bb3.0.105&Prime; src=\u00a0\u00bbhttp:\/\/coppelis.com\/fr\/wp-content\/uploads\/sites\/2\/2018\/09\/AuditTab-sans-tagline-1969&#215;605.png\u00a0\u00bb show_in_lightbox=\u00a0\u00bboff\u00a0\u00bb url_new_window=\u00a0\u00bboff\u00a0\u00bb use_overlay=\u00a0\u00bboff\u00a0\u00bb align=\u00a0\u00bbcenter\u00a0\u00bb always_center_on_mobile=\u00a0\u00bbon\u00a0\u00bb force_fullwidth=\u00a0\u00bboff\u00a0\u00bb module_alignment=\u00a0\u00bbcenter\u00a0\u00bb show_bottom_space=\u00a0\u00bboff\u00a0\u00bb custom_margin=\u00a0\u00bb0px||0px|\u00a0\u00bb custom_padding=\u00a0\u00bb0px||0px|\u00a0\u00bb max_width=\u00a0\u00bb50%\u00a0\u00bb \/][et_pb_text _builder_version=\u00a0\u00bb3.0.105&Prime; background_layout=\u00a0\u00bblight\u00a0\u00bb header_text_color=\u00a0\u00bb#06375f\u00a0\u00bb header_font=\u00a0\u00bb|700|||||||\u00a0\u00bb custom_margin=\u00a0\u00bb||0px|\u00a0\u00bb custom_padding=\u00a0\u00bb||0px|\u00a0\u00bb header_text_align=\u00a0\u00bbcenter\u00a0\u00bb header_font_size=\u00a0\u00bb35px\u00a0\u00bb]<\/p>\n<h1>Demandez un devis et commencez votre p\u00e9riode d&rsquo;essai<\/h1>\n<p>[\/et_pb_text][\/et_pb_column][\/et_pb_row][\/et_pb_section][et_pb_section bb_built=\u00a0\u00bb1&Prime; next_background_color=\u00a0\u00bb#000000&Prime; prev_background_color=\u00a0\u00bb#000000&Prime; _builder_version=\u00a0\u00bb3.0.105&Prime; custom_margin=\u00a0\u00bb0px||1%|\u00a0\u00bb custom_padding=\u00a0\u00bb0px||0px|\u00a0\u00bb][et_pb_row _builder_version=\u00a0\u00bb3.0.105&Prime; custom_margin=\u00a0\u00bb0px||0px|\u00a0\u00bb custom_padding=\u00a0\u00bb0px||0px|\u00a0\u00bb][et_pb_column type=\u00a0\u00bb4_4&Prime;][et_pb_text admin_label=\u00a0\u00bbFormulaire Demande essai ActifPlanner\u00a0\u00bb _builder_version=\u00a0\u00bb3.0.105&Prime; background_layout=\u00a0\u00bblight\u00a0\u00bb max_width=\u00a0\u00bb51%\u00a0\u00bb module_alignment=\u00a0\u00bbcenter\u00a0\u00bb custom_margin=\u00a0\u00bb0px||0px|\u00a0\u00bb custom_padding=\u00a0\u00bb0px||0px|\u00a0\u00bb]<\/p>\n<p style=\"text-align: center;\"><\/p>\n<p>[\/et_pb_text][\/et_pb_column][\/et_pb_row][\/et_pb_section][et_pb_section bb_built=\u00a0\u00bb1&Prime; fullwidth=\u00a0\u00bboff\u00a0\u00bb specialty=\u00a0\u00bboff\u00a0\u00bb prev_background_color=\u00a0\u00bb#000000&Prime; next_background_color=\u00a0\u00bb#000000&Prime; _builder_version=\u00a0\u00bb3.0.105&Prime; custom_margin=\u00a0\u00bb5%||2%|\u00a0\u00bb custom_padding=\u00a0\u00bb0px||0px|\u00a0\u00bb][et_pb_row _builder_version=\u00a0\u00bb3.0.105&Prime; custom_margin=\u00a0\u00bb0px||0px|\u00a0\u00bb custom_padding=\u00a0\u00bb0px||0px|\u00a0\u00bb][et_pb_column type=\u00a0\u00bb4_4&Prime;][et_pb_text _builder_version=\u00a0\u00bb3.0.105&Prime; background_layout=\u00a0\u00bblight\u00a0\u00bb header_text_color=\u00a0\u00bb#06375f\u00a0\u00bb header_font=\u00a0\u00bb|700|||||||\u00a0\u00bb custom_margin=\u00a0\u00bb||0px|\u00a0\u00bb custom_padding=\u00a0\u00bb||0px|\u00a0\u00bb header_text_align=\u00a0\u00bbcenter\u00a0\u00bb header_font_size=\u00a0\u00bb35px\u00a0\u00bb text_text_color=\u00a0\u00bb#06375f\u00a0\u00bb text_line_height=\u00a0\u00bb1.8em\u00a0\u00bb text_font_size=\u00a0\u00bb18px\u00a0\u00bb]<\/p>\n<p style=\"text-align: center;\"><strong>Une fois votre demande examin\u00e9e, un expert Coppelis vous contactera pour la configuration.<\/strong><\/p>\n<p style=\"text-align: center;\"><strong>Il vous conseillera tout au long de la p\u00e9riode d&rsquo;essai.<\/strong><\/p>\n<p>[\/et_pb_text][\/et_pb_column][\/et_pb_row][\/et_pb_section][et_pb_section bb_built=\u00a0\u00bb1&Prime; fullwidth=\u00a0\u00bboff\u00a0\u00bb specialty=\u00a0\u00bboff\u00a0\u00bb prev_background_color=\u00a0\u00bb#000000&Prime; _builder_version=\u00a0\u00bb3.0.105&Prime; custom_margin=\u00a0\u00bb0px|||\u00a0\u00bb custom_padding=\u00a0\u00bb0px|||\u00a0\u00bb background_image=\u00a0\u00bbhttp:\/\/coppelis.com\/fr\/wp-content\/uploads\/sites\/2\/2018\/09\/home-fond-bleu-fonce.png\u00a0\u00bb parallax=\u00a0\u00bbon\u00a0\u00bb][et_pb_row][\/et_pb_row][\/et_pb_section]<\/p>\n","protected":false},"excerpt":{"rendered":"<p>Demandez un devis et commencez votre p\u00e9riode d&rsquo;essai  Une fois votre demande examin\u00e9e, un expert Coppelis vous contactera pour la configuration. Il vous conseillera tout au long de la p\u00e9riode d&rsquo;essai. <div class=\"et_pb_row et_pb_row_0 et_pb_equal_columns et_pb_row_empty\">\n\t\t\t\t\n\t\t\t\t\n\t\t\t\t\n\t\t\t\t\n\t\t\t\t\n\t\t\t<\/div><\/p>\n","protected":false},"author":9,"featured_media":0,"parent":0,"menu_order":0,"comment_status":"closed","ping_status":"closed","template":"","meta":{"_et_pb_use_builder":"on","_et_pb_old_content":"","_et_gb_content_width":"","footnotes":""},"class_list":["post-5380","page","type-page","status-publish","hentry"],"_links":{"self":[{"href":"https:\/\/coppelis.com\/fr\/wp-json\/wp\/v2\/pages\/5380","targetHints":{"allow":["GET"]}}],"collection":[{"href":"https:\/\/coppelis.com\/fr\/wp-json\/wp\/v2\/pages"}],"about":[{"href":"https:\/\/coppelis.com\/fr\/wp-json\/wp\/v2\/types\/page"}],"author":[{"embeddable":true,"href":"https:\/\/coppelis.com\/fr\/wp-json\/wp\/v2\/users\/9"}],"replies":[{"embeddable":true,"href":"https:\/\/coppelis.com\/fr\/wp-json\/wp\/v2\/comments?post=5380"}],"version-history":[{"count":2,"href":"https:\/\/coppelis.com\/fr\/wp-json\/wp\/v2\/pages\/5380\/revisions"}],"predecessor-version":[{"id":5467,"href":"https:\/\/coppelis.com\/fr\/wp-json\/wp\/v2\/pages\/5380\/revisions\/5467"}],"wp:attachment":[{"href":"https:\/\/coppelis.com\/fr\/wp-json\/wp\/v2\/media?parent=5380"}],"curies":[{"name":"wp","href":"https:\/\/api.w.org\/{rel}","templated":true}]}}